{"id":22654,"date":"2025-07-15T01:36:54","date_gmt":"2025-07-14T17:36:54","guid":{"rendered":"https:\/\/yeezy.xianzhi.org\/?post_type=product&#038;p=22654"},"modified":"2025-07-15T01:38:42","modified_gmt":"2025-07-14T17:38:42","slug":"adidas-yeezy-500-high-mist-slate","status":"publish","type":"product","link":"https:\/\/yeezy.xianzhi.org\/?product=adidas-yeezy-500-high-mist-slate","title":{"rendered":"Adidas Yeezy 500 High Mist Slate"},"content":{"rendered":"<p><b data-mce-fragment=\"1\" data-stringify-type=\"bold\"><\/b><span data-mce-fragment=\"1\">La <strong>Yeezy 500 High<\/strong> fait son retour ! Plus d&#8217;un an apr\u00e8s l&#8217;\u00e9dition . Adidas et le rappeur de Chicago d\u00e9voile un nouveau coloris pour la version High des .<\/span><\/p>\n<p><span data-mce-fragment=\"1\">La <strong>Adidas Yeezy 500 High Mist Slate<\/strong> pr\u00e9sente une empeigne grise m\u00ealant tissu <strong>n\u00e9opr\u00e8ne et daim<\/strong>. La silhouette <strong>chunky<\/strong> arbore \u00e9galement une semelle en caoutchouc fonc\u00e9. offrant un l\u00e9ger contraste avec l&#8217;ensemble. On note \u00e9galement la pr\u00e9sence d&#8217;\u00e9l\u00e9ments <strong>r\u00e9fl\u00e9chissants<\/strong> sur la semelle.<\/span><\/p>\n<p><span data-mce-fragment=\"1\">Dans une palette de couleur similaire \u00e0 la . cette nouvelle \u00e9dition tombe \u00e0 pic pour l&#8217;hiver et confirme l&#8217;attrait du duo pour la dad shoe !<\/span><\/p>\n<p><strong>SKU<\/strong> : TBD<br \/><strong>Date de sortie<\/strong> : F\u00e9vrier 2021<br \/><strong>Colorway<\/strong> : MIST SLATE\/MIST SLATE\/MIST SLATE<\/p>\n","protected":false},"excerpt":{"rendered":"<p>La Yeezy 500 High fait son retour ! Plus d&#8217;un an  [&hellip;]<\/p>\n","protected":false},"featured_media":22655,"template":"","meta":[],"product_brand":[],"product_cat":[176,61],"product_tag":[],"class_list":{"0":"post-22654","1":"product","2":"type-product","3":"status-publish","4":"has-post-thumbnail","6":"product_cat-sneakers","7":"product_cat-yeezy-500","9":"first","10":"instock","11":"sale","12":"shipping-taxable","13":"purchasable","14":"product-type-variable"},"_links":{"self":[{"href":"https:\/\/yeezy.xianzhi.org\/index.php?rest_route=\/wp\/v2\/product\/22654","targetHints":{"allow":["GET"]}}],"collection":[{"href":"https:\/\/yeezy.xianzhi.org\/index.php?rest_route=\/wp\/v2\/product"}],"about":[{"href":"https:\/\/yeezy.xianzhi.org\/index.php?rest_route=\/wp\/v2\/types\/product"}],"wp:featuredmedia":[{"embeddable":true,"href":"https:\/\/yeezy.xianzhi.org\/index.php?rest_route=\/wp\/v2\/media\/22655"}],"wp:attachment":[{"href":"https:\/\/yeezy.xianzhi.org\/index.php?rest_route=%2Fwp%2Fv2%2Fmedia&parent=22654"}],"wp:term":[{"taxonomy":"product_brand","embeddable":true,"href":"https:\/\/yeezy.xianzhi.org\/index.php?rest_route=%2Fwp%2Fv2%2Fproduct_brand&post=22654"},{"taxonomy":"product_cat","embeddable":true,"href":"https:\/\/yeezy.xianzhi.org\/index.php?rest_route=%2Fwp%2Fv2%2Fproduct_cat&post=22654"},{"taxonomy":"product_tag","embeddable":true,"href":"https:\/\/yeezy.xianzhi.org\/index.php?rest_route=%2Fwp%2Fv2%2Fproduct_tag&post=22654"}],"curies":[{"name":"wp","href":"https:\/\/api.w.org\/{rel}","templated":true}]}}