{"id":22643,"date":"2025-07-15T01:36:44","date_gmt":"2025-07-14T17:36:44","guid":{"rendered":"https:\/\/yeezy.xianzhi.org\/?post_type=product&#038;p=22643"},"modified":"2025-07-15T01:38:42","modified_gmt":"2025-07-14T17:38:42","slug":"adidas-yeezy-500-stone","status":"publish","type":"product","link":"https:\/\/yeezy.xianzhi.org\/?product=adidas-yeezy-500-stone","title":{"rendered":"Adidas Yeezy 500 Stone"},"content":{"rendered":"<p><meta charset=\"utf-8\">Apr\u00e8s le succ\u00e8s des derni\u00e8res it\u00e9rations de la . Kanye West sort une toute nouvelle version du mod\u00e8le dans un coloris beige monochrome.<\/p>\n<p>La <strong>Yeezy 500 Stone<\/strong> conserve le design chunky des versions pr\u00e9c\u00e9dentes tout en incorporant une mati\u00e8re in\u00e9dite au mod\u00e8le. Les empi\u00e8cements en mesh vus sur les pr\u00e9c\u00e9dentes Yeezy 500 sont remplac\u00e9s par des empi\u00e8cements en <strong>n\u00e9opr\u00e8ne<\/strong>. On retrouve des empi\u00e8cements en suede et en cuir sur le upper. ainsi qu&#8217;une gumsole et une midsole dot\u00e9e de la technologie <strong>adiPRENE<\/strong> qui vient finaliser le design.<\/p>\n<p>Cette nouvelle version de la populaire \u00ab <strong>Dad Shoe<\/strong> \u00bb apporte une certaine originalit\u00e9 qui ne manquera pas d&#8217;attirer l&#8217;attention des amateurs de sneakers !<\/p>\n<p><strong>SKU<\/strong> : FW4839 <br \/><strong>Date de sortie<\/strong> : Novembre 2019 <br \/><strong>Colorway<\/strong> : STONE\/STONE\/STONE<\/p>\n","protected":false},"excerpt":{"rendered":"<p>Apr\u00e8s le succ\u00e8s des derni\u00e8res it\u00e9rations de la . Kanye  [&hellip;]<\/p>\n","protected":false},"featured_media":22649,"template":"","meta":[],"product_brand":[],"product_cat":[176,61],"product_tag":[],"class_list":{"0":"post-22643","1":"product","2":"type-product","3":"status-publish","4":"has-post-thumbnail","6":"product_cat-sneakers","7":"product_cat-yeezy-500","9":"first","10":"instock","11":"sale","12":"shipping-taxable","13":"purchasable","14":"product-type-variable"},"_links":{"self":[{"href":"https:\/\/yeezy.xianzhi.org\/index.php?rest_route=\/wp\/v2\/product\/22643","targetHints":{"allow":["GET"]}}],"collection":[{"href":"https:\/\/yeezy.xianzhi.org\/index.php?rest_route=\/wp\/v2\/product"}],"about":[{"href":"https:\/\/yeezy.xianzhi.org\/index.php?rest_route=\/wp\/v2\/types\/product"}],"wp:featuredmedia":[{"embeddable":true,"href":"https:\/\/yeezy.xianzhi.org\/index.php?rest_route=\/wp\/v2\/media\/22649"}],"wp:attachment":[{"href":"https:\/\/yeezy.xianzhi.org\/index.php?rest_route=%2Fwp%2Fv2%2Fmedia&parent=22643"}],"wp:term":[{"taxonomy":"product_brand","embeddable":true,"href":"https:\/\/yeezy.xianzhi.org\/index.php?rest_route=%2Fwp%2Fv2%2Fproduct_brand&post=22643"},{"taxonomy":"product_cat","embeddable":true,"href":"https:\/\/yeezy.xianzhi.org\/index.php?rest_route=%2Fwp%2Fv2%2Fproduct_cat&post=22643"},{"taxonomy":"product_tag","embeddable":true,"href":"https:\/\/yeezy.xianzhi.org\/index.php?rest_route=%2Fwp%2Fv2%2Fproduct_tag&post=22643"}],"curies":[{"name":"wp","href":"https:\/\/api.w.org\/{rel}","templated":true}]}}