{"id":22642,"date":"2025-07-15T01:36:44","date_gmt":"2025-07-14T17:36:44","guid":{"rendered":"https:\/\/yeezy.xianzhi.org\/?post_type=product&#038;p=22642"},"modified":"2025-07-15T01:38:42","modified_gmt":"2025-07-14T17:38:42","slug":"adidas-yeezy-500-soft-vision","status":"publish","type":"product","link":"https:\/\/yeezy.xianzhi.org\/?product=adidas-yeezy-500-soft-vision","title":{"rendered":"Adidas Yeezy 500 Soft Vision"},"content":{"rendered":"<p>Apr\u00e8s la  sortie cet \u00e9t\u00e9. Kanye West et Adidas font leur grand retour cet automne et sortent une nouvelle d\u00e9clinaison de la Yeezy 500.<\/p>\n<p>\u00c0 l&#8217;image des pr\u00e9c\u00e9dentes versions. la <strong>Yeezy 500 Soft Vision<\/strong> adopte une nouvelle fois un colorway monochrome. Les empi\u00e8cements en mesh. en daim et en cuir se parent d&#8217;un coloris rose pastel. Seuls la semelle dot\u00e9e de la technologie adiPrene. d&#8217;un rose l\u00e9g\u00e8rement plus clair ainsi que l&#8217;outsole en gumsole viennent contraster avec la silhouette.<\/p>\n<p>On retrouve \u00e0 nouveau l&#8217;architecture \u00ab dad shoe \u00bb tant pl\u00e9biscit\u00e9e de cette silhouette. pour le plus grand plaisir des sneakers addicts !<\/p>\n<p><strong>SKU<\/strong> : <span>FW2656<\/span><br \/><strong>Date de sortie<\/strong> : Novembre 2019 <br \/><strong>Colorway<\/strong> : SOFT VISION\/SOFT VISION\/SOFT VISION<\/p>\n","protected":false},"excerpt":{"rendered":"<p>Apr\u00e8s la sortie cet \u00e9t\u00e9. Kanye West et Adidas font leur [&hellip;]<\/p>\n","protected":false},"featured_media":22644,"template":"","meta":[],"product_brand":[],"product_cat":[176,61],"product_tag":[],"class_list":{"0":"post-22642","1":"product","2":"type-product","3":"status-publish","4":"has-post-thumbnail","6":"product_cat-sneakers","7":"product_cat-yeezy-500","9":"first","10":"instock","11":"sale","12":"shipping-taxable","13":"purchasable","14":"product-type-variable"},"_links":{"self":[{"href":"https:\/\/yeezy.xianzhi.org\/index.php?rest_route=\/wp\/v2\/product\/22642","targetHints":{"allow":["GET"]}}],"collection":[{"href":"https:\/\/yeezy.xianzhi.org\/index.php?rest_route=\/wp\/v2\/product"}],"about":[{"href":"https:\/\/yeezy.xianzhi.org\/index.php?rest_route=\/wp\/v2\/types\/product"}],"wp:featuredmedia":[{"embeddable":true,"href":"https:\/\/yeezy.xianzhi.org\/index.php?rest_route=\/wp\/v2\/media\/22644"}],"wp:attachment":[{"href":"https:\/\/yeezy.xianzhi.org\/index.php?rest_route=%2Fwp%2Fv2%2Fmedia&parent=22642"}],"wp:term":[{"taxonomy":"product_brand","embeddable":true,"href":"https:\/\/yeezy.xianzhi.org\/index.php?rest_route=%2Fwp%2Fv2%2Fproduct_brand&post=22642"},{"taxonomy":"product_cat","embeddable":true,"href":"https:\/\/yeezy.xianzhi.org\/index.php?rest_route=%2Fwp%2Fv2%2Fproduct_cat&post=22642"},{"taxonomy":"product_tag","embeddable":true,"href":"https:\/\/yeezy.xianzhi.org\/index.php?rest_route=%2Fwp%2Fv2%2Fproduct_tag&post=22642"}],"curies":[{"name":"wp","href":"https:\/\/api.w.org\/{rel}","templated":true}]}}