{"id":22635,"date":"2025-07-15T01:36:37","date_gmt":"2025-07-14T17:36:37","guid":{"rendered":"https:\/\/yeezy.xianzhi.org\/?post_type=product&#038;p=22635"},"modified":"2025-07-15T01:38:43","modified_gmt":"2025-07-14T17:38:43","slug":"adidas-yeezy-500-stone-salt","status":"publish","type":"product","link":"https:\/\/yeezy.xianzhi.org\/?product=adidas-yeezy-500-stone-salt","title":{"rendered":"Adidas Yeezy 500 Stone Salt"},"content":{"rendered":"<p data-mce-fragment=\"1\">Avec son design avant-gardiste. la  est de retour dans une nouvelle d\u00e9clinaison \u00e9pur\u00e9e alors que <strong>Kanye West<\/strong> ne travaille plus avec .<\/p>\n<p data-mce-fragment=\"1\">Cette <strong>Adidas Yeezy 500 Stone Salt<\/strong> incarne pr\u00e9sente une construction en couches superpos\u00e9es. m\u00e9langeant <strong>maille respirante<\/strong> et <strong>cuir<\/strong> de qualit\u00e9. offre une esth\u00e9tique complexe et une durabilit\u00e9 accrue. La palette de couleurs grise ajoute une touche subtile et versatile. facile \u00e0 assortir. Dot\u00e9e de la technologie <strong>adiPRENE+<\/strong> pour un amorti sup\u00e9rieur. cette sneaker assure une marche confortable tout au long de la journ\u00e9e.\u00a0<\/p>\n<p data-mce-fragment=\"1\"><strong>SKU<\/strong> : IE4783<br \/><strong>Date de sortie<\/strong> : Mars 2024<\/p>\n","protected":false},"excerpt":{"rendered":"<p>Avec son design avant-gardiste. la est de retour dans u [&hellip;]<\/p>\n","protected":false},"featured_media":22637,"template":"","meta":[],"product_brand":[],"product_cat":[176,61],"product_tag":[],"class_list":{"0":"post-22635","1":"product","2":"type-product","3":"status-publish","4":"has-post-thumbnail","6":"product_cat-sneakers","7":"product_cat-yeezy-500","9":"first","10":"instock","11":"sale","12":"shipping-taxable","13":"purchasable","14":"product-type-variable"},"_links":{"self":[{"href":"https:\/\/yeezy.xianzhi.org\/index.php?rest_route=\/wp\/v2\/product\/22635","targetHints":{"allow":["GET"]}}],"collection":[{"href":"https:\/\/yeezy.xianzhi.org\/index.php?rest_route=\/wp\/v2\/product"}],"about":[{"href":"https:\/\/yeezy.xianzhi.org\/index.php?rest_route=\/wp\/v2\/types\/product"}],"wp:featuredmedia":[{"embeddable":true,"href":"https:\/\/yeezy.xianzhi.org\/index.php?rest_route=\/wp\/v2\/media\/22637"}],"wp:attachment":[{"href":"https:\/\/yeezy.xianzhi.org\/index.php?rest_route=%2Fwp%2Fv2%2Fmedia&parent=22635"}],"wp:term":[{"taxonomy":"product_brand","embeddable":true,"href":"https:\/\/yeezy.xianzhi.org\/index.php?rest_route=%2Fwp%2Fv2%2Fproduct_brand&post=22635"},{"taxonomy":"product_cat","embeddable":true,"href":"https:\/\/yeezy.xianzhi.org\/index.php?rest_route=%2Fwp%2Fv2%2Fproduct_cat&post=22635"},{"taxonomy":"product_tag","embeddable":true,"href":"https:\/\/yeezy.xianzhi.org\/index.php?rest_route=%2Fwp%2Fv2%2Fproduct_tag&post=22635"}],"curies":[{"name":"wp","href":"https:\/\/api.w.org\/{rel}","templated":true}]}}