{"id":22632,"date":"2025-07-15T01:36:34","date_gmt":"2025-07-14T17:36:34","guid":{"rendered":"https:\/\/yeezy.xianzhi.org\/?post_type=product&#038;p=22632"},"modified":"2025-07-15T01:38:43","modified_gmt":"2025-07-14T17:38:43","slug":"adidas-yeezy-500-stone-taupe","status":"publish","type":"product","link":"https:\/\/yeezy.xianzhi.org\/?product=adidas-yeezy-500-stone-taupe","title":{"rendered":"Adidas Yeezy 500 Stone Taupe"},"content":{"rendered":"<p data-mce-fragment=\"1\">La  se r\u00e9invente dans une version \u00e9pur\u00e9e. perp\u00e9tuant son h\u00e9ritage avant-gardiste malgr\u00e9 la fin du partenariat avec <strong>Kanye West<\/strong>.<\/p>\n<p data-mce-fragment=\"1\">Cette <strong>Adidas Yeezy 500<\/strong> <strong>Stone Taupe<\/strong> d\u00e9voile une silhouette en multicouches. alliant avec finesse\u00a0<strong>mesh<\/strong> pour la respirabilit\u00e9 ainsi que\u00a0<strong>cuir et su\u00e8de<\/strong> pour la r\u00e9sistance. Ses nuances de <strong>beige<\/strong> insufflent une vibe subtile et modulable. s&#8217;harmonisant sans effort avec diff\u00e9rentes tenues. Gr\u00e2ce \u00e0 l&#8217;amorti avanc\u00e9 de la technologie <strong>adiPRENE+<\/strong>. elle garantit un confort soutenu \u00e0 chaque pas.<\/p>\n<p data-mce-fragment=\"1\"><strong>SKU<\/strong><span> : ID1600<\/span><br \/><strong>Date de sortie<\/strong><span>\u00a0: Mars 2024<\/span><\/p>\n","protected":false},"excerpt":{"rendered":"<p>La se r\u00e9invente dans une version \u00e9pur\u00e9e. perp\u00e9tuant son [&hellip;]<\/p>\n","protected":false},"featured_media":22633,"template":"","meta":[],"product_brand":[],"product_cat":[176,61],"product_tag":[],"class_list":{"0":"post-22632","1":"product","2":"type-product","3":"status-publish","4":"has-post-thumbnail","6":"product_cat-sneakers","7":"product_cat-yeezy-500","9":"first","10":"instock","11":"sale","12":"shipping-taxable","13":"purchasable","14":"product-type-variable"},"_links":{"self":[{"href":"https:\/\/yeezy.xianzhi.org\/index.php?rest_route=\/wp\/v2\/product\/22632","targetHints":{"allow":["GET"]}}],"collection":[{"href":"https:\/\/yeezy.xianzhi.org\/index.php?rest_route=\/wp\/v2\/product"}],"about":[{"href":"https:\/\/yeezy.xianzhi.org\/index.php?rest_route=\/wp\/v2\/types\/product"}],"wp:featuredmedia":[{"embeddable":true,"href":"https:\/\/yeezy.xianzhi.org\/index.php?rest_route=\/wp\/v2\/media\/22633"}],"wp:attachment":[{"href":"https:\/\/yeezy.xianzhi.org\/index.php?rest_route=%2Fwp%2Fv2%2Fmedia&parent=22632"}],"wp:term":[{"taxonomy":"product_brand","embeddable":true,"href":"https:\/\/yeezy.xianzhi.org\/index.php?rest_route=%2Fwp%2Fv2%2Fproduct_brand&post=22632"},{"taxonomy":"product_cat","embeddable":true,"href":"https:\/\/yeezy.xianzhi.org\/index.php?rest_route=%2Fwp%2Fv2%2Fproduct_cat&post=22632"},{"taxonomy":"product_tag","embeddable":true,"href":"https:\/\/yeezy.xianzhi.org\/index.php?rest_route=%2Fwp%2Fv2%2Fproduct_tag&post=22632"}],"curies":[{"name":"wp","href":"https:\/\/api.w.org\/{rel}","templated":true}]}}