{"id":22613,"date":"2025-07-15T01:36:18","date_gmt":"2025-07-14T17:36:18","guid":{"rendered":"https:\/\/yeezy.xianzhi.org\/?post_type=product&#038;p=22613"},"modified":"2025-07-15T01:38:43","modified_gmt":"2025-07-14T17:38:43","slug":"adidas-yeezy-500-bone-white","status":"publish","type":"product","link":"https:\/\/yeezy.xianzhi.org\/?product=adidas-yeezy-500-bone-white","title":{"rendered":"Adidas Yeezy 500 Bone White"},"content":{"rendered":"<p><meta charset=\"utf-8\">Pour l&#8217;\u00e9t\u00e9. Adidas et Kanye West donnent \u00e0 la silhouette de la Yeezy 500 une d\u00e9clinaison in\u00e9dite. Apr\u00e8s le coloris Salt. Yeezy redonne \u00e0 son mod\u00e8le populaire un look monochrome nomm\u00e9 Bone White. Cette \u00e9dition. comme les pr\u00e9c\u00e9dentes. est pr\u00e9vue dans des versions adultes et enfants.<\/p>\n<p>Conservant son design chunky. la <strong>Yeezy 500 Bone White<\/strong> se pare d&#8217;une base blanche \u00e9crue. Des empi\u00e8cements en su\u00e8de. en mesh et en cuir viennent fa\u00e7onner son empeigne. Diff\u00e9rente de la technologie Boost utilis\u00e9e pour les  notamment. la semelle se compose ici d&#8217;Adiprene. D\u00e9tail marquant sur la paire. l&#8217;outsole adopte des tons cr\u00e8me venant contraster l\u00e9g\u00e8rement avec le visuel global du mod\u00e8le.<\/p>\n<p>Kanye West signe une nouvelle Yeezy pour un \u00e9t\u00e9 plac\u00e9 sous le signe de la sneaker. Toujours pour le plus grand plaisir des sneakers addicts !<\/p>\n<p><strong>SKU :<\/strong> FV3573<br \/><strong>Date de sortie :<\/strong> Ao\u00fbt 2019<br \/><strong>Colorway :<\/strong> BONE WHITE\/BONE WHITE\/BONE WHITE<\/p>\n","protected":false},"excerpt":{"rendered":"<p>Pour l&#8217;\u00e9t\u00e9. Adidas et Kanye West donnent \u00e0 la sil [&hellip;]<\/p>\n","protected":false},"featured_media":22615,"template":"","meta":[],"product_brand":[],"product_cat":[176,61],"product_tag":[],"class_list":{"0":"post-22613","1":"product","2":"type-product","3":"status-publish","4":"has-post-thumbnail","6":"product_cat-sneakers","7":"product_cat-yeezy-500","9":"first","10":"instock","11":"sale","12":"shipping-taxable","13":"purchasable","14":"product-type-variable"},"_links":{"self":[{"href":"https:\/\/yeezy.xianzhi.org\/index.php?rest_route=\/wp\/v2\/product\/22613","targetHints":{"allow":["GET"]}}],"collection":[{"href":"https:\/\/yeezy.xianzhi.org\/index.php?rest_route=\/wp\/v2\/product"}],"about":[{"href":"https:\/\/yeezy.xianzhi.org\/index.php?rest_route=\/wp\/v2\/types\/product"}],"wp:featuredmedia":[{"embeddable":true,"href":"https:\/\/yeezy.xianzhi.org\/index.php?rest_route=\/wp\/v2\/media\/22615"}],"wp:attachment":[{"href":"https:\/\/yeezy.xianzhi.org\/index.php?rest_route=%2Fwp%2Fv2%2Fmedia&parent=22613"}],"wp:term":[{"taxonomy":"product_brand","embeddable":true,"href":"https:\/\/yeezy.xianzhi.org\/index.php?rest_route=%2Fwp%2Fv2%2Fproduct_brand&post=22613"},{"taxonomy":"product_cat","embeddable":true,"href":"https:\/\/yeezy.xianzhi.org\/index.php?rest_route=%2Fwp%2Fv2%2Fproduct_cat&post=22613"},{"taxonomy":"product_tag","embeddable":true,"href":"https:\/\/yeezy.xianzhi.org\/index.php?rest_route=%2Fwp%2Fv2%2Fproduct_tag&post=22613"}],"curies":[{"name":"wp","href":"https:\/\/api.w.org\/{rel}","templated":true}]}}