{"id":22610,"date":"2025-07-15T01:34:11","date_gmt":"2025-07-14T17:34:11","guid":{"rendered":"https:\/\/yeezy.xianzhi.org\/?post_type=product&#038;p=22610"},"modified":"2025-07-15T01:35:48","modified_gmt":"2025-07-14T17:35:48","slug":"adidas-yeezy-350-v2-cmpct-slate-carbon-2","status":"publish","type":"product","link":"https:\/\/yeezy.xianzhi.org\/?product=adidas-yeezy-350-v2-cmpct-slate-carbon-2","title":{"rendered":"Adidas Yeezy 350 V2 Cmpct Slate Carbon"},"content":{"rendered":"<p>Kanye West et ses \u00e9quipes cr\u00e9atives nous d\u00e9voilent une nouvelle it\u00e9ration CMPCT de la  aux tons sombres.\u00a0<\/p>\n<p>La <strong>Adidas Yeezy 350 V2 CMPCT Slate Carbon<\/strong> arbore une base en Primeknit noir aux d\u00e9tails brod\u00e9s beiges. Son col resserr\u00e9 vient offrir un maintien optimal \u00e0 la cheville. Une semelle monochrome dot\u00e9e de la technologie BOOST finalise le design avant-gardiste.<\/p>\n<p>Apr\u00e8s l&#8217;\u00e9dition . le label  retourne dans sa zone de confort avec des coloris discrets et minimalistes !<\/p>\n<p><strong>SKU<\/strong> :\u00a0<meta charset=\"utf-8\"><span data-mce-fragment=\"1\">HQ6319<\/span><br \/><strong>Date de sortie<\/strong> : Juin 2022<br \/><strong>Colorway<\/strong> :\u00a0<meta charset=\"utf-8\"><span data-mce-fragment=\"1\">SLACAR\/SLACAR\/SLACAR<\/span><\/p>\n","protected":false},"excerpt":{"rendered":"<p>Kanye West et ses \u00e9quipes cr\u00e9atives nous d\u00e9voilent une  [&hellip;]<\/p>\n","protected":false},"featured_media":22536,"template":"","meta":[],"product_brand":[],"product_cat":[176,72],"product_tag":[],"class_list":{"0":"post-22610","1":"product","2":"type-product","3":"status-publish","4":"has-post-thumbnail","6":"product_cat-sneakers","7":"product_cat-yeezy-450","9":"first","10":"instock","11":"sale","12":"shipping-taxable","13":"purchasable","14":"product-type-variable"},"_links":{"self":[{"href":"https:\/\/yeezy.xianzhi.org\/index.php?rest_route=\/wp\/v2\/product\/22610","targetHints":{"allow":["GET"]}}],"collection":[{"href":"https:\/\/yeezy.xianzhi.org\/index.php?rest_route=\/wp\/v2\/product"}],"about":[{"href":"https:\/\/yeezy.xianzhi.org\/index.php?rest_route=\/wp\/v2\/types\/product"}],"wp:featuredmedia":[{"embeddable":true,"href":"https:\/\/yeezy.xianzhi.org\/index.php?rest_route=\/wp\/v2\/media\/22536"}],"wp:attachment":[{"href":"https:\/\/yeezy.xianzhi.org\/index.php?rest_route=%2Fwp%2Fv2%2Fmedia&parent=22610"}],"wp:term":[{"taxonomy":"product_brand","embeddable":true,"href":"https:\/\/yeezy.xianzhi.org\/index.php?rest_route=%2Fwp%2Fv2%2Fproduct_brand&post=22610"},{"taxonomy":"product_cat","embeddable":true,"href":"https:\/\/yeezy.xianzhi.org\/index.php?rest_route=%2Fwp%2Fv2%2Fproduct_cat&post=22610"},{"taxonomy":"product_tag","embeddable":true,"href":"https:\/\/yeezy.xianzhi.org\/index.php?rest_route=%2Fwp%2Fv2%2Fproduct_tag&post=22610"}],"curies":[{"name":"wp","href":"https:\/\/api.w.org\/{rel}","templated":true}]}}