{"id":22608,"date":"2025-07-15T01:34:09","date_gmt":"2025-07-14T17:34:09","guid":{"rendered":"https:\/\/yeezy.xianzhi.org\/?post_type=product&#038;p=22608"},"modified":"2025-07-15T01:35:48","modified_gmt":"2025-07-14T17:35:48","slug":"adidas-yeezy-350-v2-cmpct-slate-red-2","status":"publish","type":"product","link":"https:\/\/yeezy.xianzhi.org\/?product=adidas-yeezy-350-v2-cmpct-slate-red-2","title":{"rendered":"Adidas Yeezy 350 V2 Cmpct Slate Red"},"content":{"rendered":"<p>Si l&#8217;inspiration officielle est tir\u00e9e des roses offertes \u00e0 l&#8217;occasion de la <strong>Saint-Valentin<\/strong>. on ne peut s&#8217;emp\u00eacher de penser \u00e0 la l\u00e9gendaire <strong>Nike Air Yeezy 2 Red October<\/strong> sortie en 2014 comme influence principale ! <\/p>\n<p>La <strong>Adidas Yeezy 350 V2 CMPCT Slate Red <\/strong>d\u00e9voile un upper en <strong>Primeknit rouge vif<\/strong> et aux d\u00e9tails marrons qui s&#8217;incorporent sur les broderies. Le col de la silhouette reprend l&#8217;aspect resserr\u00e9 de la   et dispose de lacets Infinity qui se resserrent \u00e0 la mani\u00e8re d&#8217;une sangle. L&#8217;ensemble de la structure repose sur une semelle rouge translucide \u00e0 la technologie <strong>BOOST<\/strong> pour confort optimal. <\/p>\n<p>\u00c0 l&#8217;instar de . cette nouvelle  rend hommage aux archives de Kanye West et ses anciens mod\u00e8les embl\u00e9matiques. <\/p>\n<p><strong>SKU<\/strong> : <meta charset=\"utf-8\"><span data-mce-fragment=\"1\">GW6945<\/span><br \/><strong>Date de sortie<\/strong> : F\u00e9vrier 2022<br \/><strong>Colorway<\/strong> : SLATE RED\/SLATE RED\/SLATE RED<\/p>\n","protected":false},"excerpt":{"rendered":"<p>Si l&#8217;inspiration officielle est tir\u00e9e des roses o [&hellip;]<\/p>\n","protected":false},"featured_media":22527,"template":"","meta":[],"product_brand":[],"product_cat":[176,72],"product_tag":[],"class_list":{"0":"post-22608","1":"product","2":"type-product","3":"status-publish","4":"has-post-thumbnail","6":"product_cat-sneakers","7":"product_cat-yeezy-450","9":"first","10":"instock","11":"sale","12":"shipping-taxable","13":"purchasable","14":"product-type-variable"},"_links":{"self":[{"href":"https:\/\/yeezy.xianzhi.org\/index.php?rest_route=\/wp\/v2\/product\/22608","targetHints":{"allow":["GET"]}}],"collection":[{"href":"https:\/\/yeezy.xianzhi.org\/index.php?rest_route=\/wp\/v2\/product"}],"about":[{"href":"https:\/\/yeezy.xianzhi.org\/index.php?rest_route=\/wp\/v2\/types\/product"}],"wp:featuredmedia":[{"embeddable":true,"href":"https:\/\/yeezy.xianzhi.org\/index.php?rest_route=\/wp\/v2\/media\/22527"}],"wp:attachment":[{"href":"https:\/\/yeezy.xianzhi.org\/index.php?rest_route=%2Fwp%2Fv2%2Fmedia&parent=22608"}],"wp:term":[{"taxonomy":"product_brand","embeddable":true,"href":"https:\/\/yeezy.xianzhi.org\/index.php?rest_route=%2Fwp%2Fv2%2Fproduct_brand&post=22608"},{"taxonomy":"product_cat","embeddable":true,"href":"https:\/\/yeezy.xianzhi.org\/index.php?rest_route=%2Fwp%2Fv2%2Fproduct_cat&post=22608"},{"taxonomy":"product_tag","embeddable":true,"href":"https:\/\/yeezy.xianzhi.org\/index.php?rest_route=%2Fwp%2Fv2%2Fproduct_tag&post=22608"}],"curies":[{"name":"wp","href":"https:\/\/api.w.org\/{rel}","templated":true}]}}