{"id":22600,"date":"2025-07-15T01:34:03","date_gmt":"2025-07-14T17:34:03","guid":{"rendered":"https:\/\/yeezy.xianzhi.org\/?post_type=product&#038;p=22600"},"modified":"2025-07-15T01:35:49","modified_gmt":"2025-07-14T17:35:49","slug":"adidas-yeezy-350-boost-v2-cream-triple-white-2","status":"publish","type":"product","link":"https:\/\/yeezy.xianzhi.org\/?product=adidas-yeezy-350-boost-v2-cream-triple-white-2","title":{"rendered":"Adidas Yeezy 350 Boost V2 Cream Triple White"},"content":{"rendered":"<p><strong><\/strong><meta charset=\"utf-8\"><b data-stringify-type=\"bold\" data-mce-fragment=\"1\"><\/b>Apr\u00e8s avoir d\u00e9but\u00e9 l&#8217;ann\u00e9e 2017 en frappant fort avec la Yeezy Zebra et la Yeezy Black Red. Adidas et Kanye West poursuivent leur lanc\u00e9e. Sortie au mois d&#8217;avril pour la premi\u00e8re. la <strong>Yeezy 350 Boost V2 Triple White<\/strong> est de retour en 2018 ! Un must have pour tout passionn\u00e9 de sneakers.<\/p>\n<p>Son upper blanc uni et sa semelle blanche semi translucide donnent un style sobre et \u00e9pur\u00e9. Contrairement \u00e0 un grand nombre de . l&#8217;inscription SPLY-350 et les surpiqures de couleurs ne sont pas pr\u00e9sentes sur ce coloris. Il est ind\u00e9niable que vous retrouverez cette silhouette aux pieds des passionn\u00e9s de sneakers dans les mois qui viennent.<\/p>\n<p><strong>SKU :<\/strong> CP9366<br \/><strong>Date de sortie :<\/strong> Avril 2017<br \/><strong>Colorway :<\/strong> CREAM WHITE\/CREAM WHITE<\/p>\n","protected":false},"excerpt":{"rendered":"<p>Apr\u00e8s avoir d\u00e9but\u00e9 l&#8217;ann\u00e9e 2017 en frappant fort  [&hellip;]<\/p>\n","protected":false},"featured_media":22494,"template":"","meta":[],"product_brand":[],"product_cat":[176,72],"product_tag":[],"class_list":{"0":"post-22600","1":"product","2":"type-product","3":"status-publish","4":"has-post-thumbnail","6":"product_cat-sneakers","7":"product_cat-yeezy-450","9":"first","10":"instock","11":"sale","12":"shipping-taxable","13":"purchasable","14":"product-type-variable"},"_links":{"self":[{"href":"https:\/\/yeezy.xianzhi.org\/index.php?rest_route=\/wp\/v2\/product\/22600","targetHints":{"allow":["GET"]}}],"collection":[{"href":"https:\/\/yeezy.xianzhi.org\/index.php?rest_route=\/wp\/v2\/product"}],"about":[{"href":"https:\/\/yeezy.xianzhi.org\/index.php?rest_route=\/wp\/v2\/types\/product"}],"wp:featuredmedia":[{"embeddable":true,"href":"https:\/\/yeezy.xianzhi.org\/index.php?rest_route=\/wp\/v2\/media\/22494"}],"wp:attachment":[{"href":"https:\/\/yeezy.xianzhi.org\/index.php?rest_route=%2Fwp%2Fv2%2Fmedia&parent=22600"}],"wp:term":[{"taxonomy":"product_brand","embeddable":true,"href":"https:\/\/yeezy.xianzhi.org\/index.php?rest_route=%2Fwp%2Fv2%2Fproduct_brand&post=22600"},{"taxonomy":"product_cat","embeddable":true,"href":"https:\/\/yeezy.xianzhi.org\/index.php?rest_route=%2Fwp%2Fv2%2Fproduct_cat&post=22600"},{"taxonomy":"product_tag","embeddable":true,"href":"https:\/\/yeezy.xianzhi.org\/index.php?rest_route=%2Fwp%2Fv2%2Fproduct_tag&post=22600"}],"curies":[{"name":"wp","href":"https:\/\/api.w.org\/{rel}","templated":true}]}}