{"id":22595,"date":"2025-07-15T01:33:58","date_gmt":"2025-07-14T17:33:58","guid":{"rendered":"https:\/\/yeezy.xianzhi.org\/?post_type=product&#038;p=22595"},"modified":"2025-07-15T01:35:49","modified_gmt":"2025-07-14T17:35:49","slug":"adidas-yeezy-350-boost-v2-blue-tint-2","status":"publish","type":"product","link":"https:\/\/yeezy.xianzhi.org\/?product=adidas-yeezy-350-boost-v2-blue-tint-2","title":{"rendered":"Adidas Yeezy 350 Boost V2 Blue Tint"},"content":{"rendered":"<p><strong><\/strong><meta charset=\"utf-8\"><b data-stringify-type=\"bold\" data-mce-fragment=\"1\"><\/b>Depuis la r\u00e9v\u00e9lation de la silhouette 350 V2 lors de la Yeezy Season 3. les coloris s&#8217;enchainent et le succ\u00e8s est toujours au rendez-vous pour Kanye West et Adidas. Il est ind\u00e9niable que la  est l&#8217;un des plus grands succ\u00e8s de cette ann\u00e9e 2017.<\/p>\n<p>Pour le dernier coloris de l&#8217;ann\u00e9e. Adidas met la barre haut avec la <strong>Yeezy Boost 350 V2 Blue Tint<\/strong>. On retrouve l&#8217;upper classique. un Primeknit zebr\u00e9. partag\u00e9 entre du gris clair et du gris moyen. avec quelques touches de bleu icy qui donnent de la singularit\u00e9 \u00e0 ce coloris.<\/p>\n<p><strong>SKU :<\/strong> B37571<br \/><strong>Date de sortie :<\/strong> D\u00e9cembre 2017<br \/><strong>Colorway :<\/strong> BLUTIN\/GRETHR\/HIRERE<\/p>\n","protected":false},"excerpt":{"rendered":"<p>Depuis la r\u00e9v\u00e9lation de la silhouette 350 V2 lors de la [&hellip;]<\/p>\n","protected":false},"featured_media":22483,"template":"","meta":[],"product_brand":[],"product_cat":[176,72],"product_tag":[],"class_list":{"0":"post-22595","1":"product","2":"type-product","3":"status-publish","4":"has-post-thumbnail","6":"product_cat-sneakers","7":"product_cat-yeezy-450","9":"first","10":"instock","11":"sale","12":"shipping-taxable","13":"purchasable","14":"product-type-variable"},"_links":{"self":[{"href":"https:\/\/yeezy.xianzhi.org\/index.php?rest_route=\/wp\/v2\/product\/22595","targetHints":{"allow":["GET"]}}],"collection":[{"href":"https:\/\/yeezy.xianzhi.org\/index.php?rest_route=\/wp\/v2\/product"}],"about":[{"href":"https:\/\/yeezy.xianzhi.org\/index.php?rest_route=\/wp\/v2\/types\/product"}],"wp:featuredmedia":[{"embeddable":true,"href":"https:\/\/yeezy.xianzhi.org\/index.php?rest_route=\/wp\/v2\/media\/22483"}],"wp:attachment":[{"href":"https:\/\/yeezy.xianzhi.org\/index.php?rest_route=%2Fwp%2Fv2%2Fmedia&parent=22595"}],"wp:term":[{"taxonomy":"product_brand","embeddable":true,"href":"https:\/\/yeezy.xianzhi.org\/index.php?rest_route=%2Fwp%2Fv2%2Fproduct_brand&post=22595"},{"taxonomy":"product_cat","embeddable":true,"href":"https:\/\/yeezy.xianzhi.org\/index.php?rest_route=%2Fwp%2Fv2%2Fproduct_cat&post=22595"},{"taxonomy":"product_tag","embeddable":true,"href":"https:\/\/yeezy.xianzhi.org\/index.php?rest_route=%2Fwp%2Fv2%2Fproduct_tag&post=22595"}],"curies":[{"name":"wp","href":"https:\/\/api.w.org\/{rel}","templated":true}]}}