{"id":22594,"date":"2025-07-15T01:33:57","date_gmt":"2025-07-14T17:33:57","guid":{"rendered":"https:\/\/yeezy.xianzhi.org\/?post_type=product&#038;p=22594"},"modified":"2025-07-15T01:35:49","modified_gmt":"2025-07-14T17:35:49","slug":"adidas-yeezy-350-v2-ash-stone-2","status":"publish","type":"product","link":"https:\/\/yeezy.xianzhi.org\/?product=adidas-yeezy-350-v2-ash-stone-2","title":{"rendered":"Adidas Yeezy 350 V2 Ash Stone"},"content":{"rendered":"<p><b data-stringify-type=\"bold\" data-mce-fragment=\"1\"><\/b>On ne la pr\u00e9sente plus ! <strong>Kanye West<\/strong> soigne le retour de sa silhouette la plus populaire avec l&#8217;introduction de nouvelles . avec un pack <strong>Ash<\/strong> saisissant !<\/p>\n<p>La <strong>Adidas Yeezy Boost 350 V2 Ash Stone<\/strong> arbore une empeigne en <strong>Primeknit<\/strong> de couleur marron et gris. Une stripe translucide <strong>orange<\/strong> offre un l\u00e9ger contraste avec la dominance de marron. Une midsole reprenant la technologie <strong>Boost<\/strong> coupl\u00e9e \u00e0 une outsole brune viennent compl\u00e9ter le design de la silhouette low-top.<\/p>\n<p>Le duo continue de se renouveler et de proposer toujours plus de nouveaux coloris pour le plus grand bonheur des amateurs de Yeezy !<\/p>\n<p><strong>SKU<\/strong> : GW0089<br \/><strong>Date de sortie<\/strong> : F\u00e9vrier 2021<br \/><strong>Colorway<\/strong> : ASH STONE\/ASH STONE\/ASH STONE<\/p>\n","protected":false},"excerpt":{"rendered":"<p>On ne la pr\u00e9sente plus ! Kanye West soigne le retour de [&hellip;]<\/p>\n","protected":false},"featured_media":22432,"template":"","meta":[],"product_brand":[],"product_cat":[176,72],"product_tag":[],"class_list":{"0":"post-22594","1":"product","2":"type-product","3":"status-publish","4":"has-post-thumbnail","6":"product_cat-sneakers","7":"product_cat-yeezy-450","9":"first","10":"instock","11":"sale","12":"shipping-taxable","13":"purchasable","14":"product-type-variable"},"_links":{"self":[{"href":"https:\/\/yeezy.xianzhi.org\/index.php?rest_route=\/wp\/v2\/product\/22594","targetHints":{"allow":["GET"]}}],"collection":[{"href":"https:\/\/yeezy.xianzhi.org\/index.php?rest_route=\/wp\/v2\/product"}],"about":[{"href":"https:\/\/yeezy.xianzhi.org\/index.php?rest_route=\/wp\/v2\/types\/product"}],"wp:featuredmedia":[{"embeddable":true,"href":"https:\/\/yeezy.xianzhi.org\/index.php?rest_route=\/wp\/v2\/media\/22432"}],"wp:attachment":[{"href":"https:\/\/yeezy.xianzhi.org\/index.php?rest_route=%2Fwp%2Fv2%2Fmedia&parent=22594"}],"wp:term":[{"taxonomy":"product_brand","embeddable":true,"href":"https:\/\/yeezy.xianzhi.org\/index.php?rest_route=%2Fwp%2Fv2%2Fproduct_brand&post=22594"},{"taxonomy":"product_cat","embeddable":true,"href":"https:\/\/yeezy.xianzhi.org\/index.php?rest_route=%2Fwp%2Fv2%2Fproduct_cat&post=22594"},{"taxonomy":"product_tag","embeddable":true,"href":"https:\/\/yeezy.xianzhi.org\/index.php?rest_route=%2Fwp%2Fv2%2Fproduct_tag&post=22594"}],"curies":[{"name":"wp","href":"https:\/\/api.w.org\/{rel}","templated":true}]}}