{"id":22592,"date":"2025-07-15T01:33:54","date_gmt":"2025-07-14T17:33:54","guid":{"rendered":"https:\/\/yeezy.xianzhi.org\/?post_type=product&#038;p=22592"},"modified":"2025-07-15T01:35:49","modified_gmt":"2025-07-14T17:35:49","slug":"adidas-yeezy-350-v2-cmpct-slate-onyx-2","status":"publish","type":"product","link":"https:\/\/yeezy.xianzhi.org\/?product=adidas-yeezy-350-v2-cmpct-slate-onyx-2","title":{"rendered":"Adidas Yeezy 350 V2 CMPCT Slate Onyx"},"content":{"rendered":"<p><meta charset=\"utf-8\"> <\/p>\n<p data-mce-fragment=\"1\">La<span data-mce-fragment=\"1\">\u00a0<\/span><strong data-mce-fragment=\"1\"> V2<\/strong><span data-mce-fragment=\"1\">\u00a0<\/span>est la silhouette phare de la marque Yeezy. cr\u00e9\u00e9e par Kanye West et Adidas. Elle se d\u00e9cline aujourd&#8217;hui dans un coloris in\u00e9dit.\u00a0<span data-mce-fragment=\"1\">Cette\u00a0<\/span><strong data-mce-fragment=\"1\">Yeezy 350 V2 CMPCT Slate Onyx\u00a0<\/strong>est compos\u00e9e d&#8217;une toile Primeknit aux tons noirs et gris. Tout l&#8217;ensemble repose sur une semelle noire \u00e0 l&#8217;amorti<span>\u00a0<\/span><strong>BOOST<\/strong>.\u00a0<\/p>\n<p>V\u00e9ritable must-have. la populaire<span>\u00a0<\/span><span>\u00a0<\/span>continue de se r\u00e9inventer \u00e0 travers plusieurs coloris in\u00e9dits sign\u00e9s Ye.\u00a0<span data-mce-fragment=\"1\">cette nouvelle it\u00e9ration\u00a0<\/span><strong data-mce-fragment=\"1\">sombre<\/strong><span data-mce-fragment=\"1\">\u00a0ravira les amateurs d&#8217;originalit\u00e9 et de sobri\u00e9t\u00e9 !<\/span><\/p>\n<p><strong data-mce-fragment=\"1\">SKU :<\/strong><span data-mce-fragment=\"1\">\u00a0<meta charset=\"utf-8\">IG9606<\/span><br data-mce-fragment=\"1\"><strong data-mce-fragment=\"1\">Date de sortie :<\/strong><span data-mce-fragment=\"1\">\u00a0Ao\u00fbt 2023<\/span><br data-mce-fragment=\"1\"><strong data-mce-fragment=\"1\">Colorway :<\/strong><span data-mce-fragment=\"1\">\u00a0<meta charset=\"utf-8\">SLATE ONYX\/SLATE ONYX\/SLATE ONYX<\/span><\/p>\n","protected":false},"excerpt":{"rendered":"<p>La\u00a0 V2\u00a0est la silhouette phare de la marque Yeezy. cr\u00e9\u00e9 [&hellip;]<\/p>\n","protected":false},"featured_media":22267,"template":"","meta":[],"product_brand":[],"product_cat":[176,72],"product_tag":[],"class_list":{"0":"post-22592","1":"product","2":"type-product","3":"status-publish","4":"has-post-thumbnail","6":"product_cat-sneakers","7":"product_cat-yeezy-450","9":"first","10":"instock","11":"sale","12":"shipping-taxable","13":"purchasable","14":"product-type-variable"},"_links":{"self":[{"href":"https:\/\/yeezy.xianzhi.org\/index.php?rest_route=\/wp\/v2\/product\/22592","targetHints":{"allow":["GET"]}}],"collection":[{"href":"https:\/\/yeezy.xianzhi.org\/index.php?rest_route=\/wp\/v2\/product"}],"about":[{"href":"https:\/\/yeezy.xianzhi.org\/index.php?rest_route=\/wp\/v2\/types\/product"}],"wp:featuredmedia":[{"embeddable":true,"href":"https:\/\/yeezy.xianzhi.org\/index.php?rest_route=\/wp\/v2\/media\/22267"}],"wp:attachment":[{"href":"https:\/\/yeezy.xianzhi.org\/index.php?rest_route=%2Fwp%2Fv2%2Fmedia&parent=22592"}],"wp:term":[{"taxonomy":"product_brand","embeddable":true,"href":"https:\/\/yeezy.xianzhi.org\/index.php?rest_route=%2Fwp%2Fv2%2Fproduct_brand&post=22592"},{"taxonomy":"product_cat","embeddable":true,"href":"https:\/\/yeezy.xianzhi.org\/index.php?rest_route=%2Fwp%2Fv2%2Fproduct_cat&post=22592"},{"taxonomy":"product_tag","embeddable":true,"href":"https:\/\/yeezy.xianzhi.org\/index.php?rest_route=%2Fwp%2Fv2%2Fproduct_tag&post=22592"}],"curies":[{"name":"wp","href":"https:\/\/api.w.org\/{rel}","templated":true}]}}