{"id":22589,"date":"2025-07-15T01:33:51","date_gmt":"2025-07-14T17:33:51","guid":{"rendered":"https:\/\/yeezy.xianzhi.org\/?post_type=product&#038;p=22589"},"modified":"2025-07-15T01:35:50","modified_gmt":"2025-07-14T17:35:50","slug":"adidas-yeezy-350-v2-cmpct-panda-2","status":"publish","type":"product","link":"https:\/\/yeezy.xianzhi.org\/?product=adidas-yeezy-350-v2-cmpct-panda-2","title":{"rendered":"Adidas Yeezy 350 V2 CMPCT Panda"},"content":{"rendered":"<p>De retour apr\u00e8s quelques mois d&#8217;absences.  d\u00e9voile une nouvelle d\u00e9clinaison de la .<\/p>\n<p>La\u00a0<strong>Yeezy 350 V2 CMPCT Panda<\/strong> pr\u00e9sente une tige en <strong>Primeknit blanc et gris<\/strong>. accompagn\u00e9e de touches noires et de la mythique semelle <strong>Boost<\/strong>. <strong>\u00c9co-responsable<\/strong>. cette silhouette est fabriqu\u00e9e \u00e0 partir d&#8217;au moins <strong>50% de mat\u00e9riaux recycl\u00e9s<\/strong>.<\/p>\n<p><strong>SKU<\/strong> : IG9608<br \/><strong>Date de sortie<\/strong> : Juin 2023<br \/><strong>Colorway<\/strong> : SLATE WHITE\/SLATE WHITE\/SLATE WHITE<\/p>\n","protected":false},"excerpt":{"rendered":"<p>De retour apr\u00e8s quelques mois d&#8217;absences. d\u00e9voile [&hellip;]<\/p>\n","protected":false},"featured_media":22254,"template":"","meta":[],"product_brand":[],"product_cat":[176,72],"product_tag":[],"class_list":{"0":"post-22589","1":"product","2":"type-product","3":"status-publish","4":"has-post-thumbnail","6":"product_cat-sneakers","7":"product_cat-yeezy-450","9":"first","10":"instock","11":"sale","12":"shipping-taxable","13":"purchasable","14":"product-type-variable"},"_links":{"self":[{"href":"https:\/\/yeezy.xianzhi.org\/index.php?rest_route=\/wp\/v2\/product\/22589","targetHints":{"allow":["GET"]}}],"collection":[{"href":"https:\/\/yeezy.xianzhi.org\/index.php?rest_route=\/wp\/v2\/product"}],"about":[{"href":"https:\/\/yeezy.xianzhi.org\/index.php?rest_route=\/wp\/v2\/types\/product"}],"wp:featuredmedia":[{"embeddable":true,"href":"https:\/\/yeezy.xianzhi.org\/index.php?rest_route=\/wp\/v2\/media\/22254"}],"wp:attachment":[{"href":"https:\/\/yeezy.xianzhi.org\/index.php?rest_route=%2Fwp%2Fv2%2Fmedia&parent=22589"}],"wp:term":[{"taxonomy":"product_brand","embeddable":true,"href":"https:\/\/yeezy.xianzhi.org\/index.php?rest_route=%2Fwp%2Fv2%2Fproduct_brand&post=22589"},{"taxonomy":"product_cat","embeddable":true,"href":"https:\/\/yeezy.xianzhi.org\/index.php?rest_route=%2Fwp%2Fv2%2Fproduct_cat&post=22589"},{"taxonomy":"product_tag","embeddable":true,"href":"https:\/\/yeezy.xianzhi.org\/index.php?rest_route=%2Fwp%2Fv2%2Fproduct_tag&post=22589"}],"curies":[{"name":"wp","href":"https:\/\/api.w.org\/{rel}","templated":true}]}}