{"id":22588,"date":"2025-07-15T01:33:51","date_gmt":"2025-07-14T17:33:51","guid":{"rendered":"https:\/\/yeezy.xianzhi.org\/?post_type=product&#038;p=22588"},"modified":"2025-07-15T01:35:50","modified_gmt":"2025-07-14T17:35:50","slug":"adidas-yeezy-350-v2-semi-frozen-yellow-2","status":"publish","type":"product","link":"https:\/\/yeezy.xianzhi.org\/?product=adidas-yeezy-350-v2-semi-frozen-yellow-2","title":{"rendered":"Adidas Yeezy 350 V2 Semi Frozen Yellow"},"content":{"rendered":"<p><strong><\/strong><meta charset=\"utf-8\"><b data-stringify-type=\"bold\" data-mce-fragment=\"1\"><\/b>Bien avant sa premi\u00e8re sortie en novembre 2017. la <strong>Yeezy Boost 350 V2 Frozen Yellow<\/strong> avait enflamm\u00e9 les passionn\u00e9s de sneakers sur internet lorsque Kanye West et Kid Cudi \u00e9taient apparus aux c\u00f4t\u00e9s de l&#8217;artiste japonais Takashi Murakami portant chacun une paire de Frozen Yellow.<\/p>\n<p>Pour ce coloris. Kanye West et Adidas semblent \u00eatre sorti de leur zone de confort. On retrouve bien le classique imprim\u00e9 z\u00e9br\u00e9 sur l&#8217;ensemble de l&#8217;upper. mais il est cette fois jaune vif. La semelle. elle. a \u00e9t\u00e9 remplac\u00e9e par une outsole couleur gomme qui rajoute un c\u00f4t\u00e9 unique \u00e0 ce colorway excentrique.<\/p>\n<p>Enfin. la Yeezy Boost 350 V2 Frozen Yellow n&#8217;est autre que la V2 la plus limit\u00e9e de la .<\/p>\n<p><strong>SKU :<\/strong> B37572<br \/><strong>Date de sortie :<\/strong> D\u00e9cembre 2018<br \/><strong>Colorway :<\/strong> SEMI FROZEN YELLOW\/RAW STEEL\/RED<\/p>\n","protected":false},"excerpt":{"rendered":"<p>Bien avant sa premi\u00e8re sortie en novembre 2017. la Yeez [&hellip;]<\/p>\n","protected":false},"featured_media":22222,"template":"","meta":[],"product_brand":[],"product_cat":[176,72],"product_tag":[],"class_list":{"0":"post-22588","1":"product","2":"type-product","3":"status-publish","4":"has-post-thumbnail","6":"product_cat-sneakers","7":"product_cat-yeezy-450","9":"first","10":"instock","11":"sale","12":"shipping-taxable","13":"purchasable","14":"product-type-variable"},"_links":{"self":[{"href":"https:\/\/yeezy.xianzhi.org\/index.php?rest_route=\/wp\/v2\/product\/22588","targetHints":{"allow":["GET"]}}],"collection":[{"href":"https:\/\/yeezy.xianzhi.org\/index.php?rest_route=\/wp\/v2\/product"}],"about":[{"href":"https:\/\/yeezy.xianzhi.org\/index.php?rest_route=\/wp\/v2\/types\/product"}],"wp:featuredmedia":[{"embeddable":true,"href":"https:\/\/yeezy.xianzhi.org\/index.php?rest_route=\/wp\/v2\/media\/22222"}],"wp:attachment":[{"href":"https:\/\/yeezy.xianzhi.org\/index.php?rest_route=%2Fwp%2Fv2%2Fmedia&parent=22588"}],"wp:term":[{"taxonomy":"product_brand","embeddable":true,"href":"https:\/\/yeezy.xianzhi.org\/index.php?rest_route=%2Fwp%2Fv2%2Fproduct_brand&post=22588"},{"taxonomy":"product_cat","embeddable":true,"href":"https:\/\/yeezy.xianzhi.org\/index.php?rest_route=%2Fwp%2Fv2%2Fproduct_cat&post=22588"},{"taxonomy":"product_tag","embeddable":true,"href":"https:\/\/yeezy.xianzhi.org\/index.php?rest_route=%2Fwp%2Fv2%2Fproduct_tag&post=22588"}],"curies":[{"name":"wp","href":"https:\/\/api.w.org\/{rel}","templated":true}]}}