{"id":22584,"date":"2025-07-15T01:33:48","date_gmt":"2025-07-14T17:33:48","guid":{"rendered":"https:\/\/yeezy.xianzhi.org\/?post_type=product&#038;p=22584"},"modified":"2025-07-15T01:35:50","modified_gmt":"2025-07-14T17:35:50","slug":"adidas-yeezy-350-v2-carbon-beluga-2","status":"publish","type":"product","link":"https:\/\/yeezy.xianzhi.org\/?product=adidas-yeezy-350-v2-carbon-beluga-2","title":{"rendered":"Adidas Yeezy 350 V2 Carbon Beluga"},"content":{"rendered":"<p>Apr\u00e8s quelques mois de d\u00e9bats. la gamme  fait son grand retour ! Pour l&#8217;occasion.  nous offre une version revisit\u00e9e du coloris <span style=\"text-decoration: underline;\"><strong>OG<\/strong><\/span> de 2016.\u00a0<\/p>\n<p>La <strong>Adidas Yeezy 350 V2 Carbon Beluga<\/strong>\u00a0pr\u00e9sente une base en <strong>Primeknit gris<\/strong> et <strong>marron<\/strong>\u00a0qui poss\u00e8de des\u00a0d\u00e9tails z\u00e9br\u00e9s.\u00a0<meta charset=\"utf-8\"><span data-mce-fragment=\"1\">On aper\u00e7oit une stripe orange avec l&#8217;inscription\u00a0<\/span><strong data-mce-fragment=\"1\">SPLY 350<\/strong><span data-mce-fragment=\"1\">. venant former un l\u00e9ger contraste avec l&#8217;ensemble. Une semelle \u00e9quip\u00e9e de la technologie\u00a0<\/span><strong data-mce-fragment=\"1\">Boost<\/strong><span data-mce-fragment=\"1\">\u00a0peaufine le tout.<\/span>\u00a0<\/p>\n<p>Une \u00e9dition sp\u00e9ciale qui fera le bonheur des fans de la marque aux trois bandes !<\/p>\n<p><strong>SKU<\/strong> :\u00a0HQ7045<br \/><strong>Date de sortie<\/strong> : Mai 2023<br \/><strong>Colorway<\/strong> :\u00a0<meta charset=\"utf-8\"><span data-mce-fragment=\"1\">CARBON BELUGA\/STEEPLE GREY\/SOLAR RED<\/span><\/p>\n","protected":false},"excerpt":{"rendered":"<p>Apr\u00e8s quelques mois de d\u00e9bats. la gamme fait son grand  [&hellip;]<\/p>\n","protected":false},"featured_media":22199,"template":"","meta":[],"product_brand":[],"product_cat":[176,72],"product_tag":[],"class_list":{"0":"post-22584","1":"product","2":"type-product","3":"status-publish","4":"has-post-thumbnail","6":"product_cat-sneakers","7":"product_cat-yeezy-450","9":"first","10":"instock","11":"sale","12":"shipping-taxable","13":"purchasable","14":"product-type-variable"},"_links":{"self":[{"href":"https:\/\/yeezy.xianzhi.org\/index.php?rest_route=\/wp\/v2\/product\/22584","targetHints":{"allow":["GET"]}}],"collection":[{"href":"https:\/\/yeezy.xianzhi.org\/index.php?rest_route=\/wp\/v2\/product"}],"about":[{"href":"https:\/\/yeezy.xianzhi.org\/index.php?rest_route=\/wp\/v2\/types\/product"}],"wp:featuredmedia":[{"embeddable":true,"href":"https:\/\/yeezy.xianzhi.org\/index.php?rest_route=\/wp\/v2\/media\/22199"}],"wp:attachment":[{"href":"https:\/\/yeezy.xianzhi.org\/index.php?rest_route=%2Fwp%2Fv2%2Fmedia&parent=22584"}],"wp:term":[{"taxonomy":"product_brand","embeddable":true,"href":"https:\/\/yeezy.xianzhi.org\/index.php?rest_route=%2Fwp%2Fv2%2Fproduct_brand&post=22584"},{"taxonomy":"product_cat","embeddable":true,"href":"https:\/\/yeezy.xianzhi.org\/index.php?rest_route=%2Fwp%2Fv2%2Fproduct_cat&post=22584"},{"taxonomy":"product_tag","embeddable":true,"href":"https:\/\/yeezy.xianzhi.org\/index.php?rest_route=%2Fwp%2Fv2%2Fproduct_tag&post=22584"}],"curies":[{"name":"wp","href":"https:\/\/api.w.org\/{rel}","templated":true}]}}