{"id":22580,"date":"2025-07-15T00:57:36","date_gmt":"2025-07-14T16:57:36","guid":{"rendered":"https:\/\/yeezy.xianzhi.org\/?post_type=product&#038;p=22580"},"modified":"2025-07-15T01:32:26","modified_gmt":"2025-07-14T17:32:26","slug":"adidas-yeezy-boost-350-v2-blue-tint","status":"publish","type":"product","link":"https:\/\/yeezy.xianzhi.org\/?product=adidas-yeezy-boost-350-v2-blue-tint","title":{"rendered":"Adidas Yeezy Boost 350 V2 Blue Tint"},"content":{"rendered":"<div>\n<p><b data-stringify-type=\"bold\" data-mce-fragment=\"1\">Sizing<\/b><span data-mce-fragment=\"1\">\u00a0: Ce mod\u00e8le taille l\u00e9g\u00e8rement petit. prendre une \u00bd pointure au dessus de votre taille habituelle.<\/span><\/p>\n<p>Depuis la r\u00e9v\u00e9lation de la silhouette 350 V2 lors de la Yeezy Season 3. les coloris s&#8217;enchainent et le succ\u00e8s est toujours au rendez-vous pour Kanye West et Adidas. Il est ind\u00e9niable que la<span>\u00a0<\/span><strong><span>Yeezy Boost 350 V2<\/span><\/strong><span>\u00a0<\/span>est l&#8217;un des plus grands succ\u00e8s de cette ann\u00e9e 2017.<\/p>\n<p>Pour le dernier coloris de l&#8217;ann\u00e9e. Adidas met la barre haut avec la<span>\u00a0<\/span><strong>Yeezy Boost 350 V2 Blue Tint<\/strong>. On retrouve l&#8217;upper classique. un Primeknit zebr\u00e9. partag\u00e9 entre du gris clair et du gris moyen. avec quelques touches de bleu icy qui donnent de la singularit\u00e9 \u00e0 ce coloris.<\/p>\n<p>\u00a0<\/p>\n<p><strong>Date de sortie :<\/strong><span>\u00a0<\/span>D\u00e9cembre 2017<br \/><strong>Colorway :<\/strong><span>\u00a0<\/span>BLUTIN\/GRETHR\/HIRERE<\/p>\n<\/div>\n","protected":false},"excerpt":{"rendered":"<p>Sizing\u00a0: Ce mod\u00e8le taille l\u00e9g\u00e8rement petit. prendre une [&hellip;]<\/p>\n","protected":false},"featured_media":22581,"template":"","meta":[],"product_brand":[],"product_cat":[176,43],"product_tag":[],"class_list":{"0":"post-22580","1":"product","2":"type-product","3":"status-publish","4":"has-post-thumbnail","6":"product_cat-sneakers","7":"product_cat-yeezy-350-v2","9":"first","10":"instock","11":"sale","12":"shipping-taxable","13":"purchasable","14":"product-type-variable"},"_links":{"self":[{"href":"https:\/\/yeezy.xianzhi.org\/index.php?rest_route=\/wp\/v2\/product\/22580","targetHints":{"allow":["GET"]}}],"collection":[{"href":"https:\/\/yeezy.xianzhi.org\/index.php?rest_route=\/wp\/v2\/product"}],"about":[{"href":"https:\/\/yeezy.xianzhi.org\/index.php?rest_route=\/wp\/v2\/types\/product"}],"wp:featuredmedia":[{"embeddable":true,"href":"https:\/\/yeezy.xianzhi.org\/index.php?rest_route=\/wp\/v2\/media\/22581"}],"wp:attachment":[{"href":"https:\/\/yeezy.xianzhi.org\/index.php?rest_route=%2Fwp%2Fv2%2Fmedia&parent=22580"}],"wp:term":[{"taxonomy":"product_brand","embeddable":true,"href":"https:\/\/yeezy.xianzhi.org\/index.php?rest_route=%2Fwp%2Fv2%2Fproduct_brand&post=22580"},{"taxonomy":"product_cat","embeddable":true,"href":"https:\/\/yeezy.xianzhi.org\/index.php?rest_route=%2Fwp%2Fv2%2Fproduct_cat&post=22580"},{"taxonomy":"product_tag","embeddable":true,"href":"https:\/\/yeezy.xianzhi.org\/index.php?rest_route=%2Fwp%2Fv2%2Fproduct_tag&post=22580"}],"curies":[{"name":"wp","href":"https:\/\/api.w.org\/{rel}","templated":true}]}}