{"id":22577,"date":"2025-07-15T00:57:32","date_gmt":"2025-07-14T16:57:32","guid":{"rendered":"https:\/\/yeezy.xianzhi.org\/?post_type=product&#038;p=22577"},"modified":"2025-07-15T01:32:26","modified_gmt":"2025-07-14T17:32:26","slug":"adidas-yeezy-boost-350-v2-beluga-reflective","status":"publish","type":"product","link":"https:\/\/yeezy.xianzhi.org\/?product=adidas-yeezy-boost-350-v2-beluga-reflective","title":{"rendered":"Adidas Yeezy Boost 350 V2 Beluga Reflective"},"content":{"rendered":"<div>\n<p>Pour les 5 ans de la<span>\u00a0<\/span><span><strong>Yeezy Boost 350 V2<\/strong><\/span>.<span>\u00a0<\/span><strong>Adidas<\/strong><span>\u00a0<\/span>et Kanye West voient les choses en grand et r\u00e9\u00e9ditent le premier coloris<span>\u00a0<\/span><strong>OG<\/strong><span>\u00a0<\/span>de la silhouette dans une version r\u00e9flective.<\/p>\n<p>La<span>\u00a0<\/span><strong>Adidas Yeezy 350 V2 Beluga Reflective<\/strong><span>\u00a0<\/span>affiche l&#8217;habituelle empeigne en<span>\u00a0<\/span><strong>Primeknit<\/strong><span>\u00a0<\/span>et se pare d&#8217;une couleur oscillant entre le gris et le marron. On aper\u00e7oit une stripe orange avec l&#8217;inscription<span>\u00a0<\/span><strong>SPLY 350<\/strong>. venant former un l\u00e9ger contraste avec l&#8217;ensemble. Une semelle \u00e9quip\u00e9e de la technologie<span>\u00a0<\/span><strong>Boost<\/strong><span>\u00a0<\/span>peaufine le tout.<\/p>\n<p>Une d\u00e9clinaison historique de plus pour la marque aux trois bandes.<\/p>\n<p><strong>Date de sortie<\/strong><span>\u00a0<\/span>: D\u00e9cembre 2021<br \/><strong>Colorway<\/strong><span>\u00a0<\/span>: BELUGA\/BELUGA\/BELUGA<\/p>\n<\/div>\n","protected":false},"excerpt":{"rendered":"<p>Pour les 5 ans de la\u00a0Yeezy Boost 350 V2.\u00a0Adidas\u00a0et Kany [&hellip;]<\/p>\n","protected":false},"featured_media":22578,"template":"","meta":[],"product_brand":[],"product_cat":[176,43],"product_tag":[],"class_list":{"0":"post-22577","1":"product","2":"type-product","3":"status-publish","4":"has-post-thumbnail","6":"product_cat-sneakers","7":"product_cat-yeezy-350-v2","9":"first","10":"instock","11":"sale","12":"shipping-taxable","13":"purchasable","14":"product-type-variable"},"_links":{"self":[{"href":"https:\/\/yeezy.xianzhi.org\/index.php?rest_route=\/wp\/v2\/product\/22577","targetHints":{"allow":["GET"]}}],"collection":[{"href":"https:\/\/yeezy.xianzhi.org\/index.php?rest_route=\/wp\/v2\/product"}],"about":[{"href":"https:\/\/yeezy.xianzhi.org\/index.php?rest_route=\/wp\/v2\/types\/product"}],"wp:featuredmedia":[{"embeddable":true,"href":"https:\/\/yeezy.xianzhi.org\/index.php?rest_route=\/wp\/v2\/media\/22578"}],"wp:attachment":[{"href":"https:\/\/yeezy.xianzhi.org\/index.php?rest_route=%2Fwp%2Fv2%2Fmedia&parent=22577"}],"wp:term":[{"taxonomy":"product_brand","embeddable":true,"href":"https:\/\/yeezy.xianzhi.org\/index.php?rest_route=%2Fwp%2Fv2%2Fproduct_brand&post=22577"},{"taxonomy":"product_cat","embeddable":true,"href":"https:\/\/yeezy.xianzhi.org\/index.php?rest_route=%2Fwp%2Fv2%2Fproduct_cat&post=22577"},{"taxonomy":"product_tag","embeddable":true,"href":"https:\/\/yeezy.xianzhi.org\/index.php?rest_route=%2Fwp%2Fv2%2Fproduct_tag&post=22577"}],"curies":[{"name":"wp","href":"https:\/\/api.w.org\/{rel}","templated":true}]}}