{"id":22568,"date":"2025-07-15T00:57:24","date_gmt":"2025-07-14T16:57:24","guid":{"rendered":"https:\/\/yeezy.xianzhi.org\/?post_type=product&#038;p=22568"},"modified":"2025-07-15T01:32:27","modified_gmt":"2025-07-14T17:32:27","slug":"adidas-yeezy-boost-350-v2-black-red","status":"publish","type":"product","link":"https:\/\/yeezy.xianzhi.org\/?product=adidas-yeezy-boost-350-v2-black-red","title":{"rendered":"Adidas Yeezy Boost 350 V2 Black Red"},"content":{"rendered":"<div>\n<p><em><b data-stringify-type=\"bold\" data-mce-fragment=\"1\">Sizing<\/b>\u00a0: Ce mod\u00e8le taille l\u00e9g\u00e8rement petit. prendre une \u00bd pointure au dessus de votre taille habituelle.\u00a0\u00a0<\/em><\/p>\n<p>La<span>\u00a0<\/span><strong>Yeezy 350 Boost V2 Bred<\/strong><span>\u00a0<\/span>se d\u00e9marque par sa sobri\u00e9t\u00e9 et sa simplicit\u00e9. Contrairement \u00e0 une majorit\u00e9 de V2 qui arborent un imprim\u00e9 \u00e0 motif. cette Yeezy poss\u00e8de un upper noir monochrome.\u00a0accompagn\u00e9 de l&#8217;inscription\u00a0SPLY-350 en<span>\u00a0<\/span><strong>surpiqures rouges.\u00a0<\/strong>Cette silhouette repose sur une semelle boost noire semi-translucide.\u00a0<\/p>\n<p>Il est ind\u00e9niable que ce\u00a0coloris est l&#8217;un des plus grands succ\u00e8s de la collection<span>\u00a0<\/span><span><strong>Yeezy Boost 350 V2<\/strong><\/span>. rappelant que par moment. la simplicit\u00e9 est un choix judicieux.<\/p>\n<p><strong>Date de sortie :<\/strong><span>\u00a0<\/span>F\u00e9vrier 2017<br \/><strong>Colorway :<\/strong><span>\u00a0<\/span>CORE BLACK\/CORE BLACK\/RED<\/p>\n<\/div>\n","protected":false},"excerpt":{"rendered":"<p>Sizing\u00a0: Ce mod\u00e8le taille l\u00e9g\u00e8rement petit. prendre une [&hellip;]<\/p>\n","protected":false},"featured_media":22570,"template":"","meta":[],"product_brand":[],"product_cat":[176,43],"product_tag":[],"class_list":{"0":"post-22568","1":"product","2":"type-product","3":"status-publish","4":"has-post-thumbnail","6":"product_cat-sneakers","7":"product_cat-yeezy-350-v2","9":"first","10":"instock","11":"sale","12":"shipping-taxable","13":"purchasable","14":"product-type-variable"},"_links":{"self":[{"href":"https:\/\/yeezy.xianzhi.org\/index.php?rest_route=\/wp\/v2\/product\/22568","targetHints":{"allow":["GET"]}}],"collection":[{"href":"https:\/\/yeezy.xianzhi.org\/index.php?rest_route=\/wp\/v2\/product"}],"about":[{"href":"https:\/\/yeezy.xianzhi.org\/index.php?rest_route=\/wp\/v2\/types\/product"}],"wp:featuredmedia":[{"embeddable":true,"href":"https:\/\/yeezy.xianzhi.org\/index.php?rest_route=\/wp\/v2\/media\/22570"}],"wp:attachment":[{"href":"https:\/\/yeezy.xianzhi.org\/index.php?rest_route=%2Fwp%2Fv2%2Fmedia&parent=22568"}],"wp:term":[{"taxonomy":"product_brand","embeddable":true,"href":"https:\/\/yeezy.xianzhi.org\/index.php?rest_route=%2Fwp%2Fv2%2Fproduct_brand&post=22568"},{"taxonomy":"product_cat","embeddable":true,"href":"https:\/\/yeezy.xianzhi.org\/index.php?rest_route=%2Fwp%2Fv2%2Fproduct_cat&post=22568"},{"taxonomy":"product_tag","embeddable":true,"href":"https:\/\/yeezy.xianzhi.org\/index.php?rest_route=%2Fwp%2Fv2%2Fproduct_tag&post=22568"}],"curies":[{"name":"wp","href":"https:\/\/api.w.org\/{rel}","templated":true}]}}