{"id":22564,"date":"2025-07-15T00:57:20","date_gmt":"2025-07-14T16:57:20","guid":{"rendered":"https:\/\/yeezy.xianzhi.org\/?post_type=product&#038;p=22564"},"modified":"2025-07-15T01:32:27","modified_gmt":"2025-07-14T17:32:27","slug":"adidas-yeezy-boost-350-v2-ash-pearl","status":"publish","type":"product","link":"https:\/\/yeezy.xianzhi.org\/?product=adidas-yeezy-boost-350-v2-ash-pearl","title":{"rendered":"Adidas Yeezy Boost 350 V2 Ash Pearl"},"content":{"rendered":"<div>\n<div>\n<div>\n<div>\n<p>Kanye West et Adidas nous r\u00e9servent encore des surprises ! Apr\u00e8s les \u00e9ditions<span>\u00a0<\/span><strong>Ash Blue<\/strong>\u00a0et\u00a0<strong>Ash Stone<\/strong>. on d\u00e9couvre le dernier coloris<span>\u00a0<\/span><strong>Ash Pearl<\/strong><span>\u00a0<\/span>venant compl\u00e9ter le pack.<\/p>\n<p>La<span>\u00a0<\/span><strong>Adidas Yeezy Boost 350 V2 Ash Pearl<\/strong><span>\u00a0<\/span>pr\u00e9sente une base en<span>\u00a0<\/span><strong>Primeknit<\/strong><span>\u00a0<\/span>reprenant un sch\u00e9ma de couleur beige. gris et blanc pour un look minimaliste. Fid\u00e8le aux<span>\u00a0<\/span><span><strong>350 V2<\/strong><\/span>. on retrouve une midsole<span>\u00a0<\/span><strong>milky<\/strong><span>\u00a0<\/span>\u00e9quip\u00e9e de la technologie<span>\u00a0<\/span><strong>Boost<\/strong><span>\u00a0<\/span>ainsi qu&#8217;une outsole en caoutchouc. On note l&#8217;absence de heeltab sur le talon.<\/p>\n<p>Dans un coloris proche de l&#8217;\u00e9dition<span>\u00a0<\/span><span><strong>Lundmark<\/strong><\/span>. le duo continue d&#8217;\u00e9merveiller les fans de<span>\u00a0<\/span><strong>Yeezy<\/strong><span>\u00a0<\/span>en imaginant sans cesse de nouveaux colorways !<\/p>\n<p><strong>Date de sortie<\/strong><span>\u00a0<\/span>: Mars 2021<br \/><strong>Colorway<\/strong><span>\u00a0<\/span>: ASH PEARL\/ASH PEARL\/ASH PEARL<\/p>\n<\/div>\n<\/div>\n<\/div>\n<\/div>\n<p><span><\/span><span><\/span><\/p>\n","protected":false},"excerpt":{"rendered":"<p>Kanye West et Adidas nous r\u00e9servent encore des surprise [&hellip;]<\/p>\n","protected":false},"featured_media":22565,"template":"","meta":[],"product_brand":[],"product_cat":[176,43],"product_tag":[],"class_list":{"0":"post-22564","1":"product","2":"type-product","3":"status-publish","4":"has-post-thumbnail","6":"product_cat-sneakers","7":"product_cat-yeezy-350-v2","9":"first","10":"instock","11":"sale","12":"shipping-taxable","13":"purchasable","14":"product-type-variable"},"_links":{"self":[{"href":"https:\/\/yeezy.xianzhi.org\/index.php?rest_route=\/wp\/v2\/product\/22564","targetHints":{"allow":["GET"]}}],"collection":[{"href":"https:\/\/yeezy.xianzhi.org\/index.php?rest_route=\/wp\/v2\/product"}],"about":[{"href":"https:\/\/yeezy.xianzhi.org\/index.php?rest_route=\/wp\/v2\/types\/product"}],"wp:featuredmedia":[{"embeddable":true,"href":"https:\/\/yeezy.xianzhi.org\/index.php?rest_route=\/wp\/v2\/media\/22565"}],"wp:attachment":[{"href":"https:\/\/yeezy.xianzhi.org\/index.php?rest_route=%2Fwp%2Fv2%2Fmedia&parent=22564"}],"wp:term":[{"taxonomy":"product_brand","embeddable":true,"href":"https:\/\/yeezy.xianzhi.org\/index.php?rest_route=%2Fwp%2Fv2%2Fproduct_brand&post=22564"},{"taxonomy":"product_cat","embeddable":true,"href":"https:\/\/yeezy.xianzhi.org\/index.php?rest_route=%2Fwp%2Fv2%2Fproduct_cat&post=22564"},{"taxonomy":"product_tag","embeddable":true,"href":"https:\/\/yeezy.xianzhi.org\/index.php?rest_route=%2Fwp%2Fv2%2Fproduct_tag&post=22564"}],"curies":[{"name":"wp","href":"https:\/\/api.w.org\/{rel}","templated":true}]}}