{"id":22550,"date":"2025-07-15T00:57:07","date_gmt":"2025-07-14T16:57:07","guid":{"rendered":"https:\/\/yeezy.xianzhi.org\/?post_type=product&#038;p=22550"},"modified":"2025-07-15T01:32:27","modified_gmt":"2025-07-14T17:32:27","slug":"adidas-yeezy-boost-350-v2-light","status":"publish","type":"product","link":"https:\/\/yeezy.xianzhi.org\/?product=adidas-yeezy-boost-350-v2-light","title":{"rendered":"Adidas Yeezy Boost 350 V2 Light"},"content":{"rendered":"<p>Pour cl\u00f4turer la saison estival en beaut\u00e9. Yeezy innove avec un nouveau coloris de  qui r\u00e9agit \u00e0 la lumi\u00e8re. <strong><\/p>\n<p><\/strong>La<strong> Adidas Yeezy Boost 350 V2 Light<\/strong> adopte un coloris ultra sobre aux premiers abords avec une empeigne dans les tons blanc cass\u00e9. C&#8217;est apr\u00e8s avoir \u00e9t\u00e9 en contact des <strong>UV<\/strong> que la bande lat\u00e9rale devient jaune fonc\u00e9. De mani\u00e8re plus discr\u00e8te. le <strong>Primeknit<\/strong> pr\u00e9sente quelques reflets rose p\u00e2le.<\/p>\n<p>Apr\u00e8s une vague de coloris<strong> Reflectifs<\/strong>. la <strong>Yeezy 350 V2 Light<\/strong> ouvre peut \u00eatre la porte \u00e0 de prochaines versions <strong>UV<\/strong> pour continuer sur la lanc\u00e9e cr\u00e9ative de Yeezy !<strong><\/p>\n<p>SKU :<\/strong> GY3438<br \/><strong>Date de sortie :<\/strong> Ao\u00fbt 2021<br \/><strong>Colorway :<\/strong> LIGHT\/LIGHT\/LIGHT<\/p>\n","protected":false},"excerpt":{"rendered":"<p>Pour cl\u00f4turer la saison estival en beaut\u00e9. Yeezy innove [&hellip;]<\/p>\n","protected":false},"featured_media":22554,"template":"","meta":[],"product_brand":[],"product_cat":[176,43],"product_tag":[],"class_list":{"0":"post-22550","1":"product","2":"type-product","3":"status-publish","4":"has-post-thumbnail","6":"product_cat-sneakers","7":"product_cat-yeezy-350-v2","9":"first","10":"instock","11":"sale","12":"shipping-taxable","13":"purchasable","14":"product-type-variable"},"_links":{"self":[{"href":"https:\/\/yeezy.xianzhi.org\/index.php?rest_route=\/wp\/v2\/product\/22550","targetHints":{"allow":["GET"]}}],"collection":[{"href":"https:\/\/yeezy.xianzhi.org\/index.php?rest_route=\/wp\/v2\/product"}],"about":[{"href":"https:\/\/yeezy.xianzhi.org\/index.php?rest_route=\/wp\/v2\/types\/product"}],"wp:featuredmedia":[{"embeddable":true,"href":"https:\/\/yeezy.xianzhi.org\/index.php?rest_route=\/wp\/v2\/media\/22554"}],"wp:attachment":[{"href":"https:\/\/yeezy.xianzhi.org\/index.php?rest_route=%2Fwp%2Fv2%2Fmedia&parent=22550"}],"wp:term":[{"taxonomy":"product_brand","embeddable":true,"href":"https:\/\/yeezy.xianzhi.org\/index.php?rest_route=%2Fwp%2Fv2%2Fproduct_brand&post=22550"},{"taxonomy":"product_cat","embeddable":true,"href":"https:\/\/yeezy.xianzhi.org\/index.php?rest_route=%2Fwp%2Fv2%2Fproduct_cat&post=22550"},{"taxonomy":"product_tag","embeddable":true,"href":"https:\/\/yeezy.xianzhi.org\/index.php?rest_route=%2Fwp%2Fv2%2Fproduct_tag&post=22550"}],"curies":[{"name":"wp","href":"https:\/\/api.w.org\/{rel}","templated":true}]}}