{"id":22549,"date":"2025-07-15T00:57:07","date_gmt":"2025-07-14T16:57:07","guid":{"rendered":"https:\/\/yeezy.xianzhi.org\/?post_type=product&#038;p=22549"},"modified":"2025-07-15T01:32:27","modified_gmt":"2025-07-14T17:32:27","slug":"adidas-yeezy-boost-350-v2-dazzling-blue","status":"publish","type":"product","link":"https:\/\/yeezy.xianzhi.org\/?product=adidas-yeezy-boost-350-v2-dazzling-blue","title":{"rendered":"Adidas Yeezy Boost 350 V2 Dazzling Blue"},"content":{"rendered":"<p>Le label de  op\u00e8re un retour aux sources et nous offre un nouveau coloris de son mod\u00e8le embl\u00e9matique qui s&#8217;inspire de l&#8217;inoubliable Black Friday Pack de 2016. <\/p>\n<p>La <strong>Adidas Yeezy Boost 350 V2 Dazzling Blue<\/strong> se pare d&#8217;une empeigne en <strong>primeknit noir<\/strong> aux petits d\u00e9tails tachet\u00e9s. Ces derniers s&#8217;accorde minutieusement \u00e0 l&#8217;incontournable bande SPLY-350 qui affiche une teinte <strong>bleu \u00e9lectrique<\/strong>. Des lacets rond ainsi qu&#8217;une semelle translucide \u00e0 la technologie BOOST viennent finaliser le design. <\/p>\n<p>Ce classique revisit\u00e9 de la gamme  puise son essence dans les \u00e9ditions  et  qui ont \u00e9t\u00e9 de v\u00e9ritables game changers de la culture sneakers ! <\/p>\n<p><strong>SKU<\/strong> : <meta charset=\"utf-8\"><span data-mce-fragment=\"1\">GY7164 <br \/><strong>Date de sortie<\/strong> : F\u00e9vrier 2022<br \/><strong>Colorway<\/strong> : CORE BLACK\/ DAZZLING BLUE-CORE BLACK<\/span><\/p>\n","protected":false},"excerpt":{"rendered":"<p>Le label de op\u00e8re un retour aux sources et nous offre u [&hellip;]<\/p>\n","protected":false},"featured_media":22551,"template":"","meta":[],"product_brand":[],"product_cat":[176,43],"product_tag":[],"class_list":{"0":"post-22549","1":"product","2":"type-product","3":"status-publish","4":"has-post-thumbnail","6":"product_cat-sneakers","7":"product_cat-yeezy-350-v2","9":"first","10":"instock","11":"sale","12":"shipping-taxable","13":"purchasable","14":"product-type-variable"},"_links":{"self":[{"href":"https:\/\/yeezy.xianzhi.org\/index.php?rest_route=\/wp\/v2\/product\/22549","targetHints":{"allow":["GET"]}}],"collection":[{"href":"https:\/\/yeezy.xianzhi.org\/index.php?rest_route=\/wp\/v2\/product"}],"about":[{"href":"https:\/\/yeezy.xianzhi.org\/index.php?rest_route=\/wp\/v2\/types\/product"}],"wp:featuredmedia":[{"embeddable":true,"href":"https:\/\/yeezy.xianzhi.org\/index.php?rest_route=\/wp\/v2\/media\/22551"}],"wp:attachment":[{"href":"https:\/\/yeezy.xianzhi.org\/index.php?rest_route=%2Fwp%2Fv2%2Fmedia&parent=22549"}],"wp:term":[{"taxonomy":"product_brand","embeddable":true,"href":"https:\/\/yeezy.xianzhi.org\/index.php?rest_route=%2Fwp%2Fv2%2Fproduct_brand&post=22549"},{"taxonomy":"product_cat","embeddable":true,"href":"https:\/\/yeezy.xianzhi.org\/index.php?rest_route=%2Fwp%2Fv2%2Fproduct_cat&post=22549"},{"taxonomy":"product_tag","embeddable":true,"href":"https:\/\/yeezy.xianzhi.org\/index.php?rest_route=%2Fwp%2Fv2%2Fproduct_tag&post=22549"}],"curies":[{"name":"wp","href":"https:\/\/api.w.org\/{rel}","templated":true}]}}