{"id":22545,"date":"2025-07-15T00:57:03","date_gmt":"2025-07-14T16:57:03","guid":{"rendered":"https:\/\/yeezy.xianzhi.org\/?post_type=product&#038;p=22545"},"modified":"2025-07-15T01:32:27","modified_gmt":"2025-07-14T17:32:27","slug":"adidas-yeezy-boost-350-v2-linen","status":"publish","type":"product","link":"https:\/\/yeezy.xianzhi.org\/?product=adidas-yeezy-boost-350-v2-linen","title":{"rendered":"Adidas Yeezy Boost 350 V2 Linen"},"content":{"rendered":"<div>\n<p>La<span>\u00a0<\/span><strong>Adidas Yeezy Boost 350 V2 Linen<\/strong><span>\u00a0<\/span>adopte le style classique des silhouettes 350 V2. Majoritairement dans des tons beiges rappelant la couleur du lin. l&#8217;int\u00e9rieur de la paire est quant \u00e0 lui v\u00eatu d&#8217;un gris\/bleu qui s&#8217;accorde \u00e0 perfection avec la bande grise semi-translucide qui habille le c\u00f4t\u00e9 de la paire.<\/p>\n<p>L&#8217;arriv\u00e9e de la saison printani\u00e8re est donc marqu\u00e9e par des sorties tr\u00e8s attendues c\u00f4t\u00e9 Yeezy. \u00e0 l&#8217;instar de cette nouvelle 350 V2 Linen ou encore de la <strong><\/strong>\u2026 Des bonnes nouvelles qui r\u00e9jouissent d\u00e9j\u00e0 le public de Adidas et Kanye West !<\/p>\n<p><strong>Date de sortie<\/strong><span>\u00a0<\/span>: Avril 2020<br \/><strong>Colorway<\/strong><span>\u00a0<\/span>: LINEN\/LINEN\/LINEN<\/p>\n<\/div>\n","protected":false},"excerpt":{"rendered":"<p>La\u00a0Adidas Yeezy Boost 350 V2 Linen\u00a0adopte le style clas [&hellip;]<\/p>\n","protected":false},"featured_media":22546,"template":"","meta":[],"product_brand":[],"product_cat":[176,43],"product_tag":[],"class_list":{"0":"post-22545","1":"product","2":"type-product","3":"status-publish","4":"has-post-thumbnail","6":"product_cat-sneakers","7":"product_cat-yeezy-350-v2","9":"first","10":"instock","11":"sale","12":"shipping-taxable","13":"purchasable","14":"product-type-variable"},"_links":{"self":[{"href":"https:\/\/yeezy.xianzhi.org\/index.php?rest_route=\/wp\/v2\/product\/22545","targetHints":{"allow":["GET"]}}],"collection":[{"href":"https:\/\/yeezy.xianzhi.org\/index.php?rest_route=\/wp\/v2\/product"}],"about":[{"href":"https:\/\/yeezy.xianzhi.org\/index.php?rest_route=\/wp\/v2\/types\/product"}],"wp:featuredmedia":[{"embeddable":true,"href":"https:\/\/yeezy.xianzhi.org\/index.php?rest_route=\/wp\/v2\/media\/22546"}],"wp:attachment":[{"href":"https:\/\/yeezy.xianzhi.org\/index.php?rest_route=%2Fwp%2Fv2%2Fmedia&parent=22545"}],"wp:term":[{"taxonomy":"product_brand","embeddable":true,"href":"https:\/\/yeezy.xianzhi.org\/index.php?rest_route=%2Fwp%2Fv2%2Fproduct_brand&post=22545"},{"taxonomy":"product_cat","embeddable":true,"href":"https:\/\/yeezy.xianzhi.org\/index.php?rest_route=%2Fwp%2Fv2%2Fproduct_cat&post=22545"},{"taxonomy":"product_tag","embeddable":true,"href":"https:\/\/yeezy.xianzhi.org\/index.php?rest_route=%2Fwp%2Fv2%2Fproduct_tag&post=22545"}],"curies":[{"name":"wp","href":"https:\/\/api.w.org\/{rel}","templated":true}]}}