{"id":22539,"date":"2025-07-15T00:56:57","date_gmt":"2025-07-14T16:56:57","guid":{"rendered":"https:\/\/yeezy.xianzhi.org\/?post_type=product&#038;p=22539"},"modified":"2025-07-15T01:32:28","modified_gmt":"2025-07-14T17:32:28","slug":"adidas-yeezy-boost-350-v2-cmpct-slate-bone","status":"publish","type":"product","link":"https:\/\/yeezy.xianzhi.org\/?product=adidas-yeezy-boost-350-v2-cmpct-slate-bone","title":{"rendered":"Adidas Yeezy Boost 350 V2 Cmpct Slate Bone"},"content":{"rendered":"<p>Ye\u00a0et ses \u00e9quipes cr\u00e9atives nous d\u00e9voilent une nouvelle it\u00e9ration CMPCT de la<span>\u00a0<\/span><span style=\"text-decoration: underline;\"><\/span><span>\u00a0<\/span>aux tons neutres.\u00a0<\/p>\n<p>La<span>\u00a0<\/span><strong>Adidas Yeezy 350 V2 CMPCT Slate Bone<\/strong><span>\u00a0<\/span>arbore une base en Primeknit blanc aux d\u00e9tails brod\u00e9s gris. Son col resserr\u00e9 vient offrir un maintien optimal \u00e0 la cheville. Une semelle beige dot\u00e9e de la technologie BOOST finalise le design avant-gardiste.<\/p>\n<p>Apr\u00e8s l&#8217;\u00e9dition<span>\u00a0<\/span>. le label<span>\u00a0<\/span><span>\u00a0nous offre une alternative futuriste de son mod\u00e8le iconique<\/span>\u00a0avec un coloris discret et minimaliste !\u00a0<\/p>\n<p><strong>SKU<\/strong> :\u00a0<meta charset=\"utf-8\"><span data-mce-fragment=\"1\">H06519<\/span><br \/><strong>Date de sortie<\/strong> : Octobre 2022<br \/><strong>Colorway<\/strong> :\u00a0SLATE BONE\/SLATE BONE\/SLATE BONE<\/p>\n","protected":false},"excerpt":{"rendered":"<p>Ye\u00a0et ses \u00e9quipes cr\u00e9atives nous d\u00e9voilent une nouvelle [&hellip;]<\/p>\n","protected":false},"featured_media":22543,"template":"","meta":[],"product_brand":[],"product_cat":[176,43],"product_tag":[],"class_list":{"0":"post-22539","1":"product","2":"type-product","3":"status-publish","4":"has-post-thumbnail","6":"product_cat-sneakers","7":"product_cat-yeezy-350-v2","9":"first","10":"instock","11":"sale","12":"shipping-taxable","13":"purchasable","14":"product-type-variable"},"_links":{"self":[{"href":"https:\/\/yeezy.xianzhi.org\/index.php?rest_route=\/wp\/v2\/product\/22539","targetHints":{"allow":["GET"]}}],"collection":[{"href":"https:\/\/yeezy.xianzhi.org\/index.php?rest_route=\/wp\/v2\/product"}],"about":[{"href":"https:\/\/yeezy.xianzhi.org\/index.php?rest_route=\/wp\/v2\/types\/product"}],"wp:featuredmedia":[{"embeddable":true,"href":"https:\/\/yeezy.xianzhi.org\/index.php?rest_route=\/wp\/v2\/media\/22543"}],"wp:attachment":[{"href":"https:\/\/yeezy.xianzhi.org\/index.php?rest_route=%2Fwp%2Fv2%2Fmedia&parent=22539"}],"wp:term":[{"taxonomy":"product_brand","embeddable":true,"href":"https:\/\/yeezy.xianzhi.org\/index.php?rest_route=%2Fwp%2Fv2%2Fproduct_brand&post=22539"},{"taxonomy":"product_cat","embeddable":true,"href":"https:\/\/yeezy.xianzhi.org\/index.php?rest_route=%2Fwp%2Fv2%2Fproduct_cat&post=22539"},{"taxonomy":"product_tag","embeddable":true,"href":"https:\/\/yeezy.xianzhi.org\/index.php?rest_route=%2Fwp%2Fv2%2Fproduct_tag&post=22539"}],"curies":[{"name":"wp","href":"https:\/\/api.w.org\/{rel}","templated":true}]}}