{"id":22538,"date":"2025-07-15T00:56:57","date_gmt":"2025-07-14T16:56:57","guid":{"rendered":"https:\/\/yeezy.xianzhi.org\/?post_type=product&#038;p=22538"},"modified":"2025-07-15T01:32:27","modified_gmt":"2025-07-14T17:32:27","slug":"adidas-yeezy-boost-350-v2-slate","status":"publish","type":"product","link":"https:\/\/yeezy.xianzhi.org\/?product=adidas-yeezy-boost-350-v2-slate","title":{"rendered":"Adidas Yeezy Boost 350 V2 Slate"},"content":{"rendered":"<p>Silhouette iconique du label de <strong>Kanye West<\/strong>. la  revient sous une robe claire qui tombe \u00e0 pic pour la saison !\u00a0<\/p>\n<p>La <strong>Adidas Yeezy Boost 350 V2 Slate<\/strong> d\u00e9voile une base en <strong>Primeknit beige<\/strong> aux lacets gris. Une bande lat\u00e9rale noire. dot\u00e9e de l&#8217;inscription &#8220;SPLY-350&#8221;. orne le panel ext\u00e9rieur. Toute l&#8217;ensemble repose sur une semelle translucide \u00e0 l&#8217;amorti <strong>BOOST<\/strong>.\u00a0<\/p>\n<p>V\u00e9ritable must-have. la populaire  continue de se r\u00e9inventer \u00e0 travers plusieurs coloris in\u00e9dits sign\u00e9s Ye.\u00a0<\/p>\n<p><strong>SKU<\/strong> : HP7870<br \/><strong>Date de sortie<\/strong> : Septembre 2022<br \/><strong>Colorway<\/strong> : SLATE\/CORE BLACK\/SLATE\u00a0<\/p>\n","protected":false},"excerpt":{"rendered":"<p>Silhouette iconique du label de Kanye West. la revient  [&hellip;]<\/p>\n","protected":false},"featured_media":22540,"template":"","meta":[],"product_brand":[],"product_cat":[176,43],"product_tag":[],"class_list":{"0":"post-22538","1":"product","2":"type-product","3":"status-publish","4":"has-post-thumbnail","6":"product_cat-sneakers","7":"product_cat-yeezy-350-v2","9":"first","10":"instock","11":"sale","12":"shipping-taxable","13":"purchasable","14":"product-type-variable"},"_links":{"self":[{"href":"https:\/\/yeezy.xianzhi.org\/index.php?rest_route=\/wp\/v2\/product\/22538","targetHints":{"allow":["GET"]}}],"collection":[{"href":"https:\/\/yeezy.xianzhi.org\/index.php?rest_route=\/wp\/v2\/product"}],"about":[{"href":"https:\/\/yeezy.xianzhi.org\/index.php?rest_route=\/wp\/v2\/types\/product"}],"wp:featuredmedia":[{"embeddable":true,"href":"https:\/\/yeezy.xianzhi.org\/index.php?rest_route=\/wp\/v2\/media\/22540"}],"wp:attachment":[{"href":"https:\/\/yeezy.xianzhi.org\/index.php?rest_route=%2Fwp%2Fv2%2Fmedia&parent=22538"}],"wp:term":[{"taxonomy":"product_brand","embeddable":true,"href":"https:\/\/yeezy.xianzhi.org\/index.php?rest_route=%2Fwp%2Fv2%2Fproduct_brand&post=22538"},{"taxonomy":"product_cat","embeddable":true,"href":"https:\/\/yeezy.xianzhi.org\/index.php?rest_route=%2Fwp%2Fv2%2Fproduct_cat&post=22538"},{"taxonomy":"product_tag","embeddable":true,"href":"https:\/\/yeezy.xianzhi.org\/index.php?rest_route=%2Fwp%2Fv2%2Fproduct_tag&post=22538"}],"curies":[{"name":"wp","href":"https:\/\/api.w.org\/{rel}","templated":true}]}}