{"id":22530,"date":"2025-07-15T00:56:50","date_gmt":"2025-07-14T16:56:50","guid":{"rendered":"https:\/\/yeezy.xianzhi.org\/?product=adidas-yeezy-boost-350-turtledove"},"modified":"2025-07-15T01:32:28","modified_gmt":"2025-07-14T17:32:28","slug":"adidas-yeezy-boost-350-turtledove","status":"publish","type":"product","link":"https:\/\/yeezy.xianzhi.org\/?product=adidas-yeezy-boost-350-turtledove","title":{"rendered":"Adidas Yeezy Boost 350 Turtledove"},"content":{"rendered":"<p>Deuxi\u00e8me mod\u00e8le d\u00e9voil\u00e9 \u00e0 l&#8217;occasion de la collaboration entre\u00a0 et <strong>Adidas<\/strong>. la\u00a0<strong><span style=\"text-decoration: underline;\"><\/span><\/strong> premi\u00e8re du nom fait son retour dans son coloris tachet\u00e9 embl\u00e9matique !\u00a0<\/p>\n<p>La\u00a0<strong>Yeezy Boost 350 Turtledove<\/strong> affiche une base en<strong> Primeknit beige<\/strong> sur laquelle sont appos\u00e9es plusieurs <strong>rayures\u00a0noires<\/strong>. Ce m\u00eame beige est utilis\u00e9 sur la mythique semelle <strong>Boost<\/strong>. De l\u00e9gers <strong>pointill\u00e9s rouges<\/strong> apportent du d\u00e9tail \u00e0 la sangle situ\u00e9e au niveau du talon. Dans un demi-cercle noir incrust\u00e9 sur la face int\u00e9rieure. on peut lire &#8220;<strong>YZY<\/strong>&#8221; sur le pied droit et y voir le logo <strong>Adidas<\/strong> sur le pied gauche.<\/p>\n<p><meta charset=\"utf-8\">Commercialis\u00e9e pour la premi\u00e8re fois en 2015. la toute premi\u00e8re <strong>Yeezy 350<\/strong> fait son grand retour apr\u00e8s des ann\u00e9es d&#8217;attente !\u00a0<\/p>\n<p><meta charset=\"utf-8\"><strong>SKU<\/strong><span>\u00a0: AQ4832<\/span><br \/><strong>Date de sortie<\/strong><span>\u00a0: Ao\u00fbt 2022<\/span><br \/><strong>Colorway<\/strong><span>\u00a0:\u00a0TURTLEDOVE\/BLUE GREY-WHITE<\/span><\/p>\n","protected":false},"excerpt":{"rendered":"<p>Deuxi\u00e8me mod\u00e8le d\u00e9voil\u00e9 \u00e0 l&#8217;occasion de la collab [&hellip;]<\/p>\n","protected":false},"featured_media":22529,"template":"","meta":[],"product_brand":[],"product_cat":[176,43],"product_tag":[],"class_list":{"0":"post-22530","1":"product","2":"type-product","3":"status-publish","4":"has-post-thumbnail","6":"product_cat-sneakers","7":"product_cat-yeezy-350-v2","9":"first","10":"instock","11":"sale","12":"shipping-taxable","13":"purchasable","14":"product-type-variable"},"_links":{"self":[{"href":"https:\/\/yeezy.xianzhi.org\/index.php?rest_route=\/wp\/v2\/product\/22530","targetHints":{"allow":["GET"]}}],"collection":[{"href":"https:\/\/yeezy.xianzhi.org\/index.php?rest_route=\/wp\/v2\/product"}],"about":[{"href":"https:\/\/yeezy.xianzhi.org\/index.php?rest_route=\/wp\/v2\/types\/product"}],"wp:featuredmedia":[{"embeddable":true,"href":"https:\/\/yeezy.xianzhi.org\/index.php?rest_route=\/wp\/v2\/media\/22529"}],"wp:attachment":[{"href":"https:\/\/yeezy.xianzhi.org\/index.php?rest_route=%2Fwp%2Fv2%2Fmedia&parent=22530"}],"wp:term":[{"taxonomy":"product_brand","embeddable":true,"href":"https:\/\/yeezy.xianzhi.org\/index.php?rest_route=%2Fwp%2Fv2%2Fproduct_brand&post=22530"},{"taxonomy":"product_cat","embeddable":true,"href":"https:\/\/yeezy.xianzhi.org\/index.php?rest_route=%2Fwp%2Fv2%2Fproduct_cat&post=22530"},{"taxonomy":"product_tag","embeddable":true,"href":"https:\/\/yeezy.xianzhi.org\/index.php?rest_route=%2Fwp%2Fv2%2Fproduct_tag&post=22530"}],"curies":[{"name":"wp","href":"https:\/\/api.w.org\/{rel}","templated":true}]}}