{"id":22518,"date":"2025-07-15T00:56:39","date_gmt":"2025-07-14T16:56:39","guid":{"rendered":"https:\/\/yeezy.xianzhi.org\/?post_type=product&#038;p=22518"},"modified":"2025-07-15T01:32:28","modified_gmt":"2025-07-14T17:32:28","slug":"adidas-yeezy-350-boost-v2-zebra","status":"publish","type":"product","link":"https:\/\/yeezy.xianzhi.org\/?product=adidas-yeezy-350-boost-v2-zebra","title":{"rendered":"Adidas Yeezy 350 Boost V2 Zebra"},"content":{"rendered":"<p><strong><\/strong><meta charset=\"utf-8\"><b data-mce-fragment=\"1\" data-stringify-type=\"bold\"><\/b>La <strong>Yeezy Boost 350 V2 Zebra<\/strong> est sans conteste l&#8217;un des mod\u00e8les les plus appr\u00e9ci\u00e9s de la collection . Ultra-populaire. la cr\u00e9ation de Kanye West d\u00e9cha\u00eene encore les passions. et ce. depuis sa premi\u00e8re sortie en 2017.<\/p>\n<p>Avec ce coloris noir et blanc. <strong>Adidas et Yeezy<\/strong> frappent un grand coup et cr\u00e9ent un coloris iconique pour l&#8217;histoire de la sneakers. Le motif zebr\u00e9 de la <strong>Yeezy Boost 350 V2 Zebra<\/strong>. ses surpiqures rouges ainsi que sur le heel tab font de ce mod\u00e8le un must have de la collection V2. <\/p>\n<p>Sortie initialement en f\u00e9vrier 2017. la <strong>Yeezy Boost 350 V2 Zebra<\/strong> a restock plusieurs fois depuis sa premi\u00e8re apparition. c&#8217;est notamment le cas ce mois de d\u00e9cembre 2020. Une bonne fa\u00e7on de finir l&#8217;ann\u00e9e pour l&#8217;un des mod\u00e8les les plus recherch\u00e9s \u00e0 ce jour !<\/p>\n<p><strong>SKU<\/strong> : CP9654<br \/> <strong>Date de sortie<\/strong> : F\u00e9vrier 2017<br \/> <strong>Colorway<\/strong> : WHITE\/CORE BLACK\/RED<\/p>\n","protected":false},"excerpt":{"rendered":"<p>La Yeezy Boost 350 V2 Zebra est sans conteste l&#8217;u [&hellip;]<\/p>\n","protected":false},"featured_media":22522,"template":"","meta":[],"product_brand":[],"product_cat":[176,43],"product_tag":[],"class_list":{"0":"post-22518","1":"product","2":"type-product","3":"status-publish","4":"has-post-thumbnail","6":"product_cat-sneakers","7":"product_cat-yeezy-350-v2","9":"first","10":"instock","11":"sale","12":"shipping-taxable","13":"purchasable","14":"product-type-variable"},"_links":{"self":[{"href":"https:\/\/yeezy.xianzhi.org\/index.php?rest_route=\/wp\/v2\/product\/22518","targetHints":{"allow":["GET"]}}],"collection":[{"href":"https:\/\/yeezy.xianzhi.org\/index.php?rest_route=\/wp\/v2\/product"}],"about":[{"href":"https:\/\/yeezy.xianzhi.org\/index.php?rest_route=\/wp\/v2\/types\/product"}],"wp:featuredmedia":[{"embeddable":true,"href":"https:\/\/yeezy.xianzhi.org\/index.php?rest_route=\/wp\/v2\/media\/22522"}],"wp:attachment":[{"href":"https:\/\/yeezy.xianzhi.org\/index.php?rest_route=%2Fwp%2Fv2%2Fmedia&parent=22518"}],"wp:term":[{"taxonomy":"product_brand","embeddable":true,"href":"https:\/\/yeezy.xianzhi.org\/index.php?rest_route=%2Fwp%2Fv2%2Fproduct_brand&post=22518"},{"taxonomy":"product_cat","embeddable":true,"href":"https:\/\/yeezy.xianzhi.org\/index.php?rest_route=%2Fwp%2Fv2%2Fproduct_cat&post=22518"},{"taxonomy":"product_tag","embeddable":true,"href":"https:\/\/yeezy.xianzhi.org\/index.php?rest_route=%2Fwp%2Fv2%2Fproduct_tag&post=22518"}],"curies":[{"name":"wp","href":"https:\/\/api.w.org\/{rel}","templated":true}]}}