{"id":22512,"date":"2025-07-15T00:56:33","date_gmt":"2025-07-14T16:56:33","guid":{"rendered":"https:\/\/yeezy.xianzhi.org\/?post_type=product&#038;p=22512"},"modified":"2025-07-15T01:32:28","modified_gmt":"2025-07-14T17:32:28","slug":"adidas-yeezy-boost-350-v2-black-reflective","status":"publish","type":"product","link":"https:\/\/yeezy.xianzhi.org\/?product=adidas-yeezy-boost-350-v2-black-reflective","title":{"rendered":"Adidas Yeezy Boost 350 V2 Black Reflective"},"content":{"rendered":"<p><strong><\/strong><meta charset=\"utf-8\"><b data-stringify-type=\"bold\" data-mce-fragment=\"1\"><\/b>La <strong>Yeezy 350 Boost V2<\/strong> est l&#8217;un des mod\u00e8les les plus populaires de la marque de Kanye West et Adidas. Yeezy. Cette version <strong>Reflective Static Black<\/strong> reprend l&#8217;un des coloris les plus sobres mais aussi les plus aim\u00e9s de la gamme pour lui ajouter une touche r\u00e9fl\u00e9chissante.<\/p>\n<p>Avec ce coloris. Adidas et Yeezy mettent \u00e0 jour le mod\u00e8le <strong>Pirate Black<\/strong> dans une version V2 de la Yeezy Boost 350. Le mod\u00e8le est compos\u00e9 d&#8217;une base en primeknit noire sur laquelle se trouve une bande en mesh translucide. Dans cette version reflective. la toile se voit \u00e9quip\u00e9e d&#8217;<span>une finition r\u00e9fl\u00e9chissante permettant \u00e0 la paire de s&#8217;illuminer dans le noir. Enfin s<\/span>on design est finalis\u00e9 par une semelle boost noire venant parachever cette \u00e9dition in\u00e9dite.<\/p>\n<p>Avec ce coloris unique. Kanye West et Adidas s&#8217;assurent un grand succ\u00e8s aupr\u00e8s des fans de la marque et des sneakers addicts !<\/p>\n<p><strong>SKU :<\/strong> <span>FU9007<\/span><br \/><strong>Date de sortie :<\/strong> Juin 2019<br \/><strong>Colorway :<\/strong> BLACK\/BLACK-BLACK<\/p>\n","protected":false},"excerpt":{"rendered":"<p>La Yeezy 350 Boost V2 est l&#8217;un des mod\u00e8les les pl [&hellip;]<\/p>\n","protected":false},"featured_media":22513,"template":"","meta":[],"product_brand":[],"product_cat":[176,43],"product_tag":[],"class_list":{"0":"post-22512","1":"product","2":"type-product","3":"status-publish","4":"has-post-thumbnail","6":"product_cat-sneakers","7":"product_cat-yeezy-350-v2","9":"first","10":"instock","11":"sale","12":"shipping-taxable","13":"purchasable","14":"product-type-variable"},"_links":{"self":[{"href":"https:\/\/yeezy.xianzhi.org\/index.php?rest_route=\/wp\/v2\/product\/22512","targetHints":{"allow":["GET"]}}],"collection":[{"href":"https:\/\/yeezy.xianzhi.org\/index.php?rest_route=\/wp\/v2\/product"}],"about":[{"href":"https:\/\/yeezy.xianzhi.org\/index.php?rest_route=\/wp\/v2\/types\/product"}],"wp:featuredmedia":[{"embeddable":true,"href":"https:\/\/yeezy.xianzhi.org\/index.php?rest_route=\/wp\/v2\/media\/22513"}],"wp:attachment":[{"href":"https:\/\/yeezy.xianzhi.org\/index.php?rest_route=%2Fwp%2Fv2%2Fmedia&parent=22512"}],"wp:term":[{"taxonomy":"product_brand","embeddable":true,"href":"https:\/\/yeezy.xianzhi.org\/index.php?rest_route=%2Fwp%2Fv2%2Fproduct_brand&post=22512"},{"taxonomy":"product_cat","embeddable":true,"href":"https:\/\/yeezy.xianzhi.org\/index.php?rest_route=%2Fwp%2Fv2%2Fproduct_cat&post=22512"},{"taxonomy":"product_tag","embeddable":true,"href":"https:\/\/yeezy.xianzhi.org\/index.php?rest_route=%2Fwp%2Fv2%2Fproduct_tag&post=22512"}],"curies":[{"name":"wp","href":"https:\/\/api.w.org\/{rel}","templated":true}]}}