{"id":22505,"date":"2025-07-15T00:56:27","date_gmt":"2025-07-14T16:56:27","guid":{"rendered":"https:\/\/yeezy.xianzhi.org\/?post_type=product&#038;p=22505"},"modified":"2025-07-15T01:32:28","modified_gmt":"2025-07-14T17:32:28","slug":"adidas-yeezy-boost-350-v2-mono-cinder","status":"publish","type":"product","link":"https:\/\/yeezy.xianzhi.org\/?product=adidas-yeezy-boost-350-v2-mono-cinder","title":{"rendered":"Adidas Yeezy Boost 350 V2 Mono Cinder"},"content":{"rendered":"<p><meta charset=\"utf-8\"><\/p>\n<p class=\"p1\" data-mce-fragment=\"1\">Adidas et Kanye West nous d\u00e9voile une quatri\u00e8me it\u00e9ration full black qui vient s&#8217;ajouter au <strong><span class=\"s2\" data-mce-fragment=\"1\">Mono Pack<\/span><\/strong> sortie d\u00e9but juin. <\/p>\n<p>La <b data-mce-fragment=\"1\">Yeezy Boost 350 V2 Mono Cinder<\/b> se pr\u00e9sente comme ses consoeurs avec une tige <b data-mce-fragment=\"1\">translucide<\/b> laissant appara\u00eetre les <b data-mce-fragment=\"1\">motifs<\/b> de sa cage. se distinguant par un colorway majoritairement <b data-mce-fragment=\"1\">noir<\/b>. relev\u00e9 sur l&#8217;upper par des <b data-mce-fragment=\"1\">reflets<\/b> <b data-mce-fragment=\"1\">navy<\/b>. L&#8217;habituelle midsole \u00e9quip\u00e9e de la technologie <b data-mce-fragment=\"1\">Boost<\/b> vient s&#8217;ajouter \u00e0 la cr\u00e9ation.<\/p>\n<p class=\"p2\">Teas\u00e9 depuis plusieurs semaines. ce nouveau <b>Mono Pack<\/b> insuffle une nouvelle \u00e9nergie \u00e0 la gamme des .<\/p>\n<p><strong data-mce-fragment=\"1\">SKU<\/strong><span data-mce-fragment=\"1\"> : <meta charset=\"utf-8\">GX3791<\/span><br data-mce-fragment=\"1\"><strong data-mce-fragment=\"1\">Date de sortie<\/strong><span data-mce-fragment=\"1\"> : Juin 2021<\/span><br data-mce-fragment=\"1\"><strong data-mce-fragment=\"1\">Colorway<\/strong><span data-mce-fragment=\"1\"> : <meta charset=\"utf-8\">MONO CINDER\/MONO CINDER\/MONO CINDER<\/span><\/p>\n","protected":false},"excerpt":{"rendered":"<p>Adidas et Kanye West nous d\u00e9voile une quatri\u00e8me it\u00e9rati [&hellip;]<\/p>\n","protected":false},"featured_media":22508,"template":"","meta":[],"product_brand":[],"product_cat":[176,43],"product_tag":[],"class_list":{"0":"post-22505","1":"product","2":"type-product","3":"status-publish","4":"has-post-thumbnail","6":"product_cat-sneakers","7":"product_cat-yeezy-350-v2","9":"first","10":"instock","11":"sale","12":"shipping-taxable","13":"purchasable","14":"product-type-variable"},"_links":{"self":[{"href":"https:\/\/yeezy.xianzhi.org\/index.php?rest_route=\/wp\/v2\/product\/22505","targetHints":{"allow":["GET"]}}],"collection":[{"href":"https:\/\/yeezy.xianzhi.org\/index.php?rest_route=\/wp\/v2\/product"}],"about":[{"href":"https:\/\/yeezy.xianzhi.org\/index.php?rest_route=\/wp\/v2\/types\/product"}],"wp:featuredmedia":[{"embeddable":true,"href":"https:\/\/yeezy.xianzhi.org\/index.php?rest_route=\/wp\/v2\/media\/22508"}],"wp:attachment":[{"href":"https:\/\/yeezy.xianzhi.org\/index.php?rest_route=%2Fwp%2Fv2%2Fmedia&parent=22505"}],"wp:term":[{"taxonomy":"product_brand","embeddable":true,"href":"https:\/\/yeezy.xianzhi.org\/index.php?rest_route=%2Fwp%2Fv2%2Fproduct_brand&post=22505"},{"taxonomy":"product_cat","embeddable":true,"href":"https:\/\/yeezy.xianzhi.org\/index.php?rest_route=%2Fwp%2Fv2%2Fproduct_cat&post=22505"},{"taxonomy":"product_tag","embeddable":true,"href":"https:\/\/yeezy.xianzhi.org\/index.php?rest_route=%2Fwp%2Fv2%2Fproduct_tag&post=22505"}],"curies":[{"name":"wp","href":"https:\/\/api.w.org\/{rel}","templated":true}]}}