{"id":22504,"date":"2025-07-15T00:56:27","date_gmt":"2025-07-14T16:56:27","guid":{"rendered":"https:\/\/yeezy.xianzhi.org\/?post_type=product&#038;p=22504"},"modified":"2025-07-15T01:32:29","modified_gmt":"2025-07-14T17:32:29","slug":"adidas-yeezy-boost-350-v2-mono-mist","status":"publish","type":"product","link":"https:\/\/yeezy.xianzhi.org\/?product=adidas-yeezy-boost-350-v2-mono-mist","title":{"rendered":"Adidas Yeezy Boost 350 V2 Mono Mist"},"content":{"rendered":"<p>Plusieurs mois apr\u00e8s la sortie de l&#8217;\u00e9dition . le rappeur de Chicago signe le retour de sa fameuse Yeezy 350 V2 avec un nouveau <strong>Mono Pack<\/strong>. D\u00e9voil\u00e9 aux c\u00f4t\u00e9s des versions  et <strong>Mono Clay<\/strong>. on d\u00e9couvre le coloris <strong>Mono Mist<\/strong> !<\/p>\n<p>La <strong>Adidas Yeezy Boost 350 V2 Mono Mist<\/strong> pr\u00e9sente une base <strong>translucide<\/strong> avec une couleur oscillant entre le <strong>marron<\/strong> fonc\u00e9 et le <strong>kaki<\/strong>. On retrouve des motifs sur l&#8217;empeigne qui ne sont pas sans rappeler la <strong>Yeezy 450 Cloud White<\/strong>. L&#8217;habituelle midsole \u00e9quip\u00e9e de la technologie <strong>Boost<\/strong> vient s&#8217;ajouter \u00e0 la cr\u00e9ation.<\/p>\n<p>Teas\u00e9 depuis plusieurs semaines. ce nouveau <strong>Mono Pack<\/strong> insuffle une nouvelle \u00e9nergie \u00e0 la gamme des .<\/p>\n<p><strong>SKU<\/strong> : GW2871 <br \/><strong>Date de sortie<\/strong> : Juin 2021<br \/><strong>Colorway<\/strong> : MONO MIST\/MONO MIST\/MONO MIST<\/p>\n","protected":false},"excerpt":{"rendered":"<p>Plusieurs mois apr\u00e8s la sortie de l&#8217;\u00e9dition . le  [&hellip;]<\/p>\n","protected":false},"featured_media":22506,"template":"","meta":[],"product_brand":[],"product_cat":[176,43],"product_tag":[],"class_list":{"0":"post-22504","1":"product","2":"type-product","3":"status-publish","4":"has-post-thumbnail","6":"product_cat-sneakers","7":"product_cat-yeezy-350-v2","9":"first","10":"instock","11":"sale","12":"shipping-taxable","13":"purchasable","14":"product-type-variable"},"_links":{"self":[{"href":"https:\/\/yeezy.xianzhi.org\/index.php?rest_route=\/wp\/v2\/product\/22504","targetHints":{"allow":["GET"]}}],"collection":[{"href":"https:\/\/yeezy.xianzhi.org\/index.php?rest_route=\/wp\/v2\/product"}],"about":[{"href":"https:\/\/yeezy.xianzhi.org\/index.php?rest_route=\/wp\/v2\/types\/product"}],"wp:featuredmedia":[{"embeddable":true,"href":"https:\/\/yeezy.xianzhi.org\/index.php?rest_route=\/wp\/v2\/media\/22506"}],"wp:attachment":[{"href":"https:\/\/yeezy.xianzhi.org\/index.php?rest_route=%2Fwp%2Fv2%2Fmedia&parent=22504"}],"wp:term":[{"taxonomy":"product_brand","embeddable":true,"href":"https:\/\/yeezy.xianzhi.org\/index.php?rest_route=%2Fwp%2Fv2%2Fproduct_brand&post=22504"},{"taxonomy":"product_cat","embeddable":true,"href":"https:\/\/yeezy.xianzhi.org\/index.php?rest_route=%2Fwp%2Fv2%2Fproduct_cat&post=22504"},{"taxonomy":"product_tag","embeddable":true,"href":"https:\/\/yeezy.xianzhi.org\/index.php?rest_route=%2Fwp%2Fv2%2Fproduct_tag&post=22504"}],"curies":[{"name":"wp","href":"https:\/\/api.w.org\/{rel}","templated":true}]}}