{"id":22493,"date":"2025-07-15T00:56:16","date_gmt":"2025-07-14T16:56:16","guid":{"rendered":"https:\/\/yeezy.xianzhi.org\/?post_type=product&#038;p=22493"},"modified":"2025-07-15T01:32:29","modified_gmt":"2025-07-14T17:32:29","slug":"adidas-yeezy-350-boost-v2-beluga","status":"publish","type":"product","link":"https:\/\/yeezy.xianzhi.org\/?product=adidas-yeezy-350-boost-v2-beluga","title":{"rendered":"Adidas Yeezy 350 Boost V2 Beluga"},"content":{"rendered":"<p><strong><\/strong><meta charset=\"utf-8\"><b data-stringify-type=\"bold\" data-mce-fragment=\"1\"><\/b><strong>Kanye West<\/strong> et <strong>Adidas<\/strong> offrent \u00e0 la  une version 2 au coloris in\u00e9dit ! Le mod\u00e8le le plus populaire de la marque Yeezy revient dans une nouvelle \u00e9dition au look et au design avant-gardiste. portant le nom de <strong>Yeezy 350 V2 Beluga<\/strong>.<\/p>\n<p>Cette Yeezy Boost 350 V2 Beluga se pare d&#8217;une toile en Primeknit zebr\u00e9e dans des tons gris. La base du mod\u00e8le est relev\u00e9e par une bande orange. L&#8217;inscription SPLY-350 vient se fondre ton sur ton avec la couleur de l&#8217;empeigne. Enfin. une semelle \u00e9quip\u00e9e de la technologie Boost vient parachever cette Yeezy.<\/p>\n<p>Ce nouveau coloris imagin\u00e9 par Kanye West risque de cr\u00e9er l&#8217;\u00e9moi chez les fans du rappeur\/designer et plus globalement chez les amateurs de sneakers !<\/p>\n<p><strong>SKU :<\/strong> BB1826<br \/><strong>Date de sortie :<\/strong> Septembre 2016<br \/><strong>Colorway :<\/strong> STEEPLE GRAY\/BELUGA\/SOLAR RED<\/p>\n","protected":false},"excerpt":{"rendered":"<p>Kanye West et Adidas offrent \u00e0 la une version 2 au colo [&hellip;]<\/p>\n","protected":false},"featured_media":22499,"template":"","meta":[],"product_brand":[],"product_cat":[176,43],"product_tag":[],"class_list":{"0":"post-22493","1":"product","2":"type-product","3":"status-publish","4":"has-post-thumbnail","6":"product_cat-sneakers","7":"product_cat-yeezy-350-v2","9":"first","10":"instock","11":"sale","12":"shipping-taxable","13":"purchasable","14":"product-type-variable"},"_links":{"self":[{"href":"https:\/\/yeezy.xianzhi.org\/index.php?rest_route=\/wp\/v2\/product\/22493","targetHints":{"allow":["GET"]}}],"collection":[{"href":"https:\/\/yeezy.xianzhi.org\/index.php?rest_route=\/wp\/v2\/product"}],"about":[{"href":"https:\/\/yeezy.xianzhi.org\/index.php?rest_route=\/wp\/v2\/types\/product"}],"wp:featuredmedia":[{"embeddable":true,"href":"https:\/\/yeezy.xianzhi.org\/index.php?rest_route=\/wp\/v2\/media\/22499"}],"wp:attachment":[{"href":"https:\/\/yeezy.xianzhi.org\/index.php?rest_route=%2Fwp%2Fv2%2Fmedia&parent=22493"}],"wp:term":[{"taxonomy":"product_brand","embeddable":true,"href":"https:\/\/yeezy.xianzhi.org\/index.php?rest_route=%2Fwp%2Fv2%2Fproduct_brand&post=22493"},{"taxonomy":"product_cat","embeddable":true,"href":"https:\/\/yeezy.xianzhi.org\/index.php?rest_route=%2Fwp%2Fv2%2Fproduct_cat&post=22493"},{"taxonomy":"product_tag","embeddable":true,"href":"https:\/\/yeezy.xianzhi.org\/index.php?rest_route=%2Fwp%2Fv2%2Fproduct_tag&post=22493"}],"curies":[{"name":"wp","href":"https:\/\/api.w.org\/{rel}","templated":true}]}}