{"id":22487,"date":"2025-07-15T00:56:10","date_gmt":"2025-07-14T16:56:10","guid":{"rendered":"https:\/\/yeezy.xianzhi.org\/?post_type=product&#038;p=22487"},"modified":"2025-07-15T01:32:29","modified_gmt":"2025-07-14T17:32:29","slug":"adidas-yeezy-350-v2-beluga-2-0","status":"publish","type":"product","link":"https:\/\/yeezy.xianzhi.org\/?product=adidas-yeezy-350-v2-beluga-2-0","title":{"rendered":"Adidas Yeezy 350 V2 Beluga 2 0"},"content":{"rendered":"<p><meta charset=\"utf-8\"><b data-stringify-type=\"bold\" data-mce-fragment=\"1\"><\/b>Plus la peine de pr\u00e9senter la . Depuis la sortie de la Beluga en septembre 2016. plus de 10 coloris ont vu le jour. chacun en rupture de stock quelques heures apr\u00e8s sa sortie.<\/p>\n<p>Reprenant les couleurs de la Yeezy Boost 350 V2<strong> <\/strong>OG en inversant les tons du \u00ab stripe \u00bb et du \u00ab SPLY &#8211; 350 \u00bb. Le Primeknit de la chaussure est compos\u00e9 de son pattern Z\u00e9br\u00e9 gris clair et gris fonc\u00e9. On retrouve des notes de orange sur le heel tab ainsi que pour l&#8217;\u00e9criture \u00ab SPLY-350 \u00bb.<\/p>\n<p>La Beluga 2.0 fait partie du trio de cet hiver. rassemblant la <strong><span style=\"text-decoration: underline;\"><\/span><\/strong> et la <strong><span style=\"text-decoration: underline;\"><\/span><\/strong>. Avec ce mod\u00e8le. Kanye West et Adidas ont voulu donner l&#8217;opportunit\u00e9 de rendre plus accessible cette silhouette. qui d&#8217;ordinaire. est extr\u00eamement limit\u00e9e.<\/p>\n<p><strong>SKU :<\/strong> AH2203<br \/><strong>Date de sortie :<\/strong> Novembre 2017<br \/><strong>Colorway :<\/strong> GREY\/BOLD ORANGE\/DARK GREY<\/p>\n","protected":false},"excerpt":{"rendered":"<p>Plus la peine de pr\u00e9senter la . Depuis la sortie de la  [&hellip;]<\/p>\n","protected":false},"featured_media":22488,"template":"","meta":[],"product_brand":[],"product_cat":[176,43],"product_tag":[],"class_list":{"0":"post-22487","1":"product","2":"type-product","3":"status-publish","4":"has-post-thumbnail","6":"product_cat-sneakers","7":"product_cat-yeezy-350-v2","9":"first","10":"instock","11":"sale","12":"shipping-taxable","13":"purchasable","14":"product-type-variable"},"_links":{"self":[{"href":"https:\/\/yeezy.xianzhi.org\/index.php?rest_route=\/wp\/v2\/product\/22487","targetHints":{"allow":["GET"]}}],"collection":[{"href":"https:\/\/yeezy.xianzhi.org\/index.php?rest_route=\/wp\/v2\/product"}],"about":[{"href":"https:\/\/yeezy.xianzhi.org\/index.php?rest_route=\/wp\/v2\/types\/product"}],"wp:featuredmedia":[{"embeddable":true,"href":"https:\/\/yeezy.xianzhi.org\/index.php?rest_route=\/wp\/v2\/media\/22488"}],"wp:attachment":[{"href":"https:\/\/yeezy.xianzhi.org\/index.php?rest_route=%2Fwp%2Fv2%2Fmedia&parent=22487"}],"wp:term":[{"taxonomy":"product_brand","embeddable":true,"href":"https:\/\/yeezy.xianzhi.org\/index.php?rest_route=%2Fwp%2Fv2%2Fproduct_brand&post=22487"},{"taxonomy":"product_cat","embeddable":true,"href":"https:\/\/yeezy.xianzhi.org\/index.php?rest_route=%2Fwp%2Fv2%2Fproduct_cat&post=22487"},{"taxonomy":"product_tag","embeddable":true,"href":"https:\/\/yeezy.xianzhi.org\/index.php?rest_route=%2Fwp%2Fv2%2Fproduct_tag&post=22487"}],"curies":[{"name":"wp","href":"https:\/\/api.w.org\/{rel}","templated":true}]}}