{"id":22477,"date":"2025-07-15T00:56:01","date_gmt":"2025-07-14T16:56:01","guid":{"rendered":"https:\/\/yeezy.xianzhi.org\/?post_type=product&#038;p=22477"},"modified":"2025-07-15T01:32:29","modified_gmt":"2025-07-14T17:32:29","slug":"yeezy-boost-350-v2-black-red","status":"publish","type":"product","link":"https:\/\/yeezy.xianzhi.org\/?product=yeezy-boost-350-v2-black-red","title":{"rendered":"Yeezy Boost 350 V2 Black Red"},"content":{"rendered":"<p><strong><\/strong><meta charset=\"utf-8\"><b data-stringify-type=\"bold\" data-mce-fragment=\"1\"><\/b>La <strong>Yeezy 350 Boost V2 Bred<\/strong> se d\u00e9marque par sa sobri\u00e9t\u00e9 et sa simplicit\u00e9. Contrairement \u00e0 une majorit\u00e9 de V2 qui arborent un imprim\u00e9 \u00e0 motif. cette Yeezy poss\u00e8de un upper noir monochrome. accompagn\u00e9 de l&#8217;inscription SPLY-350 en <strong>surpiqures rouges. <\/strong>Cette silhouette repose sur une semelle boost noire semi-translucide. <\/p>\n<p>Il est ind\u00e9niable que ce coloris est l&#8217;un des plus grands succ\u00e8s de la collection . rappelant que par moment. la simplicit\u00e9 est un choix judicieux.<\/p>\n<p><strong>SKU :<\/strong> CP9652<br \/><strong>Date de sortie :<\/strong> F\u00e9vrier 2017<br \/><strong>Colorway :<\/strong> CORE BLACK\/CORE BLACK\/RED<\/p>\n","protected":false},"excerpt":{"rendered":"<p>La Yeezy 350 Boost V2 Bred se d\u00e9marque par sa sobri\u00e9t\u00e9  [&hellip;]<\/p>\n","protected":false},"featured_media":22479,"template":"","meta":[],"product_brand":[],"product_cat":[176,43],"product_tag":[],"class_list":{"0":"post-22477","1":"product","2":"type-product","3":"status-publish","4":"has-post-thumbnail","6":"product_cat-sneakers","7":"product_cat-yeezy-350-v2","9":"first","10":"instock","11":"sale","12":"shipping-taxable","13":"purchasable","14":"product-type-variable"},"_links":{"self":[{"href":"https:\/\/yeezy.xianzhi.org\/index.php?rest_route=\/wp\/v2\/product\/22477","targetHints":{"allow":["GET"]}}],"collection":[{"href":"https:\/\/yeezy.xianzhi.org\/index.php?rest_route=\/wp\/v2\/product"}],"about":[{"href":"https:\/\/yeezy.xianzhi.org\/index.php?rest_route=\/wp\/v2\/types\/product"}],"wp:featuredmedia":[{"embeddable":true,"href":"https:\/\/yeezy.xianzhi.org\/index.php?rest_route=\/wp\/v2\/media\/22479"}],"wp:attachment":[{"href":"https:\/\/yeezy.xianzhi.org\/index.php?rest_route=%2Fwp%2Fv2%2Fmedia&parent=22477"}],"wp:term":[{"taxonomy":"product_brand","embeddable":true,"href":"https:\/\/yeezy.xianzhi.org\/index.php?rest_route=%2Fwp%2Fv2%2Fproduct_brand&post=22477"},{"taxonomy":"product_cat","embeddable":true,"href":"https:\/\/yeezy.xianzhi.org\/index.php?rest_route=%2Fwp%2Fv2%2Fproduct_cat&post=22477"},{"taxonomy":"product_tag","embeddable":true,"href":"https:\/\/yeezy.xianzhi.org\/index.php?rest_route=%2Fwp%2Fv2%2Fproduct_tag&post=22477"}],"curies":[{"name":"wp","href":"https:\/\/api.w.org\/{rel}","templated":true}]}}