{"id":22465,"date":"2025-07-15T00:55:51","date_gmt":"2025-07-14T16:55:51","guid":{"rendered":"https:\/\/yeezy.xianzhi.org\/?post_type=product&#038;p=22465"},"modified":"2025-07-15T01:32:29","modified_gmt":"2025-07-14T17:32:29","slug":"adidas-yeezy-boost-350-v2-butter","status":"publish","type":"product","link":"https:\/\/yeezy.xianzhi.org\/?product=adidas-yeezy-boost-350-v2-butter","title":{"rendered":"Adidas Yeezy Boost 350 V2 Butter"},"content":{"rendered":"<p><strong><\/strong><meta charset=\"utf-8\"><b data-stringify-type=\"bold\" data-mce-fragment=\"1\"><\/b>Apr\u00e8s la sortie des Yeezy 500 Desert Rat Blush et Supermoon. la  fait son grand retour cet \u00e9t\u00e9 ! En effet Kanye West et Adidas nous offrent un dernier cadeau avant l&#8217;\u00e9t\u00e9 avec ce coloris uni. comme il l&#8217;avait fait lors de la sortie de la Yeezy 350 V2 Cream en 2017.<\/p>\n<p>Kanye West a su ajouter de nouveaux \u00e9l\u00e9ments sur cette <strong>Yeezy 350 V2 Butter<\/strong> \u00e0 l&#8217;image de la semelle translucide ou encore du branding \u00ab SPLY-350 \u00bb ton-sur-ton. plac\u00e9 sur le cot\u00e9 int\u00e9rieur. Le Primeknit a \u00e9t\u00e9 sp\u00e9cialement retouch\u00e9 par Adidas. donnant ainsi une seconde vie \u00e0 cette silhouette.<\/p>\n<p>Avec son upper jaune p\u00e2le qui n&#8217;est pas sans rappeler celui de la Yeezy 500 Supermoon. la Yeezy 350 V2 Butter sera sans conteste un incontournable de l&#8217;\u00e9t\u00e9 2018 !<\/p>\n<p><strong>SKU :<\/strong> F36980<br \/> <strong>Date de sortie :<\/strong> Juin 2018<br \/> <strong>Colorway :<\/strong> BUTTER\/BUTTER\/BUTTER<\/p>\n","protected":false},"excerpt":{"rendered":"<p>Apr\u00e8s la sortie des Yeezy 500 Desert Rat Blush et Super [&hellip;]<\/p>\n","protected":false},"featured_media":22472,"template":"","meta":[],"product_brand":[],"product_cat":[176,43],"product_tag":[],"class_list":{"0":"post-22465","1":"product","2":"type-product","3":"status-publish","4":"has-post-thumbnail","6":"product_cat-sneakers","7":"product_cat-yeezy-350-v2","9":"first","10":"instock","11":"sale","12":"shipping-taxable","13":"purchasable","14":"product-type-variable"},"_links":{"self":[{"href":"https:\/\/yeezy.xianzhi.org\/index.php?rest_route=\/wp\/v2\/product\/22465","targetHints":{"allow":["GET"]}}],"collection":[{"href":"https:\/\/yeezy.xianzhi.org\/index.php?rest_route=\/wp\/v2\/product"}],"about":[{"href":"https:\/\/yeezy.xianzhi.org\/index.php?rest_route=\/wp\/v2\/types\/product"}],"wp:featuredmedia":[{"embeddable":true,"href":"https:\/\/yeezy.xianzhi.org\/index.php?rest_route=\/wp\/v2\/media\/22472"}],"wp:attachment":[{"href":"https:\/\/yeezy.xianzhi.org\/index.php?rest_route=%2Fwp%2Fv2%2Fmedia&parent=22465"}],"wp:term":[{"taxonomy":"product_brand","embeddable":true,"href":"https:\/\/yeezy.xianzhi.org\/index.php?rest_route=%2Fwp%2Fv2%2Fproduct_brand&post=22465"},{"taxonomy":"product_cat","embeddable":true,"href":"https:\/\/yeezy.xianzhi.org\/index.php?rest_route=%2Fwp%2Fv2%2Fproduct_cat&post=22465"},{"taxonomy":"product_tag","embeddable":true,"href":"https:\/\/yeezy.xianzhi.org\/index.php?rest_route=%2Fwp%2Fv2%2Fproduct_tag&post=22465"}],"curies":[{"name":"wp","href":"https:\/\/api.w.org\/{rel}","templated":true}]}}