{"id":22464,"date":"2025-07-15T00:55:51","date_gmt":"2025-07-14T16:55:51","guid":{"rendered":"https:\/\/yeezy.xianzhi.org\/?post_type=product&#038;p=22464"},"modified":"2025-07-15T01:32:29","modified_gmt":"2025-07-14T17:32:29","slug":"adidas-yeezy-boost-350-v2-sesame","status":"publish","type":"product","link":"https:\/\/yeezy.xianzhi.org\/?product=adidas-yeezy-boost-350-v2-sesame","title":{"rendered":"Adidas Yeezy Boost 350 V2 Sesame"},"content":{"rendered":"<p><strong><\/strong><meta charset=\"utf-8\"><b data-stringify-type=\"bold\" data-mce-fragment=\"1\"><\/b>Depuis la r\u00e9v\u00e9lation de la silhouette  lors de la collection Yeezy Season 3. les coloris s&#8217;enchainent et le succ\u00e8s continue d&#8217;\u00eatre au rendez-vous pour Kanye West et Adidas. Il est ind\u00e9niable que la Yeezy Boost 350 V2 est l&#8217;un des mod\u00e8les ayant connu le plus de succ\u00e8s ces derni\u00e8res ann\u00e9es !<\/p>\n<p>Pour ce dernier coloris de l&#8217;ann\u00e9e. Adidas et Kanye West d\u00e9voilent une teinte sobre et minimaliste pouvant s&#8217;accorder avec de nombreux looks. la <strong>Yeezy Boost 350 V2 Sesame<\/strong>. On retrouve le fameux upper. une toile en Primeknit partag\u00e9e entre du gris clair et du blanc cass\u00e9. un coloris unique nomm\u00e9 pour l&#8217;occasion &#8220;Sesame&#8221;. L&#8217;inscription<span> SPLY-350 dispara\u00eet. pour donner \u00e0 ce mod\u00e8le sa silhouette monochrome<\/span>. L&#8217;ensemble repose sur une semelle Boost permettant un confort optimal.<\/p>\n<p> Ce coloris in\u00e9dit ne manquera pas de cr\u00e9er la sensation chez les amateurs du m\u00e9diatique designer Kanye West et plus g\u00e9n\u00e9ralement chez les fans d&#8217;Adidas et de sneakers.<\/p>\n<p><strong>SKU :<\/strong> F99710<br \/><strong>Date de sortie :<\/strong> Novembre 2018<br \/><strong>Colorway :<\/strong> SESAME\/SESAME\/SESAME<\/p>\n","protected":false},"excerpt":{"rendered":"<p>Depuis la r\u00e9v\u00e9lation de la silhouette lors de la collec [&hellip;]<\/p>\n","protected":false},"featured_media":22467,"template":"","meta":[],"product_brand":[],"product_cat":[176,43],"product_tag":[],"class_list":{"0":"post-22464","1":"product","2":"type-product","3":"status-publish","4":"has-post-thumbnail","6":"product_cat-sneakers","7":"product_cat-yeezy-350-v2","9":"first","10":"instock","11":"sale","12":"shipping-taxable","13":"purchasable","14":"product-type-variable"},"_links":{"self":[{"href":"https:\/\/yeezy.xianzhi.org\/index.php?rest_route=\/wp\/v2\/product\/22464","targetHints":{"allow":["GET"]}}],"collection":[{"href":"https:\/\/yeezy.xianzhi.org\/index.php?rest_route=\/wp\/v2\/product"}],"about":[{"href":"https:\/\/yeezy.xianzhi.org\/index.php?rest_route=\/wp\/v2\/types\/product"}],"wp:featuredmedia":[{"embeddable":true,"href":"https:\/\/yeezy.xianzhi.org\/index.php?rest_route=\/wp\/v2\/media\/22467"}],"wp:attachment":[{"href":"https:\/\/yeezy.xianzhi.org\/index.php?rest_route=%2Fwp%2Fv2%2Fmedia&parent=22464"}],"wp:term":[{"taxonomy":"product_brand","embeddable":true,"href":"https:\/\/yeezy.xianzhi.org\/index.php?rest_route=%2Fwp%2Fv2%2Fproduct_brand&post=22464"},{"taxonomy":"product_cat","embeddable":true,"href":"https:\/\/yeezy.xianzhi.org\/index.php?rest_route=%2Fwp%2Fv2%2Fproduct_cat&post=22464"},{"taxonomy":"product_tag","embeddable":true,"href":"https:\/\/yeezy.xianzhi.org\/index.php?rest_route=%2Fwp%2Fv2%2Fproduct_tag&post=22464"}],"curies":[{"name":"wp","href":"https:\/\/api.w.org\/{rel}","templated":true}]}}