{"id":22457,"date":"2025-07-15T00:55:44","date_gmt":"2025-07-14T16:55:44","guid":{"rendered":"https:\/\/yeezy.xianzhi.org\/?post_type=product&#038;p=22457"},"modified":"2025-07-15T01:32:30","modified_gmt":"2025-07-14T17:32:30","slug":"adidas-yeezy-boost-350-v2-hyperspace","status":"publish","type":"product","link":"https:\/\/yeezy.xianzhi.org\/?product=adidas-yeezy-boost-350-v2-hyperspace","title":{"rendered":"Adidas Yeezy Boost 350 V2 Hyperspace"},"content":{"rendered":"<p><strong><\/strong><meta charset=\"utf-8\"><b data-stringify-type=\"bold\" data-mce-fragment=\"1\"><\/b>La <strong>Yeezy Boost 350 V2<\/strong> est la silhouette phare de la marque Yeezy. cr\u00e9\u00e9e par Kanye West et Adidas. Trois nouveaux coloris sont mis \u00e0 l&#8217;honneur pour cette sortie. Fait exceptionnel : chaque coloris sort au sein d&#8217;une zone g\u00e9ographique propre. La Clay en Am\u00e9rique. la True Form en Europe et en Afrique et la <strong>Hyperspace<\/strong> sortira en Asie.<\/p>\n<p>La <strong>Yeezy 350 V2 Hyperspace<\/strong> est compos\u00e9e d&#8217;une toile Primeknit aux tons gris clairs et aux reflets bleut\u00e9s. La bande lat\u00e9rale transparente rappelle le design de la <strong>Yeezy 350 V2 Static<\/strong>. Enfin l&#8217;aspect cream de l&#8217;outsole se retrouve sur le pull tab arri\u00e8re et \u00e0 l&#8217;int\u00e9rieur de la bande transparente lat\u00e9rale.<\/p>\n<p>Ces nouvelles \u00e9ditions \u00e9v\u00e9nements viennent compl\u00e9ter la collection de cette silhouette pl\u00e9biscit\u00e9e par tous les amateurs de sneakers ! <\/p>\n<p><strong>SKU :<\/strong> EG7491 <br \/><strong>Date de sortie :<\/strong> Mars 2019 <br \/><strong>Colorway :<\/strong> GREY\/GREY\/GREY<\/p>\n","protected":false},"excerpt":{"rendered":"<p>La Yeezy Boost 350 V2 est la silhouette phare de la mar [&hellip;]<\/p>\n","protected":false},"featured_media":22458,"template":"","meta":[],"product_brand":[],"product_cat":[176,43],"product_tag":[],"class_list":{"0":"post-22457","1":"product","2":"type-product","3":"status-publish","4":"has-post-thumbnail","6":"product_cat-sneakers","7":"product_cat-yeezy-350-v2","9":"first","10":"instock","11":"sale","12":"shipping-taxable","13":"purchasable","14":"product-type-variable"},"_links":{"self":[{"href":"https:\/\/yeezy.xianzhi.org\/index.php?rest_route=\/wp\/v2\/product\/22457","targetHints":{"allow":["GET"]}}],"collection":[{"href":"https:\/\/yeezy.xianzhi.org\/index.php?rest_route=\/wp\/v2\/product"}],"about":[{"href":"https:\/\/yeezy.xianzhi.org\/index.php?rest_route=\/wp\/v2\/types\/product"}],"wp:featuredmedia":[{"embeddable":true,"href":"https:\/\/yeezy.xianzhi.org\/index.php?rest_route=\/wp\/v2\/media\/22458"}],"wp:attachment":[{"href":"https:\/\/yeezy.xianzhi.org\/index.php?rest_route=%2Fwp%2Fv2%2Fmedia&parent=22457"}],"wp:term":[{"taxonomy":"product_brand","embeddable":true,"href":"https:\/\/yeezy.xianzhi.org\/index.php?rest_route=%2Fwp%2Fv2%2Fproduct_brand&post=22457"},{"taxonomy":"product_cat","embeddable":true,"href":"https:\/\/yeezy.xianzhi.org\/index.php?rest_route=%2Fwp%2Fv2%2Fproduct_cat&post=22457"},{"taxonomy":"product_tag","embeddable":true,"href":"https:\/\/yeezy.xianzhi.org\/index.php?rest_route=%2Fwp%2Fv2%2Fproduct_tag&post=22457"}],"curies":[{"name":"wp","href":"https:\/\/api.w.org\/{rel}","templated":true}]}}