{"id":22437,"date":"2025-07-15T00:55:27","date_gmt":"2025-07-14T16:55:27","guid":{"rendered":"https:\/\/yeezy.xianzhi.org\/?post_type=product&#038;p=22437"},"modified":"2025-07-15T01:32:30","modified_gmt":"2025-07-14T17:32:30","slug":"adidas-yeezy-boost-350-v2-lundmark","status":"publish","type":"product","link":"https:\/\/yeezy.xianzhi.org\/?product=adidas-yeezy-boost-350-v2-lundmark","title":{"rendered":"Adidas Yeezy Boost 350 V2 Lundmark"},"content":{"rendered":"<p><strong><\/strong><meta charset=\"utf-8\"><b data-stringify-type=\"bold\" data-mce-fragment=\"1\"><\/b>Des nouvelles \u00e9ditions de la <strong>Yeezy 350 V2<\/strong> sont pr\u00e9vus pour la fin du mois de Juin. Cr\u00e9\u00e9 par Kanye West et Adidas. ces nouveaux mod\u00e8les se veulent presque monochromes. Cette collection est compos\u00e9e de trois nouveaux coloris. d\u00e9clin\u00e9s dans deux versions. reflective et non reflective. Toutes vont sortir dans des zones diff\u00e9rentes du monde. La <strong>Yeezy Boost V2 Lundmark<\/strong>. destin\u00e9e au continent am\u00e9ricain. fait parti de cette future release.<\/p>\n<p>Compos\u00e9e d&#8217;une empeigne Primeknit propre \u00e0 la 350 V2. cette \u00e9dition <strong>Lundmark<\/strong> adopte un coloris aux tons beige et blanc cass\u00e9. Proche de la Antlia. cette nouvelle sneaker se veut l\u00e9g\u00e8rement plus sobre. Cette cr\u00e9ation originale de Kanye West est parachev\u00e9e par une semelle \u00e9quip\u00e9e de la technologie boost.<\/p>\n<p> Une nouvelle Yeezy pour les <strong>sneakers addicts<\/strong>. \u00e0 ajouter \u00e0 la large collection de la marque du rappeur\/designer et d&#8217;Adidas.<\/p>\n<p><strong>SKU :<\/strong> FU9161<br \/><strong>Date de sortie :<\/strong> Juillet 2019<br \/><strong>Colorway :<\/strong> LUNDMARK\/LUNDMARK<\/p>\n","protected":false},"excerpt":{"rendered":"<p>Des nouvelles \u00e9ditions de la Yeezy 350 V2 sont pr\u00e9vus p [&hellip;]<\/p>\n","protected":false},"featured_media":22451,"template":"","meta":[],"product_brand":[],"product_cat":[176,43],"product_tag":[],"class_list":{"0":"post-22437","1":"product","2":"type-product","3":"status-publish","4":"has-post-thumbnail","6":"product_cat-sneakers","7":"product_cat-yeezy-350-v2","9":"first","10":"instock","11":"sale","12":"shipping-taxable","13":"purchasable","14":"product-type-variable"},"_links":{"self":[{"href":"https:\/\/yeezy.xianzhi.org\/index.php?rest_route=\/wp\/v2\/product\/22437","targetHints":{"allow":["GET"]}}],"collection":[{"href":"https:\/\/yeezy.xianzhi.org\/index.php?rest_route=\/wp\/v2\/product"}],"about":[{"href":"https:\/\/yeezy.xianzhi.org\/index.php?rest_route=\/wp\/v2\/types\/product"}],"wp:featuredmedia":[{"embeddable":true,"href":"https:\/\/yeezy.xianzhi.org\/index.php?rest_route=\/wp\/v2\/media\/22451"}],"wp:attachment":[{"href":"https:\/\/yeezy.xianzhi.org\/index.php?rest_route=%2Fwp%2Fv2%2Fmedia&parent=22437"}],"wp:term":[{"taxonomy":"product_brand","embeddable":true,"href":"https:\/\/yeezy.xianzhi.org\/index.php?rest_route=%2Fwp%2Fv2%2Fproduct_brand&post=22437"},{"taxonomy":"product_cat","embeddable":true,"href":"https:\/\/yeezy.xianzhi.org\/index.php?rest_route=%2Fwp%2Fv2%2Fproduct_cat&post=22437"},{"taxonomy":"product_tag","embeddable":true,"href":"https:\/\/yeezy.xianzhi.org\/index.php?rest_route=%2Fwp%2Fv2%2Fproduct_tag&post=22437"}],"curies":[{"name":"wp","href":"https:\/\/api.w.org\/{rel}","templated":true}]}}