{"id":22436,"date":"2025-07-15T00:55:27","date_gmt":"2025-07-14T16:55:27","guid":{"rendered":"https:\/\/yeezy.xianzhi.org\/?post_type=product&#038;p=22436"},"modified":"2025-07-15T01:32:30","modified_gmt":"2025-07-14T17:32:30","slug":"adidas-yeezy-boost-350-v2-yecheil-reflective","status":"publish","type":"product","link":"https:\/\/yeezy.xianzhi.org\/?product=adidas-yeezy-boost-350-v2-yecheil-reflective","title":{"rendered":"Adidas Yeezy Boost 350 V2 Yecheil Reflective"},"content":{"rendered":"<p><strong><\/strong><meta charset=\"utf-8\"><b data-stringify-type=\"bold\" data-mce-fragment=\"1\"><\/b>Apr\u00e8s plusieurs \u00e9ditions monochromes aux tons similaires. la <strong>Yeezy Boost 350 V2<\/strong> prend une toute nouvelle direction et s&#8217;habille d&#8217;une palette multicolor.<\/p>\n<p>Comme sa version . la <strong>Yeezy 350 Yecheil Reflective<\/strong> se pare d&#8217;un upper en mesh compos\u00e9 d&#8217;un tissage de fils noir. rouge. bleu et jaune\/vert. Comme pour toutes les versions r\u00e9flectives. on retrouve des fils blancs <strong>r\u00e9fl\u00e9chissants<\/strong> qui brillent \u00e0 la lumi\u00e8re. La bande transparente lat\u00e9rale pr\u00e9sente sur les derni\u00e8res versions de 350 est \u00e9videmment au rendez-vous. Le design se finalise sur une semelle \u00e9quip\u00e9e de la technologie <strong>Boost<\/strong> pour un confort de r\u00eave.<\/p>\n<p>Yeezy ne fait pas dans l&#8217;originalit\u00e9 avec ce nouveau colorway mais offre une paire tr\u00e8s travaill\u00e9e aux allures <strong>futuristes<\/strong> qui saura s&#8217;adapter aux outfits les plus originaux des sneakerheads.<\/p>\n<p><strong>SKU<\/strong> : FX4145 <br \/><strong>Date de sortie<\/strong> : D\u00e9cembre 2019 <br \/><strong>Colorway<\/strong> : YECHEIL\/YECHEIL\/YECHEIL<\/p>\n","protected":false},"excerpt":{"rendered":"<p>Apr\u00e8s plusieurs \u00e9ditions monochromes aux tons similaire [&hellip;]<\/p>\n","protected":false},"featured_media":22446,"template":"","meta":[],"product_brand":[],"product_cat":[176,43],"product_tag":[],"class_list":{"0":"post-22436","1":"product","2":"type-product","3":"status-publish","4":"has-post-thumbnail","6":"product_cat-sneakers","7":"product_cat-yeezy-350-v2","9":"first","10":"instock","11":"sale","12":"shipping-taxable","13":"purchasable","14":"product-type-variable"},"_links":{"self":[{"href":"https:\/\/yeezy.xianzhi.org\/index.php?rest_route=\/wp\/v2\/product\/22436","targetHints":{"allow":["GET"]}}],"collection":[{"href":"https:\/\/yeezy.xianzhi.org\/index.php?rest_route=\/wp\/v2\/product"}],"about":[{"href":"https:\/\/yeezy.xianzhi.org\/index.php?rest_route=\/wp\/v2\/types\/product"}],"wp:featuredmedia":[{"embeddable":true,"href":"https:\/\/yeezy.xianzhi.org\/index.php?rest_route=\/wp\/v2\/media\/22446"}],"wp:attachment":[{"href":"https:\/\/yeezy.xianzhi.org\/index.php?rest_route=%2Fwp%2Fv2%2Fmedia&parent=22436"}],"wp:term":[{"taxonomy":"product_brand","embeddable":true,"href":"https:\/\/yeezy.xianzhi.org\/index.php?rest_route=%2Fwp%2Fv2%2Fproduct_brand&post=22436"},{"taxonomy":"product_cat","embeddable":true,"href":"https:\/\/yeezy.xianzhi.org\/index.php?rest_route=%2Fwp%2Fv2%2Fproduct_cat&post=22436"},{"taxonomy":"product_tag","embeddable":true,"href":"https:\/\/yeezy.xianzhi.org\/index.php?rest_route=%2Fwp%2Fv2%2Fproduct_tag&post=22436"}],"curies":[{"name":"wp","href":"https:\/\/api.w.org\/{rel}","templated":true}]}}