{"id":22420,"date":"2025-07-15T00:55:15","date_gmt":"2025-07-14T16:55:15","guid":{"rendered":"https:\/\/yeezy.xianzhi.org\/?post_type=product&#038;p=22420"},"modified":"2025-07-15T01:32:31","modified_gmt":"2025-07-14T17:32:31","slug":"adidas-yeezy-boost-350-v2-ash-blue","status":"publish","type":"product","link":"https:\/\/yeezy.xianzhi.org\/?product=adidas-yeezy-boost-350-v2-ash-blue","title":{"rendered":"Adidas Yeezy Boost 350 V2 Ash Blue"},"content":{"rendered":"<p><meta charset=\"utf-8\">Yeezy poursuit la multiplication des coloris pour sa silhouette phare avec une nouvelle  qui se d\u00e9marque des derni\u00e8res versions. Celle-ci pr\u00e9sente des teintes tirant sur le <strong>bleu<\/strong>. encore jamais utilis\u00e9es jusqu&#8217;\u00e0 pr\u00e9sent.<strong><\/p>\n<p><\/strong>La<strong> Adidas Yeezy Boost 350 V2 Ash Blue<\/strong> se pare de la construction habituelle avec une empeigne en Primeknit associant plusieurs teintes de gris et de bleu. On distingue une bande contrastante de couleur beige qui vient compl\u00e9ter le code couleur. Enfin. on retrouve une semelle semi-translucide bleu clair ainsi que des lacets ronds assortis.<strong><\/p>\n<p><\/strong><span data-mce-fragment=\"1\">\u00c0 l&#8217;instar de la <span style=\"text-decoration: underline;\"><strong data-mce-fragment=\"1\"><\/strong><\/span><strong data-mce-fragment=\"1\"> <\/strong><\/span>ou encore de la <strong data-mce-fragment=\"1\"><span data-mce-fragment=\"1\">. <\/span><\/strong>Kanye West semble ajouter de plus en plus de couleurs dans ses cr\u00e9ations. Une direction qui pourrait apporter une nouvelle dynamique aux collections Yeezy et mener la communaut\u00e9 sneakers vers de nouveaux horizons !<br \/><strong><br \/>SKU :<\/strong> <meta charset=\"utf-8\"><span data-mce-fragment=\"1\">GY7657<\/span><br \/><strong>Date de sortie :<\/strong> F\u00e9vrier 2020<br \/><strong>Colorway :<\/strong> ASH BLUE<\/p>\n","protected":false},"excerpt":{"rendered":"<p>Yeezy poursuit la multiplication des coloris pour sa si [&hellip;]<\/p>\n","protected":false},"featured_media":22426,"template":"","meta":[],"product_brand":[],"product_cat":[176,43],"product_tag":[],"class_list":{"0":"post-22420","1":"product","2":"type-product","3":"status-publish","4":"has-post-thumbnail","6":"product_cat-sneakers","7":"product_cat-yeezy-350-v2","9":"first","10":"instock","11":"sale","12":"shipping-taxable","13":"purchasable","14":"product-type-variable"},"_links":{"self":[{"href":"https:\/\/yeezy.xianzhi.org\/index.php?rest_route=\/wp\/v2\/product\/22420","targetHints":{"allow":["GET"]}}],"collection":[{"href":"https:\/\/yeezy.xianzhi.org\/index.php?rest_route=\/wp\/v2\/product"}],"about":[{"href":"https:\/\/yeezy.xianzhi.org\/index.php?rest_route=\/wp\/v2\/types\/product"}],"wp:featuredmedia":[{"embeddable":true,"href":"https:\/\/yeezy.xianzhi.org\/index.php?rest_route=\/wp\/v2\/media\/22426"}],"wp:attachment":[{"href":"https:\/\/yeezy.xianzhi.org\/index.php?rest_route=%2Fwp%2Fv2%2Fmedia&parent=22420"}],"wp:term":[{"taxonomy":"product_brand","embeddable":true,"href":"https:\/\/yeezy.xianzhi.org\/index.php?rest_route=%2Fwp%2Fv2%2Fproduct_brand&post=22420"},{"taxonomy":"product_cat","embeddable":true,"href":"https:\/\/yeezy.xianzhi.org\/index.php?rest_route=%2Fwp%2Fv2%2Fproduct_cat&post=22420"},{"taxonomy":"product_tag","embeddable":true,"href":"https:\/\/yeezy.xianzhi.org\/index.php?rest_route=%2Fwp%2Fv2%2Fproduct_tag&post=22420"}],"curies":[{"name":"wp","href":"https:\/\/api.w.org\/{rel}","templated":true}]}}