{"id":22419,"date":"2025-07-15T00:55:15","date_gmt":"2025-07-14T16:55:15","guid":{"rendered":"https:\/\/yeezy.xianzhi.org\/?post_type=product&#038;p=22419"},"modified":"2025-07-15T01:32:30","modified_gmt":"2025-07-14T17:32:30","slug":"adidas-yeezy-boost-350-v2-sand-taupe","status":"publish","type":"product","link":"https:\/\/yeezy.xianzhi.org\/?product=adidas-yeezy-boost-350-v2-sand-taupe","title":{"rendered":"Adidas Yeezy Boost 350 V2 Sand Taupe"},"content":{"rendered":"<p><meta charset=\"utf-8\"><\/p>\n<p data-mce-fragment=\"1\"><strong data-mce-fragment=\"1\">Kanye West<\/strong><span data-mce-fragment=\"1\"> <\/span>continue sur sa lanc\u00e9e avec<span data-mce-fragment=\"1\"> <\/span><span data-mce-fragment=\"1\"> <\/span>! Ces derniers imaginent ensemble un nouveau coloris parfait pour les saisons froides. Apr\u00e8s plusieurs it\u00e9rations sorties en 2020 telle que la<span data-mce-fragment=\"1\"> <\/span>. on d\u00e9couvre la d\u00e9clinaison<span data-mce-fragment=\"1\"> <\/span><strong data-mce-fragment=\"1\">\u00ab Sand Taupe \u00bb<\/strong>.<\/p>\n<p data-mce-fragment=\"1\">La<span data-mce-fragment=\"1\"> <\/span><strong data-mce-fragment=\"1\">Adidas Yeezy Boost 350 V2 Sand Taupe<\/strong><span data-mce-fragment=\"1\"> <\/span>se pare d&#8217;un upper m\u00e9langeant diff\u00e9rentes teintes de marron. La paire conserve les codes de ses comp\u00e8res. avec une bande semi-translucide sur le quarter panel. On note des lacets ronds ton-sur-ton. La semelle \u00e9quip\u00e9e de la technologie Boost vient apporter la touche de confort.<\/p>\n<p data-mce-fragment=\"1\">L&#8217;artiste originaire de Chicago n&#8217;en finit donc plus de cr\u00e9er de nouvelles d\u00e9clinaisons avec la marque aux trois bandes ! Avec ce coloris in\u00e9dit. la gamme 350 s&#8217;\u00e9largit encore un petit peu plus. pour le grand bonheur des amateurs !<\/p>\n<p data-mce-fragment=\"1\"><strong data-mce-fragment=\"1\">SKU<\/strong><span data-mce-fragment=\"1\"> <\/span>:<span data-mce-fragment=\"1\"> FZ5240<\/span><span data-mce-fragment=\"1\"> <\/span><br data-mce-fragment=\"1\"><strong data-mce-fragment=\"1\">Date de sortie<\/strong><span data-mce-fragment=\"1\"> <\/span>: D\u00e9cembre 2020<span data-mce-fragment=\"1\"> <\/span><br data-mce-fragment=\"1\"><strong data-mce-fragment=\"1\">Colorway<\/strong><span data-mce-fragment=\"1\"> <\/span>:<span data-mce-fragment=\"1\"> BROWN<\/span><span data-mce-fragment=\"1\">\/SAND-TAUPE<\/span><\/p>\n<p><span style=\"margin: 0px auto; border: 2px dotted #000000; position: absolute; z-index: 2147483647; visibility: hidden; left: 465px; width: 0px; top: 119px; height: 0px;\"><\/span><span style=\"z-index: 2147483647; position: absolute; visibility: hidden; left: 450px; width: 50px; top: 104px; height: 20px; font-size: 10px; color: black;\"><\/span><\/p>\n","protected":false},"excerpt":{"rendered":"<p>Kanye West continue sur sa lanc\u00e9e avec ! Ces derniers i [&hellip;]<\/p>\n","protected":false},"featured_media":22421,"template":"","meta":[],"product_brand":[],"product_cat":[176,43],"product_tag":[],"class_list":{"0":"post-22419","1":"product","2":"type-product","3":"status-publish","4":"has-post-thumbnail","6":"product_cat-sneakers","7":"product_cat-yeezy-350-v2","9":"first","10":"instock","11":"sale","12":"shipping-taxable","13":"purchasable","14":"product-type-variable"},"_links":{"self":[{"href":"https:\/\/yeezy.xianzhi.org\/index.php?rest_route=\/wp\/v2\/product\/22419","targetHints":{"allow":["GET"]}}],"collection":[{"href":"https:\/\/yeezy.xianzhi.org\/index.php?rest_route=\/wp\/v2\/product"}],"about":[{"href":"https:\/\/yeezy.xianzhi.org\/index.php?rest_route=\/wp\/v2\/types\/product"}],"wp:featuredmedia":[{"embeddable":true,"href":"https:\/\/yeezy.xianzhi.org\/index.php?rest_route=\/wp\/v2\/media\/22421"}],"wp:attachment":[{"href":"https:\/\/yeezy.xianzhi.org\/index.php?rest_route=%2Fwp%2Fv2%2Fmedia&parent=22419"}],"wp:term":[{"taxonomy":"product_brand","embeddable":true,"href":"https:\/\/yeezy.xianzhi.org\/index.php?rest_route=%2Fwp%2Fv2%2Fproduct_brand&post=22419"},{"taxonomy":"product_cat","embeddable":true,"href":"https:\/\/yeezy.xianzhi.org\/index.php?rest_route=%2Fwp%2Fv2%2Fproduct_cat&post=22419"},{"taxonomy":"product_tag","embeddable":true,"href":"https:\/\/yeezy.xianzhi.org\/index.php?rest_route=%2Fwp%2Fv2%2Fproduct_tag&post=22419"}],"curies":[{"name":"wp","href":"https:\/\/api.w.org\/{rel}","templated":true}]}}