{"id":22408,"date":"2025-07-15T00:55:05","date_gmt":"2025-07-14T16:55:05","guid":{"rendered":"https:\/\/yeezy.xianzhi.org\/?post_type=product&#038;p=22408"},"modified":"2025-07-15T01:32:31","modified_gmt":"2025-07-14T17:32:31","slug":"adidas-yeezy-boost-350-v2-israfil","status":"publish","type":"product","link":"https:\/\/yeezy.xianzhi.org\/?product=adidas-yeezy-boost-350-v2-israfil","title":{"rendered":"Adidas Yeezy Boost 350 V2 Israfil"},"content":{"rendered":"<p><strong><\/strong><meta charset=\"utf-8\"><b data-stringify-type=\"bold\" data-mce-fragment=\"1\"><\/b>La collection des  s&#8217;agrandit avec l&#8217;arriv\u00e9e d&#8217;un nouveau coloris sign\u00e9  et <strong>Kanye West<\/strong>. Avec des tons clairs. cette d\u00e9clinaison sera parfaite pour les jours estivaux.<\/p>\n<p>La <strong>Adidas Yeezy Boost 350 V2 Israfil<\/strong> se pare d&#8217;une empeigne en <strong>PrimeKnit<\/strong> grise. accompagn\u00e9e de la fameuse bande semi-translucide jaune sable. On d\u00e9couvre des lacets gris accord\u00e9s au reste de la paire. La touche finale est donn\u00e9e par la gumsole semi-translucide grise dot\u00e9e de la technologie <strong>Boost<\/strong>. le tout compl\u00e9t\u00e9 pour l&#8217;outsole beige.<\/p>\n<p>Ces \u00e9ditions intemporelles de  ne s&#8217;arr\u00eatent plus. pour le plus grand plaisir des fans. Entre coloris classiques et efficaces et d\u00e9clinaisons plus originales et avant-gardistes. tous les go\u00fbts sont honor\u00e9s chez Yeezy !<\/p>\n<p><strong>SKU<\/strong> : FZ5421 <br \/><strong>Date de sortie<\/strong> : Juin 2020 <br \/><strong>Colorway<\/strong> : ISRAFIL\/ISRAFIL-ISRAFIL<\/p>\n","protected":false},"excerpt":{"rendered":"<p>La collection des s&#8217;agrandit avec l&#8217;arriv\u00e9e [&hellip;]<\/p>\n","protected":false},"featured_media":22414,"template":"","meta":[],"product_brand":[],"product_cat":[176,43],"product_tag":[],"class_list":{"0":"post-22408","1":"product","2":"type-product","3":"status-publish","4":"has-post-thumbnail","6":"product_cat-sneakers","7":"product_cat-yeezy-350-v2","9":"first","10":"instock","11":"sale","12":"shipping-taxable","13":"purchasable","14":"product-type-variable"},"_links":{"self":[{"href":"https:\/\/yeezy.xianzhi.org\/index.php?rest_route=\/wp\/v2\/product\/22408","targetHints":{"allow":["GET"]}}],"collection":[{"href":"https:\/\/yeezy.xianzhi.org\/index.php?rest_route=\/wp\/v2\/product"}],"about":[{"href":"https:\/\/yeezy.xianzhi.org\/index.php?rest_route=\/wp\/v2\/types\/product"}],"wp:featuredmedia":[{"embeddable":true,"href":"https:\/\/yeezy.xianzhi.org\/index.php?rest_route=\/wp\/v2\/media\/22414"}],"wp:attachment":[{"href":"https:\/\/yeezy.xianzhi.org\/index.php?rest_route=%2Fwp%2Fv2%2Fmedia&parent=22408"}],"wp:term":[{"taxonomy":"product_brand","embeddable":true,"href":"https:\/\/yeezy.xianzhi.org\/index.php?rest_route=%2Fwp%2Fv2%2Fproduct_brand&post=22408"},{"taxonomy":"product_cat","embeddable":true,"href":"https:\/\/yeezy.xianzhi.org\/index.php?rest_route=%2Fwp%2Fv2%2Fproduct_cat&post=22408"},{"taxonomy":"product_tag","embeddable":true,"href":"https:\/\/yeezy.xianzhi.org\/index.php?rest_route=%2Fwp%2Fv2%2Fproduct_tag&post=22408"}],"curies":[{"name":"wp","href":"https:\/\/api.w.org\/{rel}","templated":true}]}}