{"id":22407,"date":"2025-07-15T00:55:05","date_gmt":"2025-07-14T16:55:05","guid":{"rendered":"https:\/\/yeezy.xianzhi.org\/?post_type=product&#038;p=22407"},"modified":"2025-07-15T01:32:31","modified_gmt":"2025-07-14T17:32:31","slug":"adidas-yeezy-boost-350-v2-sulfur","status":"publish","type":"product","link":"https:\/\/yeezy.xianzhi.org\/?product=adidas-yeezy-boost-350-v2-sulfur","title":{"rendered":"Adidas Yeezy Boost 350 V2 Sulfur"},"content":{"rendered":"<p><strong><\/strong><meta charset=\"utf-8\"><b data-stringify-type=\"bold\" data-mce-fragment=\"1\"><\/b>Les sorties des mod\u00e8les de la collection <strong>Printemps\/\u00c9t\u00e9 2020<\/strong> s&#8217;enchainent et <strong>Adidas<\/strong> opte une fois de plus pour un coloris dans les tons neutres avec la <strong>Yeezy Boost 350 V2 Sulfur<\/strong>.<\/p>\n<p>La <strong>Adidas<\/strong> <strong>Yeezy Boost 350 V2 Sulfur<\/strong> est dot\u00e9e de l&#8217;habituelle base en PrimeKnit et arbore une teinte <strong>vert olive claire<\/strong>. On note la bande semi-translucide fid\u00e8le \u00e0 la 350 V2 qui elle. tire l\u00e9g\u00e8rement sur un vert plus fonc\u00e9. Du c\u00f4t\u00e9 de la midsole. des lacets et du tirant arri\u00e8re. c&#8217;est un ton plus clair de l&#8217;empeigne qui a \u00e9t\u00e9 choisi pour un design harmonieux et des teintes s&#8217;accordant \u00e0 la perfection. Enfin. une outsole gum peaufine le look de cette nouvelle silhouette.<\/p>\n<p>Cette nouvelle Yeezy vient agrandir la large gamme de coloris propos\u00e9s. de quoi compl\u00e9ter la collection des amateurs de  !<\/p>\n<p><strong>SKU<\/strong> : FY5346 <br \/><strong>Date de sortie<\/strong> : Mai 2020 <br \/><strong>Colorway<\/strong> : SULFUR\/SULFUR\/SULFUR<\/p>\n","protected":false},"excerpt":{"rendered":"<p>Les sorties des mod\u00e8les de la collection Printemps\/\u00c9t\u00e9  [&hellip;]<\/p>\n","protected":false},"featured_media":22409,"template":"","meta":[],"product_brand":[],"product_cat":[176,43],"product_tag":[],"class_list":{"0":"post-22407","1":"product","2":"type-product","3":"status-publish","4":"has-post-thumbnail","6":"product_cat-sneakers","7":"product_cat-yeezy-350-v2","9":"first","10":"instock","11":"sale","12":"shipping-taxable","13":"purchasable","14":"product-type-variable"},"_links":{"self":[{"href":"https:\/\/yeezy.xianzhi.org\/index.php?rest_route=\/wp\/v2\/product\/22407","targetHints":{"allow":["GET"]}}],"collection":[{"href":"https:\/\/yeezy.xianzhi.org\/index.php?rest_route=\/wp\/v2\/product"}],"about":[{"href":"https:\/\/yeezy.xianzhi.org\/index.php?rest_route=\/wp\/v2\/types\/product"}],"wp:featuredmedia":[{"embeddable":true,"href":"https:\/\/yeezy.xianzhi.org\/index.php?rest_route=\/wp\/v2\/media\/22409"}],"wp:attachment":[{"href":"https:\/\/yeezy.xianzhi.org\/index.php?rest_route=%2Fwp%2Fv2%2Fmedia&parent=22407"}],"wp:term":[{"taxonomy":"product_brand","embeddable":true,"href":"https:\/\/yeezy.xianzhi.org\/index.php?rest_route=%2Fwp%2Fv2%2Fproduct_brand&post=22407"},{"taxonomy":"product_cat","embeddable":true,"href":"https:\/\/yeezy.xianzhi.org\/index.php?rest_route=%2Fwp%2Fv2%2Fproduct_cat&post=22407"},{"taxonomy":"product_tag","embeddable":true,"href":"https:\/\/yeezy.xianzhi.org\/index.php?rest_route=%2Fwp%2Fv2%2Fproduct_tag&post=22407"}],"curies":[{"name":"wp","href":"https:\/\/api.w.org\/{rel}","templated":true}]}}