{"id":22397,"date":"2025-07-15T00:54:57","date_gmt":"2025-07-14T16:54:57","guid":{"rendered":"https:\/\/yeezy.xianzhi.org\/?post_type=product&#038;p=22397"},"modified":"2025-07-15T01:32:31","modified_gmt":"2025-07-14T17:32:31","slug":"yeezy-boost-350-v2-cinder-reflective","status":"publish","type":"product","link":"https:\/\/yeezy.xianzhi.org\/?product=yeezy-boost-350-v2-cinder-reflective","title":{"rendered":"Yeezy Boost 350 V2 Cinder Reflective"},"content":{"rendered":"<p><strong><\/strong><meta charset=\"utf-8\"><b data-stringify-type=\"bold\" data-mce-fragment=\"1\"><\/b>Apr\u00e8s avoir d\u00e9voil\u00e9 une version Non-Reflective. marchant sur les traces de la . la . Kanye West et  imaginent une d\u00e9clinaison r\u00e9fl\u00e9chissante de cette derni\u00e8re avec la <strong>350 V2 Cinder Reflective<\/strong>.<\/p>\n<p>La <strong>Adidas Yeezy Boost 350 V2 Cinder Reflective<\/strong> se pare d&#8217;une base en primeKnit gris anthracite. avec la fameuse bande semi-translucide sur le quarter panel. prenant ainsi un aspect r\u00e9fl\u00e9chissant gr\u00e2ce \u00e0 la technologie 3M Reflective. La gumsole Boost est toujours pr\u00e9sente. et compl\u00e8te le design sign\u00e9 Yeezy.<\/p>\n<p>Les mod\u00e8les 350 V2 connaissent de plus en plus leur version Reflective. rajoutant ainsi une vraie <strong>plus-value<\/strong> \u00e0 la paire et permettant de varier les plaisirs&#8230;<\/p>\n<p><meta charset=\"utf-8\"><strong>SKU<\/strong><span> : FY4176<\/span><br \/><strong>Date de sortie<\/strong><span> : Mars 2020<\/span><br \/><strong>Colorway<\/strong><span> : <\/span><span>CINDER\/CINDER\/CINDER<\/span><\/p>\n","protected":false},"excerpt":{"rendered":"<p>Apr\u00e8s avoir d\u00e9voil\u00e9 une version Non-Reflective. marchan [&hellip;]<\/p>\n","protected":false},"featured_media":22401,"template":"","meta":[],"product_brand":[],"product_cat":[176,43],"product_tag":[],"class_list":{"0":"post-22397","1":"product","2":"type-product","3":"status-publish","4":"has-post-thumbnail","6":"product_cat-sneakers","7":"product_cat-yeezy-350-v2","9":"first","10":"instock","11":"sale","12":"shipping-taxable","13":"purchasable","14":"product-type-variable"},"_links":{"self":[{"href":"https:\/\/yeezy.xianzhi.org\/index.php?rest_route=\/wp\/v2\/product\/22397","targetHints":{"allow":["GET"]}}],"collection":[{"href":"https:\/\/yeezy.xianzhi.org\/index.php?rest_route=\/wp\/v2\/product"}],"about":[{"href":"https:\/\/yeezy.xianzhi.org\/index.php?rest_route=\/wp\/v2\/types\/product"}],"wp:featuredmedia":[{"embeddable":true,"href":"https:\/\/yeezy.xianzhi.org\/index.php?rest_route=\/wp\/v2\/media\/22401"}],"wp:attachment":[{"href":"https:\/\/yeezy.xianzhi.org\/index.php?rest_route=%2Fwp%2Fv2%2Fmedia&parent=22397"}],"wp:term":[{"taxonomy":"product_brand","embeddable":true,"href":"https:\/\/yeezy.xianzhi.org\/index.php?rest_route=%2Fwp%2Fv2%2Fproduct_brand&post=22397"},{"taxonomy":"product_cat","embeddable":true,"href":"https:\/\/yeezy.xianzhi.org\/index.php?rest_route=%2Fwp%2Fv2%2Fproduct_cat&post=22397"},{"taxonomy":"product_tag","embeddable":true,"href":"https:\/\/yeezy.xianzhi.org\/index.php?rest_route=%2Fwp%2Fv2%2Fproduct_tag&post=22397"}],"curies":[{"name":"wp","href":"https:\/\/api.w.org\/{rel}","templated":true}]}}