{"id":22396,"date":"2025-07-15T00:54:57","date_gmt":"2025-07-14T16:54:57","guid":{"rendered":"https:\/\/yeezy.xianzhi.org\/?post_type=product&#038;p=22396"},"modified":"2025-07-15T01:32:31","modified_gmt":"2025-07-14T17:32:31","slug":"adidas-yeezy-boost-350-v2-cinder","status":"publish","type":"product","link":"https:\/\/yeezy.xianzhi.org\/?product=adidas-yeezy-boost-350-v2-cinder","title":{"rendered":"Adidas Yeezy Boost 350 V2 Cinder"},"content":{"rendered":"<p><strong><\/strong><strong>Kanye West<\/strong> continue sur sa lanc\u00e9e avec  ! Ces derniers imaginent ensemble un nouveau coloris de leur mod\u00e8le mis sur le march\u00e9 en septembre 2016 : la . Apr\u00e8s plusieurs it\u00e9rations sorties en 2020 telle que la . on d\u00e9couvre la d\u00e9clinaison <strong>\u00ab Cinder \u00bb<\/strong>.<\/p>\n<p>La <strong>Adidas Yeezy Boost 350 V2 Cinder<\/strong> se pare d&#8217;une base en PrimeKnit <strong>gris anthracite<\/strong>. couleur encore jamais vue sur une 350 V2. La paire conserve les codes de ses comp\u00e8res. avec une bande semi-translucide sur le quarter panel. On note des lacets ronds ton-sur-ton et une outsole jaunie venant ajouter une touche de couleur \u00e0 la semelle en gomme Boost.<\/p>\n<p>L&#8217;artiste originaire de Chicago n&#8217;en finit donc plus de cr\u00e9er de nouvelles d\u00e9clinaisons avec la marque aux trois bandes ! Avec ce coloris in\u00e9dit. la gamme 350 s&#8217;\u00e9largit encore un petit peu plus. pour le grand bonheur des amateurs !<\/p>\n<p><strong>SKU<\/strong> : <span>FY2903<\/span> <br \/><strong>Date de sortie<\/strong> : Mars 2020 <br \/><strong>Colorway<\/strong> : <span>CINDER\/CINDER\/CINDER<\/span><\/p>\n","protected":false},"excerpt":{"rendered":"<p>Kanye West continue sur sa lanc\u00e9e avec ! Ces derniers i [&hellip;]<\/p>\n","protected":false},"featured_media":22398,"template":"","meta":[],"product_brand":[],"product_cat":[176,43],"product_tag":[],"class_list":{"0":"post-22396","1":"product","2":"type-product","3":"status-publish","4":"has-post-thumbnail","6":"product_cat-sneakers","7":"product_cat-yeezy-350-v2","9":"first","10":"instock","11":"sale","12":"shipping-taxable","13":"purchasable","14":"product-type-variable"},"_links":{"self":[{"href":"https:\/\/yeezy.xianzhi.org\/index.php?rest_route=\/wp\/v2\/product\/22396","targetHints":{"allow":["GET"]}}],"collection":[{"href":"https:\/\/yeezy.xianzhi.org\/index.php?rest_route=\/wp\/v2\/product"}],"about":[{"href":"https:\/\/yeezy.xianzhi.org\/index.php?rest_route=\/wp\/v2\/types\/product"}],"wp:featuredmedia":[{"embeddable":true,"href":"https:\/\/yeezy.xianzhi.org\/index.php?rest_route=\/wp\/v2\/media\/22398"}],"wp:attachment":[{"href":"https:\/\/yeezy.xianzhi.org\/index.php?rest_route=%2Fwp%2Fv2%2Fmedia&parent=22396"}],"wp:term":[{"taxonomy":"product_brand","embeddable":true,"href":"https:\/\/yeezy.xianzhi.org\/index.php?rest_route=%2Fwp%2Fv2%2Fproduct_brand&post=22396"},{"taxonomy":"product_cat","embeddable":true,"href":"https:\/\/yeezy.xianzhi.org\/index.php?rest_route=%2Fwp%2Fv2%2Fproduct_cat&post=22396"},{"taxonomy":"product_tag","embeddable":true,"href":"https:\/\/yeezy.xianzhi.org\/index.php?rest_route=%2Fwp%2Fv2%2Fproduct_tag&post=22396"}],"curies":[{"name":"wp","href":"https:\/\/api.w.org\/{rel}","templated":true}]}}