{"id":22385,"date":"2025-07-15T00:54:48","date_gmt":"2025-07-14T16:54:48","guid":{"rendered":"https:\/\/yeezy.xianzhi.org\/?post_type=product&#038;p=22385"},"modified":"2025-07-15T01:32:31","modified_gmt":"2025-07-14T17:32:31","slug":"adidas-yeezy-boost-350-v2-desert-sage","status":"publish","type":"product","link":"https:\/\/yeezy.xianzhi.org\/?product=adidas-yeezy-boost-350-v2-desert-sage","title":{"rendered":"Adidas Yeezy Boost 350 V2 Desert Sage"},"content":{"rendered":"<p><strong><\/strong><meta charset=\"utf-8\"><b data-mce-fragment=\"1\" data-stringify-type=\"bold\"><\/b><strong> Kanye West<\/strong> et  mettent leur talent de cr\u00e9ation en action. apr\u00e8s une collection <strong>Region Exclusive<\/strong> ayant connue un grand succ\u00e8s. pour imaginer la toute nouvelle  : la <strong>Yeezy 350 V2 Desert Sage<\/strong>.<\/p>\n<p>La <strong>Adidas Yeezy Boost 350 V2 Desert Sage<\/strong> pr\u00e9sente une base verte sauge en PrimeKnit. relev\u00e9e par une bande grise r\u00e9fl\u00e9chissante au niveau du quarter panel. En plus d&#8217;une doublure orange au niveau de l&#8217;int\u00e9rieur de la paire. on d\u00e9couvre des lacets ronds verts accord\u00e9s \u00e0 la semelle Boost.<\/p>\n<p>M. West et la marque aux trois bandes continuent d&#8217;agrandir la famille Yeezy avec des mod\u00e8les iconiques comme le 350 V2. mais \u00e9galement par l&#8217;arriv\u00e9e de nouvelles it\u00e9rations de .<\/p>\n<p><strong>SKU<\/strong> : FX9035 <br \/><strong>Date de sortie<\/strong> : Mars 2020 <br \/><strong>Colorway<\/strong> : DESERT SAGE<\/p>\n","protected":false},"excerpt":{"rendered":"<p>Kanye West et mettent leur talent de cr\u00e9ation en action [&hellip;]<\/p>\n","protected":false},"featured_media":22391,"template":"","meta":[],"product_brand":[],"product_cat":[176,43],"product_tag":[],"class_list":{"0":"post-22385","1":"product","2":"type-product","3":"status-publish","4":"has-post-thumbnail","6":"product_cat-sneakers","7":"product_cat-yeezy-350-v2","9":"first","10":"instock","11":"sale","12":"shipping-taxable","13":"purchasable","14":"product-type-variable"},"_links":{"self":[{"href":"https:\/\/yeezy.xianzhi.org\/index.php?rest_route=\/wp\/v2\/product\/22385","targetHints":{"allow":["GET"]}}],"collection":[{"href":"https:\/\/yeezy.xianzhi.org\/index.php?rest_route=\/wp\/v2\/product"}],"about":[{"href":"https:\/\/yeezy.xianzhi.org\/index.php?rest_route=\/wp\/v2\/types\/product"}],"wp:featuredmedia":[{"embeddable":true,"href":"https:\/\/yeezy.xianzhi.org\/index.php?rest_route=\/wp\/v2\/media\/22391"}],"wp:attachment":[{"href":"https:\/\/yeezy.xianzhi.org\/index.php?rest_route=%2Fwp%2Fv2%2Fmedia&parent=22385"}],"wp:term":[{"taxonomy":"product_brand","embeddable":true,"href":"https:\/\/yeezy.xianzhi.org\/index.php?rest_route=%2Fwp%2Fv2%2Fproduct_brand&post=22385"},{"taxonomy":"product_cat","embeddable":true,"href":"https:\/\/yeezy.xianzhi.org\/index.php?rest_route=%2Fwp%2Fv2%2Fproduct_cat&post=22385"},{"taxonomy":"product_tag","embeddable":true,"href":"https:\/\/yeezy.xianzhi.org\/index.php?rest_route=%2Fwp%2Fv2%2Fproduct_tag&post=22385"}],"curies":[{"name":"wp","href":"https:\/\/api.w.org\/{rel}","templated":true}]}}