{"id":22384,"date":"2025-07-15T00:54:47","date_gmt":"2025-07-14T16:54:47","guid":{"rendered":"https:\/\/yeezy.xianzhi.org\/?post_type=product&#038;p=22384"},"modified":"2025-07-15T01:32:31","modified_gmt":"2025-07-14T17:32:31","slug":"adidas-yeezy-boost-350-v2-earth","status":"publish","type":"product","link":"https:\/\/yeezy.xianzhi.org\/?product=adidas-yeezy-boost-350-v2-earth","title":{"rendered":"Adidas Yeezy Boost 350 V2 Earth"},"content":{"rendered":"<p><meta charset=\"utf-8\"><b data-stringify-type=\"bold\" data-mce-fragment=\"1\"><\/b><strong>Kanye West<\/strong> et <strong>Adidas<\/strong> ont bien marqu\u00e9 leur retour avec la sortie d&#8217;une collection r\u00e9gionale de <strong><span style=\"text-decoration: underline;\">.<\/span><\/strong> comprenant 4 mod\u00e8les exclusifs \u00e0 une r\u00e9gion du monde. La <strong>Yeezy Boost 350 V2 Earth<\/strong> est le mod\u00e8le destin\u00e9 aux Etats-Unis.<\/p>\n<p>La<strong> Yeezy Boost 350 V2 Earth<\/strong> se pare d&#8217;une base en tissu PrimeKnit marron. accord\u00e9e avec la semelle \u00e9quip\u00e9e de la technologie Boost. On retrouve la bande semi-translucide propre aux \u00e9ditions 350 V2. ainsi qu&#8217;une outsole en gomme. aussi appel\u00e9e \u00ab gumsole \u00bb.<\/p>\n<p>Avec les coloris  et . la 350 V2 Earth compl\u00e8te la collection Region Exclusive imagin\u00e9e par Mr. West et la marque aux trois bandes. pr\u00e9vue en quantit\u00e9s limit\u00e9es\u2026 mais disponible sur Addict Sneakers !<\/p>\n<p><strong>SKU<\/strong> : FX9033 <br \/><strong>Date de sortie<\/strong> : F\u00e9vrier 2020 <br \/><strong>Colorway<\/strong> : EARTH\/EARTH\/EARTH<\/p>\n","protected":false},"excerpt":{"rendered":"<p>Kanye West et Adidas ont bien marqu\u00e9 leur retour avec l [&hellip;]<\/p>\n","protected":false},"featured_media":22387,"template":"","meta":[],"product_brand":[],"product_cat":[176,43],"product_tag":[],"class_list":{"0":"post-22384","1":"product","2":"type-product","3":"status-publish","4":"has-post-thumbnail","6":"product_cat-sneakers","7":"product_cat-yeezy-350-v2","9":"first","10":"instock","11":"sale","12":"shipping-taxable","13":"purchasable","14":"product-type-variable"},"_links":{"self":[{"href":"https:\/\/yeezy.xianzhi.org\/index.php?rest_route=\/wp\/v2\/product\/22384","targetHints":{"allow":["GET"]}}],"collection":[{"href":"https:\/\/yeezy.xianzhi.org\/index.php?rest_route=\/wp\/v2\/product"}],"about":[{"href":"https:\/\/yeezy.xianzhi.org\/index.php?rest_route=\/wp\/v2\/types\/product"}],"wp:featuredmedia":[{"embeddable":true,"href":"https:\/\/yeezy.xianzhi.org\/index.php?rest_route=\/wp\/v2\/media\/22387"}],"wp:attachment":[{"href":"https:\/\/yeezy.xianzhi.org\/index.php?rest_route=%2Fwp%2Fv2%2Fmedia&parent=22384"}],"wp:term":[{"taxonomy":"product_brand","embeddable":true,"href":"https:\/\/yeezy.xianzhi.org\/index.php?rest_route=%2Fwp%2Fv2%2Fproduct_brand&post=22384"},{"taxonomy":"product_cat","embeddable":true,"href":"https:\/\/yeezy.xianzhi.org\/index.php?rest_route=%2Fwp%2Fv2%2Fproduct_cat&post=22384"},{"taxonomy":"product_tag","embeddable":true,"href":"https:\/\/yeezy.xianzhi.org\/index.php?rest_route=%2Fwp%2Fv2%2Fproduct_tag&post=22384"}],"curies":[{"name":"wp","href":"https:\/\/api.w.org\/{rel}","templated":true}]}}