{"id":22383,"date":"2025-07-15T00:54:46","date_gmt":"2025-07-14T16:54:46","guid":{"rendered":"https:\/\/yeezy.xianzhi.org\/?product=adidas-yeezy-boost-350-v2-flax"},"modified":"2025-07-15T01:32:32","modified_gmt":"2025-07-14T17:32:32","slug":"adidas-yeezy-boost-350-v2-flax","status":"publish","type":"product","link":"https:\/\/yeezy.xianzhi.org\/?product=adidas-yeezy-boost-350-v2-flax","title":{"rendered":"Adidas Yeezy Boost 350 V2 Flax"},"content":{"rendered":"<p><strong><\/strong><meta charset=\"utf-8\"><b data-stringify-type=\"bold\" data-mce-fragment=\"1\"><\/b><strong>Adidas<\/strong> et <strong>Kanye<\/strong> <strong>West<\/strong> multiplient les colorways. et notamment du c\u00f4t\u00e9 de leur mod\u00e8le phare : la . En effet. on retrouve dans ces nouvelles annonces 8 d\u00e9clinaisons pr\u00e9vues en 2020. Parmi elles. la Yeezy 350 V2 Flax. destin\u00e9e exclusivement au <strong>continent asiatique<\/strong>.<\/p>\n<p>La <strong>Yeezy Boost 350 V2 Flax<\/strong> comprend une base en <strong>PrimeKnit<\/strong> beige clair. s&#8217;accordant aux lacets qui sont de la m\u00eame couleur. La paire poss\u00e8de sa fameuse bande semi-translucide. fid\u00e8le \u00e0 la <strong>350 V2<\/strong>. Du c\u00f4t\u00e9 de la semelle. elle n&#8217;est pas jaune contrairement aux nombreuses sorties r\u00e9centes. mais Adidas opte pour du <strong>gris translucide<\/strong>. ce qui vient se combiner \u00e0 la bande de la m\u00eame texture.<\/p>\n<p>Cette nouvelle Yeezy se place parmi une \u00e9tendue de coloris qu&#8217;Adidas et Mr. West vont proposer afin de correspondre aux go\u00fbts de tous leurs sneakersaddicts !<\/p>\n<p><strong>SKU<\/strong> : <span>FX9028<\/span> <br \/><strong>Date de sortie<\/strong> : F\u00e9vrier 2020 <br \/><strong>Colorway<\/strong> : FLAX<\/p>\n","protected":false},"excerpt":{"rendered":"<p>Adidas et Kanye West multiplient les colorways. et nota [&hellip;]<\/p>\n","protected":false},"featured_media":22382,"template":"","meta":[],"product_brand":[],"product_cat":[176,43],"product_tag":[],"class_list":{"0":"post-22383","1":"product","2":"type-product","3":"status-publish","4":"has-post-thumbnail","6":"product_cat-sneakers","7":"product_cat-yeezy-350-v2","9":"first","10":"instock","11":"sale","12":"shipping-taxable","13":"purchasable","14":"product-type-variable"},"_links":{"self":[{"href":"https:\/\/yeezy.xianzhi.org\/index.php?rest_route=\/wp\/v2\/product\/22383","targetHints":{"allow":["GET"]}}],"collection":[{"href":"https:\/\/yeezy.xianzhi.org\/index.php?rest_route=\/wp\/v2\/product"}],"about":[{"href":"https:\/\/yeezy.xianzhi.org\/index.php?rest_route=\/wp\/v2\/types\/product"}],"wp:featuredmedia":[{"embeddable":true,"href":"https:\/\/yeezy.xianzhi.org\/index.php?rest_route=\/wp\/v2\/media\/22382"}],"wp:attachment":[{"href":"https:\/\/yeezy.xianzhi.org\/index.php?rest_route=%2Fwp%2Fv2%2Fmedia&parent=22383"}],"wp:term":[{"taxonomy":"product_brand","embeddable":true,"href":"https:\/\/yeezy.xianzhi.org\/index.php?rest_route=%2Fwp%2Fv2%2Fproduct_brand&post=22383"},{"taxonomy":"product_cat","embeddable":true,"href":"https:\/\/yeezy.xianzhi.org\/index.php?rest_route=%2Fwp%2Fv2%2Fproduct_cat&post=22383"},{"taxonomy":"product_tag","embeddable":true,"href":"https:\/\/yeezy.xianzhi.org\/index.php?rest_route=%2Fwp%2Fv2%2Fproduct_tag&post=22383"}],"curies":[{"name":"wp","href":"https:\/\/api.w.org\/{rel}","templated":true}]}}