{"id":22376,"date":"2025-07-15T00:54:40","date_gmt":"2025-07-14T16:54:40","guid":{"rendered":"https:\/\/yeezy.xianzhi.org\/?post_type=product&#038;p=22376"},"modified":"2025-07-15T01:32:32","modified_gmt":"2025-07-14T17:32:32","slug":"adidas-yeezy-boost-350-v2-tail-light","status":"publish","type":"product","link":"https:\/\/yeezy.xianzhi.org\/?product=adidas-yeezy-boost-350-v2-tail-light","title":{"rendered":"Adidas Yeezy Boost 350 V2 Tail Light"},"content":{"rendered":"<p><strong><\/strong><meta charset=\"utf-8\"><b data-stringify-type=\"bold\" data-mce-fragment=\"1\"><\/b>Inspir\u00e9e de la . la <strong>350 V2 Tail Light<\/strong> est le r\u00e9sultat de la derni\u00e8re collaboration entre Kanye West et Adidas. dans une collection Region Exclusive.<\/p>\n<p>Cette <strong>Yeezy Boost 350 V2 Tail Light<\/strong> arbore une base en PrimeKnit grise. en accord avec les lacets ronds. On retrouve un heeltab orange qui vient donner une touche de couleur \u00e0 la paire. La bande translucide ne manque pas \u00e0 l&#8217;appel. Pour couronner le tout. on note une semelle semi-translucide en technologie Boost. tr\u00e8s connue parmi la gamme Yeezy.<\/p>\n<p>Ce colorway Tail Light vient donc s&#8217;ajouter \u00e0 la collection d\u00e9j\u00e0 compos\u00e9e de la Flax et la Hearth. Petite particularit\u00e9 puisqu&#8217;elle est disponible uniquement en Europe\u2026 et comme toujours chez Addict Sneakers !<\/p>\n<p><strong>SKU<\/strong> : FX9017 <br \/><strong>Date de sortie<\/strong> : F\u00e9vrier 2020 <br \/><strong>Colorway<\/strong> : TAIL LIGHT \/ TAIL LIGHT &#8211; TAIL LIGHT<\/p>\n","protected":false},"excerpt":{"rendered":"<p>Inspir\u00e9e de la . la 350 V2 Tail Light est le r\u00e9sultat d [&hellip;]<\/p>\n","protected":false},"featured_media":22377,"template":"","meta":[],"product_brand":[],"product_cat":[176,43],"product_tag":[],"class_list":{"0":"post-22376","1":"product","2":"type-product","3":"status-publish","4":"has-post-thumbnail","6":"product_cat-sneakers","7":"product_cat-yeezy-350-v2","9":"first","10":"instock","11":"sale","12":"shipping-taxable","13":"purchasable","14":"product-type-variable"},"_links":{"self":[{"href":"https:\/\/yeezy.xianzhi.org\/index.php?rest_route=\/wp\/v2\/product\/22376","targetHints":{"allow":["GET"]}}],"collection":[{"href":"https:\/\/yeezy.xianzhi.org\/index.php?rest_route=\/wp\/v2\/product"}],"about":[{"href":"https:\/\/yeezy.xianzhi.org\/index.php?rest_route=\/wp\/v2\/types\/product"}],"wp:featuredmedia":[{"embeddable":true,"href":"https:\/\/yeezy.xianzhi.org\/index.php?rest_route=\/wp\/v2\/media\/22377"}],"wp:attachment":[{"href":"https:\/\/yeezy.xianzhi.org\/index.php?rest_route=%2Fwp%2Fv2%2Fmedia&parent=22376"}],"wp:term":[{"taxonomy":"product_brand","embeddable":true,"href":"https:\/\/yeezy.xianzhi.org\/index.php?rest_route=%2Fwp%2Fv2%2Fproduct_brand&post=22376"},{"taxonomy":"product_cat","embeddable":true,"href":"https:\/\/yeezy.xianzhi.org\/index.php?rest_route=%2Fwp%2Fv2%2Fproduct_cat&post=22376"},{"taxonomy":"product_tag","embeddable":true,"href":"https:\/\/yeezy.xianzhi.org\/index.php?rest_route=%2Fwp%2Fv2%2Fproduct_tag&post=22376"}],"curies":[{"name":"wp","href":"https:\/\/api.w.org\/{rel}","templated":true}]}}