{"id":22357,"date":"2025-07-15T00:54:22","date_gmt":"2025-07-14T16:54:22","guid":{"rendered":"https:\/\/yeezy.xianzhi.org\/?post_type=product&#038;p=22357"},"modified":"2025-07-15T01:32:32","modified_gmt":"2025-07-14T17:32:32","slug":"adidas-yeezy-boost-350-v2-yecheil","status":"publish","type":"product","link":"https:\/\/yeezy.xianzhi.org\/?product=adidas-yeezy-boost-350-v2-yecheil","title":{"rendered":"Adidas Yeezy Boost 350 V2 Yecheil"},"content":{"rendered":"<p><strong><\/strong><meta charset=\"utf-8\"><b data-stringify-type=\"bold\" data-mce-fragment=\"1\"><\/b>R\u00e9v\u00e9l\u00e9e en 2015. la collection . imagin\u00e9e par le rappeur Kanye West. ne cesse de faire peau neuve. C&#8217;est d&#8217;autant plus le cas pour la  dont les nouveaux coloris prolif\u00e8rent. <\/p>\n<p> Pour ce nouveau colorway <strong>Yecheil<\/strong>. Yeezy fait preuve d&#8217;audace et opte pour l&#8217;originalit\u00e9. La rupture est frappante en comparaison aux palettes habituellement utilis\u00e9es. En effet. les teintes naturelles et assez neutres des Yeezy ont \u00e9t\u00e9 remplac\u00e9es par un m\u00e9lange de <strong>couleurs vives<\/strong>. L&#8217;empeigne en Primeknit est multicolore. Le tissage noir de base laisse appara\u00eetre plusieurs fils de couleurs diff\u00e9rentes : bordeaux. rouge. violet. jaune. rose. vert. bleu. Les couleurs sont lin\u00e9airement r\u00e9parties sur la chaussure en laissant sa place habituelle au branding. Pour chaque couleur. le tissage est diff\u00e9rent. ce qui donne un effet d&#8217;imprim\u00e9 et d&#8217;asym\u00e9trie tr\u00e8s efficace. \u00c9l\u00e9ment incontournable. la technologie Boost est utilis\u00e9e pour la semelle noire. Et parce que chaque d\u00e9tail compte. les lacets ronds reprennent aussi le code couleur de la paire.<\/p>\n<p>Ce relooking innovant. disponible en Reflective et Non-Reflective apportera de la couleur dans les collections des fans de la marque.<\/p>\n<p><strong>SKU<\/strong> : FW5190 <br \/><strong>Date de sorti<\/strong>e : D\u00e9cembre 2019 <br \/><strong>Colorway<\/strong> : YECHEIL\/YECHEIL-YECHEIL<\/p>\n","protected":false},"excerpt":{"rendered":"<p>R\u00e9v\u00e9l\u00e9e en 2015. la collection . imagin\u00e9e par le rappeu [&hellip;]<\/p>\n","protected":false},"featured_media":22358,"template":"","meta":[],"product_brand":[],"product_cat":[176,43],"product_tag":[],"class_list":{"0":"post-22357","1":"product","2":"type-product","3":"status-publish","4":"has-post-thumbnail","6":"product_cat-sneakers","7":"product_cat-yeezy-350-v2","9":"first","10":"instock","11":"sale","12":"shipping-taxable","13":"purchasable","14":"product-type-variable"},"_links":{"self":[{"href":"https:\/\/yeezy.xianzhi.org\/index.php?rest_route=\/wp\/v2\/product\/22357","targetHints":{"allow":["GET"]}}],"collection":[{"href":"https:\/\/yeezy.xianzhi.org\/index.php?rest_route=\/wp\/v2\/product"}],"about":[{"href":"https:\/\/yeezy.xianzhi.org\/index.php?rest_route=\/wp\/v2\/types\/product"}],"wp:featuredmedia":[{"embeddable":true,"href":"https:\/\/yeezy.xianzhi.org\/index.php?rest_route=\/wp\/v2\/media\/22358"}],"wp:attachment":[{"href":"https:\/\/yeezy.xianzhi.org\/index.php?rest_route=%2Fwp%2Fv2%2Fmedia&parent=22357"}],"wp:term":[{"taxonomy":"product_brand","embeddable":true,"href":"https:\/\/yeezy.xianzhi.org\/index.php?rest_route=%2Fwp%2Fv2%2Fproduct_brand&post=22357"},{"taxonomy":"product_cat","embeddable":true,"href":"https:\/\/yeezy.xianzhi.org\/index.php?rest_route=%2Fwp%2Fv2%2Fproduct_cat&post=22357"},{"taxonomy":"product_tag","embeddable":true,"href":"https:\/\/yeezy.xianzhi.org\/index.php?rest_route=%2Fwp%2Fv2%2Fproduct_tag&post=22357"}],"curies":[{"name":"wp","href":"https:\/\/api.w.org\/{rel}","templated":true}]}}