{"id":22345,"date":"2025-07-15T00:54:11","date_gmt":"2025-07-14T16:54:11","guid":{"rendered":"https:\/\/yeezy.xianzhi.org\/?post_type=product&#038;p=22345"},"modified":"2025-07-15T01:32:32","modified_gmt":"2025-07-14T17:32:32","slug":"adidas-yeezy-boost-350-v2-yeezreel","status":"publish","type":"product","link":"https:\/\/yeezy.xianzhi.org\/?product=adidas-yeezy-boost-350-v2-yeezreel","title":{"rendered":"Adidas Yeezy Boost 350 V2 Yeezreel"},"content":{"rendered":"<p><strong><\/strong><meta charset=\"utf-8\"><b data-stringify-type=\"bold\" data-mce-fragment=\"1\"><\/b>Apr\u00e8s plusieurs \u00e9ditions monochromes aux tons similaires. la  prend une toute nouvelle direction et s&#8217;habille de couleurs n\u00e9ons. <\/p>\n<p> Similaire \u00e0 la . le coloris <strong>Yeezreel<\/strong> pr\u00e9sente n\u00e9anmoins quelques \u00e9l\u00e9ments de diff\u00e9renciation. L&#8217;empeigne Primeknit et la bande lat\u00e9rale translucide sont coup\u00e9s par une bonne dose de motifs lin\u00e9aires noir et gris qui accentuent la texture tiss\u00e9e. Ces d\u00e9tails fonc\u00e9s rendent la paire plus adapt\u00e9e \u00e0 l&#8217;automne-hiver. La semelle <strong>glow-in-the-dark<\/strong> en technologie Boost ainsi que les lacets ronds du m\u00eame coloris compl\u00e8tent le look. La version r\u00e9fl\u00e9chissante est identique. \u00e0 l&#8217;exception du fil d&#8217;argent entrelac\u00e9 qui s&#8217;\u00e9claire sous un flash lumineux. <\/p>\n<p> Yeezy ne fait pas dans l&#8217;originalit\u00e9 avec ce nouveau colorway mais offre une paire tr\u00e8s travaill\u00e9e aux allures futuristes qui saura s&#8217;adapter aux outfits les plus originaux des sneakerheads.<\/p>\n<p><strong>SKU<\/strong> : <span>FW5191<\/span><br \/><strong>Date de sortie<\/strong> : D\u00e9cembre 2019 <br \/><strong>Colorway<\/strong> : YEEZREEL<\/p>\n","protected":false},"excerpt":{"rendered":"<p>Apr\u00e8s plusieurs \u00e9ditions monochromes aux tons similaire [&hellip;]<\/p>\n","protected":false},"featured_media":22352,"template":"","meta":[],"product_brand":[],"product_cat":[176,43],"product_tag":[],"class_list":{"0":"post-22345","1":"product","2":"type-product","3":"status-publish","4":"has-post-thumbnail","6":"product_cat-sneakers","7":"product_cat-yeezy-350-v2","9":"first","10":"instock","11":"sale","12":"shipping-taxable","13":"purchasable","14":"product-type-variable"},"_links":{"self":[{"href":"https:\/\/yeezy.xianzhi.org\/index.php?rest_route=\/wp\/v2\/product\/22345","targetHints":{"allow":["GET"]}}],"collection":[{"href":"https:\/\/yeezy.xianzhi.org\/index.php?rest_route=\/wp\/v2\/product"}],"about":[{"href":"https:\/\/yeezy.xianzhi.org\/index.php?rest_route=\/wp\/v2\/types\/product"}],"wp:featuredmedia":[{"embeddable":true,"href":"https:\/\/yeezy.xianzhi.org\/index.php?rest_route=\/wp\/v2\/media\/22352"}],"wp:attachment":[{"href":"https:\/\/yeezy.xianzhi.org\/index.php?rest_route=%2Fwp%2Fv2%2Fmedia&parent=22345"}],"wp:term":[{"taxonomy":"product_brand","embeddable":true,"href":"https:\/\/yeezy.xianzhi.org\/index.php?rest_route=%2Fwp%2Fv2%2Fproduct_brand&post=22345"},{"taxonomy":"product_cat","embeddable":true,"href":"https:\/\/yeezy.xianzhi.org\/index.php?rest_route=%2Fwp%2Fv2%2Fproduct_cat&post=22345"},{"taxonomy":"product_tag","embeddable":true,"href":"https:\/\/yeezy.xianzhi.org\/index.php?rest_route=%2Fwp%2Fv2%2Fproduct_tag&post=22345"}],"curies":[{"name":"wp","href":"https:\/\/api.w.org\/{rel}","templated":true}]}}