{"id":22344,"date":"2025-07-15T00:54:11","date_gmt":"2025-07-14T16:54:11","guid":{"rendered":"https:\/\/yeezy.xianzhi.org\/?post_type=product&#038;p=22344"},"modified":"2025-07-15T01:32:32","modified_gmt":"2025-07-14T17:32:32","slug":"adidas-yeezy-boost-350-v2-citrin-reflective","status":"publish","type":"product","link":"https:\/\/yeezy.xianzhi.org\/?product=adidas-yeezy-boost-350-v2-citrin-reflective","title":{"rendered":"Adidas Yeezy Boost 350 V2 Citrin Reflective"},"content":{"rendered":"<p><strong><\/strong><meta charset=\"utf-8\"><b data-stringify-type=\"bold\" data-mce-fragment=\"1\"><\/b>La Yeezy 350 Boost V2. silhouette populaire de Kanye West et Adidas. s&#8217;offre un coloris r\u00e9flectif in\u00e9dit. Comme ses pr\u00e9d\u00e9cesseurs. cette nouvelle Yeezy a le droit \u00e0 une version Reflective et Non-Reflective. Appel\u00e9 Citrin. le design de cette nouvelle V2 n&#8217;est pas sans rappeler celui de la .<\/p>\n<p>Cette<strong> Yeezy Boost 350 V2 Citrin<\/strong> s&#8217;affiche avec une empeigne \u00ab Reflective \u00bb. La base de la paire adopte des tons jaunes et gris pales. Son Primeknit a la particularit\u00e9 d&#8217;\u00eatre agr\u00e9ment\u00e9 d&#8217;une finition r\u00e9fl\u00e9chissante permettant \u00e0 la paire de s&#8217;illuminer dans le noir. La semelle Boost. propre \u00e0 cette silhouette maintenant classique. vient mettre un point final \u00e0 l&#8217;architecture de la paire. Son outsole Gum parach\u00e8ve le look unique de cette Yeezy en apportant une touche vintage.<\/p>\n<p>Une nouvelle version du mod\u00e8le pl\u00e9biscit\u00e9 de Kanye West qui sort en parall\u00e8le d&#8217;une autre \u00e9dition in\u00e9dite nomm\u00e9e <strong>Cloud White<\/strong>. Un plaisir pour les sneakers addicts !<\/p>\n<p><strong>SKU :<\/strong> <span> FW5318 <\/span><br \/><strong>Date de sortie :<\/strong> Septembre 2019 <br \/><strong>Colorway :<\/strong> CITRIN\/CITRIN<\/p>\n","protected":false},"excerpt":{"rendered":"<p>La Yeezy 350 Boost V2. silhouette populaire de Kanye We [&hellip;]<\/p>\n","protected":false},"featured_media":22346,"template":"","meta":[],"product_brand":[],"product_cat":[176,43],"product_tag":[],"class_list":{"0":"post-22344","1":"product","2":"type-product","3":"status-publish","4":"has-post-thumbnail","6":"product_cat-sneakers","7":"product_cat-yeezy-350-v2","9":"first","10":"instock","11":"sale","12":"shipping-taxable","13":"purchasable","14":"product-type-variable"},"_links":{"self":[{"href":"https:\/\/yeezy.xianzhi.org\/index.php?rest_route=\/wp\/v2\/product\/22344","targetHints":{"allow":["GET"]}}],"collection":[{"href":"https:\/\/yeezy.xianzhi.org\/index.php?rest_route=\/wp\/v2\/product"}],"about":[{"href":"https:\/\/yeezy.xianzhi.org\/index.php?rest_route=\/wp\/v2\/types\/product"}],"wp:featuredmedia":[{"embeddable":true,"href":"https:\/\/yeezy.xianzhi.org\/index.php?rest_route=\/wp\/v2\/media\/22346"}],"wp:attachment":[{"href":"https:\/\/yeezy.xianzhi.org\/index.php?rest_route=%2Fwp%2Fv2%2Fmedia&parent=22344"}],"wp:term":[{"taxonomy":"product_brand","embeddable":true,"href":"https:\/\/yeezy.xianzhi.org\/index.php?rest_route=%2Fwp%2Fv2%2Fproduct_brand&post=22344"},{"taxonomy":"product_cat","embeddable":true,"href":"https:\/\/yeezy.xianzhi.org\/index.php?rest_route=%2Fwp%2Fv2%2Fproduct_cat&post=22344"},{"taxonomy":"product_tag","embeddable":true,"href":"https:\/\/yeezy.xianzhi.org\/index.php?rest_route=%2Fwp%2Fv2%2Fproduct_tag&post=22344"}],"curies":[{"name":"wp","href":"https:\/\/api.w.org\/{rel}","templated":true}]}}